{"id":530,"date":"2024-10-29T10:39:50","date_gmt":"2024-10-29T13:39:50","guid":{"rendered":"https:\/\/sites.uel.br\/petef\/?page_id=530"},"modified":"2024-10-29T10:39:50","modified_gmt":"2024-10-29T13:39:50","slug":"ps-2024-3","status":"publish","type":"page","link":"https:\/\/sites.uel.br\/petef\/ps-2024-3\/","title":{"rendered":"PS 2024.3"},"content":{"rendered":"\n<p>EDITAL:<\/p>\n\n\n\n<p><a href=\"https:\/\/docs.google.com\/document\/d\/1W3T7ZW3Ec7FSktdox3754HbGnQ8zNR0H\/edit?usp=sharing&amp;ouid=103297117345163891073&amp;rtpof=true&amp;sd=true\">https:\/\/docs.google.com\/document\/d\/1W3T7ZW3Ec7FSktdox3754HbGnQ8zNR0H\/edit?usp=sharing&amp;ouid=103297117345163891073&amp;rtpof=true&amp;sd=true<\/a><\/p>\n\n\n\n<p>FORMUL\u00c1RIO DE INSCRI\u00c7\u00c3O: <\/p>\n\n\n\n<p><a href=\"https:\/\/forms.gle\/85aAuN7VRYQug7yv6\">https:\/\/forms.gle\/85aAuN7VRYQug7yv6<\/a><\/p>\n","protected":false},"excerpt":{"rendered":"<p>EDITAL: https:\/\/docs.google.com\/document\/d\/1W3T7ZW3Ec7FSktdox3754HbGnQ8zNR0H\/edit?usp=sharing&amp;ouid=103297117345163891073&amp;rtpof=true&amp;sd=true FORMUL\u00c1RIO DE INSCRI\u00c7\u00c3O: https:\/\/forms.gle\/85aAuN7VRYQug7yv6<\/p>\n","protected":false},"author":8,"featured_media":0,"parent":0,"menu_order":0,"comment_status":"closed","ping_status":"closed","template":"","meta":{"footnotes":""},"class_list":["post-530","page","type-page","status-publish","hentry"],"acf":[],"_links":{"self":[{"href":"https:\/\/sites.uel.br\/petef\/wp-json\/wp\/v2\/pages\/530","targetHints":{"allow":["GET"]}}],"collection":[{"href":"https:\/\/sites.uel.br\/petef\/wp-json\/wp\/v2\/pages"}],"about":[{"href":"https:\/\/sites.uel.br\/petef\/wp-json\/wp\/v2\/types\/page"}],"author":[{"embeddable":true,"href":"https:\/\/sites.uel.br\/petef\/wp-json\/wp\/v2\/users\/8"}],"replies":[{"embeddable":true,"href":"https:\/\/sites.uel.br\/petef\/wp-json\/wp\/v2\/comments?post=530"}],"version-history":[{"count":1,"href":"https:\/\/sites.uel.br\/petef\/wp-json\/wp\/v2\/pages\/530\/revisions"}],"predecessor-version":[{"id":531,"href":"https:\/\/sites.uel.br\/petef\/wp-json\/wp\/v2\/pages\/530\/revisions\/531"}],"wp:attachment":[{"href":"https:\/\/sites.uel.br\/petef\/wp-json\/wp\/v2\/media?parent=530"}],"curies":[{"name":"wp","href":"https:\/\/api.w.org\/{rel}","templated":true}]}}