{"id":465,"date":"2024-10-01T00:27:18","date_gmt":"2024-10-01T03:27:18","guid":{"rendered":"https:\/\/sites.uel.br\/petef\/?page_id=465"},"modified":"2024-10-23T13:08:10","modified_gmt":"2024-10-23T16:08:10","slug":"465-2","status":"publish","type":"page","link":"https:\/\/sites.uel.br\/petef\/465-2\/","title":{"rendered":"PETcast &#8211; Spotify"},"content":{"rendered":"\n<figure class=\"wp-block-embed is-type-rich is-provider-spotify wp-block-embed-spotify wp-embed-aspect-21-9 wp-has-aspect-ratio\"><div class=\"wp-block-embed__wrapper\">\n<iframe title=\"Spotify Embed: 1T1EP: Boas-vindas ao PETCast Educa\u00e7\u00e3o F\u00edsica - UEL\" style=\"border-radius: 12px\" width=\"100%\" height=\"152\" frameborder=\"0\" allowfullscreen allow=\"autoplay; clipboard-write; encrypted-media; fullscreen; picture-in-picture\" loading=\"lazy\" src=\"https:\/\/open.spotify.com\/embed\/episode\/4SDC4MLj9fUMO9ydMNpaiH?utm_source=oembed\"><\/iframe>\n<\/div><\/figure>\n","protected":false},"excerpt":{"rendered":"","protected":false},"author":8,"featured_media":0,"parent":0,"menu_order":0,"comment_status":"closed","ping_status":"closed","template":"","meta":{"footnotes":""},"class_list":["post-465","page","type-page","status-publish","hentry"],"acf":[],"_links":{"self":[{"href":"https:\/\/sites.uel.br\/petef\/wp-json\/wp\/v2\/pages\/465","targetHints":{"allow":["GET"]}}],"collection":[{"href":"https:\/\/sites.uel.br\/petef\/wp-json\/wp\/v2\/pages"}],"about":[{"href":"https:\/\/sites.uel.br\/petef\/wp-json\/wp\/v2\/types\/page"}],"author":[{"embeddable":true,"href":"https:\/\/sites.uel.br\/petef\/wp-json\/wp\/v2\/users\/8"}],"replies":[{"embeddable":true,"href":"https:\/\/sites.uel.br\/petef\/wp-json\/wp\/v2\/comments?post=465"}],"version-history":[{"count":5,"href":"https:\/\/sites.uel.br\/petef\/wp-json\/wp\/v2\/pages\/465\/revisions"}],"predecessor-version":[{"id":523,"href":"https:\/\/sites.uel.br\/petef\/wp-json\/wp\/v2\/pages\/465\/revisions\/523"}],"wp:attachment":[{"href":"https:\/\/sites.uel.br\/petef\/wp-json\/wp\/v2\/media?parent=465"}],"curies":[{"name":"wp","href":"https:\/\/api.w.org\/{rel}","templated":true}]}}