{"id":456,"date":"2024-10-01T00:14:51","date_gmt":"2024-10-01T03:14:51","guid":{"rendered":"https:\/\/sites.uel.br\/petef\/?page_id=456"},"modified":"2024-10-01T00:34:10","modified_gmt":"2024-10-01T03:34:10","slug":"petcast-educacao-fisica-uel","status":"publish","type":"page","link":"https:\/\/sites.uel.br\/petef\/petcast-educacao-fisica-uel\/","title":{"rendered":"PETcast Educa\u00e7\u00e3o F\u00edsica &#8211; UEL"},"content":{"rendered":"\n<div class=\"wp-block-columns is-layout-flex wp-container-core-columns-is-layout-9d6595d7 wp-block-columns-is-layout-flex\">\n<div class=\"wp-block-column is-layout-flow wp-block-column-is-layout-flow\">\n<figure class=\"wp-block-image size-full\"><a href=\"https:\/\/sites.uel.br\/petef\/465-2\/\"><img loading=\"lazy\" decoding=\"async\" width=\"1004\" height=\"591\" src=\"https:\/\/sites.uel.br\/petef\/wp-content\/uploads\/2024\/10\/PET-CHAMADAS-FOTOS-SPOTIFY.png\" alt=\"\" class=\"wp-image-457\" srcset=\"https:\/\/sites.uel.br\/petef\/wp-content\/uploads\/2024\/10\/PET-CHAMADAS-FOTOS-SPOTIFY.png 1004w, https:\/\/sites.uel.br\/petef\/wp-content\/uploads\/2024\/10\/PET-CHAMADAS-FOTOS-SPOTIFY-300x177.png 300w, https:\/\/sites.uel.br\/petef\/wp-content\/uploads\/2024\/10\/PET-CHAMADAS-FOTOS-SPOTIFY-768x452.png 768w\" sizes=\"auto, (max-width: 1004px) 100vw, 1004px\" \/><\/a><\/figure>\n<\/div>\n\n\n\n<div class=\"wp-block-column is-layout-flow wp-block-column-is-layout-flow\">\n<figure class=\"wp-block-image size-full\"><a href=\"https:\/\/sites.uel.br\/petef\/469-2\/\"><img loading=\"lazy\" decoding=\"async\" width=\"1004\" height=\"591\" src=\"https:\/\/sites.uel.br\/petef\/wp-content\/uploads\/2024\/10\/PET-CHAMADAS-FOTOS-DEEZER.png\" alt=\"\" class=\"wp-image-458\" srcset=\"https:\/\/sites.uel.br\/petef\/wp-content\/uploads\/2024\/10\/PET-CHAMADAS-FOTOS-DEEZER.png 1004w, https:\/\/sites.uel.br\/petef\/wp-content\/uploads\/2024\/10\/PET-CHAMADAS-FOTOS-DEEZER-300x177.png 300w, https:\/\/sites.uel.br\/petef\/wp-content\/uploads\/2024\/10\/PET-CHAMADAS-FOTOS-DEEZER-768x452.png 768w\" sizes=\"auto, (max-width: 1004px) 100vw, 1004px\" \/><\/a><\/figure>\n<\/div>\n\n\n\n<div class=\"wp-block-column is-layout-flow wp-block-column-is-layout-flow\">\n<figure class=\"wp-block-image size-full\"><a href=\"https:\/\/sites.uel.br\/petef\/472-2\/\"><img loading=\"lazy\" decoding=\"async\" width=\"1004\" height=\"591\" src=\"https:\/\/sites.uel.br\/petef\/wp-content\/uploads\/2024\/10\/PET-CHAMADAS-FOTOS-AMAZON.png\" alt=\"\" class=\"wp-image-459\" srcset=\"https:\/\/sites.uel.br\/petef\/wp-content\/uploads\/2024\/10\/PET-CHAMADAS-FOTOS-AMAZON.png 1004w, https:\/\/sites.uel.br\/petef\/wp-content\/uploads\/2024\/10\/PET-CHAMADAS-FOTOS-AMAZON-300x177.png 300w, https:\/\/sites.uel.br\/petef\/wp-content\/uploads\/2024\/10\/PET-CHAMADAS-FOTOS-AMAZON-768x452.png 768w\" sizes=\"auto, (max-width: 1004px) 100vw, 1004px\" \/><\/a><\/figure>\n<\/div>\n<\/div>\n\n\n\n<p><\/p>\n","protected":false},"excerpt":{"rendered":"","protected":false},"author":8,"featured_media":0,"parent":0,"menu_order":0,"comment_status":"closed","ping_status":"closed","template":"","meta":{"footnotes":""},"class_list":["post-456","page","type-page","status-publish","hentry"],"acf":[],"_links":{"self":[{"href":"https:\/\/sites.uel.br\/petef\/wp-json\/wp\/v2\/pages\/456","targetHints":{"allow":["GET"]}}],"collection":[{"href":"https:\/\/sites.uel.br\/petef\/wp-json\/wp\/v2\/pages"}],"about":[{"href":"https:\/\/sites.uel.br\/petef\/wp-json\/wp\/v2\/types\/page"}],"author":[{"embeddable":true,"href":"https:\/\/sites.uel.br\/petef\/wp-json\/wp\/v2\/users\/8"}],"replies":[{"embeddable":true,"href":"https:\/\/sites.uel.br\/petef\/wp-json\/wp\/v2\/comments?post=456"}],"version-history":[{"count":4,"href":"https:\/\/sites.uel.br\/petef\/wp-json\/wp\/v2\/pages\/456\/revisions"}],"predecessor-version":[{"id":474,"href":"https:\/\/sites.uel.br\/petef\/wp-json\/wp\/v2\/pages\/456\/revisions\/474"}],"wp:attachment":[{"href":"https:\/\/sites.uel.br\/petef\/wp-json\/wp\/v2\/media?parent=456"}],"curies":[{"name":"wp","href":"https:\/\/api.w.org\/{rel}","templated":true}]}}