{"id":438,"date":"2024-08-13T13:52:54","date_gmt":"2024-08-13T16:52:54","guid":{"rendered":"https:\/\/sites.uel.br\/petef\/?page_id=438"},"modified":"2024-08-13T13:52:54","modified_gmt":"2024-08-13T16:52:54","slug":"cinepet-2","status":"publish","type":"page","link":"https:\/\/sites.uel.br\/petef\/cinepet-2\/","title":{"rendered":"CINEPET"},"content":{"rendered":"\n<p>Formul\u00e1rio de inscri\u00e7\u00e3o para participar da pr\u00f3xima sess\u00e3o: <a href=\"https:\/\/forms.gle\/jKDjgJL1UPvE5DtV7\">https:\/\/forms.gle\/jKDjgJL1UPvE5DtV7<\/a><\/p>\n\n\n\n<figure class=\"wp-block-image size-large\"><img loading=\"lazy\" decoding=\"async\" width=\"1024\" height=\"341\" src=\"https:\/\/sites.uel.br\/petef\/wp-content\/uploads\/2024\/08\/cinepet-site-1-1024x341.png\" alt=\"\" class=\"wp-image-439\" srcset=\"https:\/\/sites.uel.br\/petef\/wp-content\/uploads\/2024\/08\/cinepet-site-1-1024x341.png 1024w, https:\/\/sites.uel.br\/petef\/wp-content\/uploads\/2024\/08\/cinepet-site-1-300x100.png 300w, https:\/\/sites.uel.br\/petef\/wp-content\/uploads\/2024\/08\/cinepet-site-1-768x256.png 768w, https:\/\/sites.uel.br\/petef\/wp-content\/uploads\/2024\/08\/cinepet-site-1-1536x512.png 1536w, https:\/\/sites.uel.br\/petef\/wp-content\/uploads\/2024\/08\/cinepet-site-1-2048x683.png 2048w\" sizes=\"auto, (max-width: 1024px) 100vw, 1024px\" \/><\/figure>\n","protected":false},"excerpt":{"rendered":"<p>Formul\u00e1rio de inscri\u00e7\u00e3o para participar da pr\u00f3xima sess\u00e3o: https:\/\/forms.gle\/jKDjgJL1UPvE5DtV7<\/p>\n","protected":false},"author":8,"featured_media":0,"parent":0,"menu_order":0,"comment_status":"closed","ping_status":"closed","template":"","meta":{"footnotes":""},"class_list":["post-438","page","type-page","status-publish","hentry"],"acf":[],"_links":{"self":[{"href":"https:\/\/sites.uel.br\/petef\/wp-json\/wp\/v2\/pages\/438","targetHints":{"allow":["GET"]}}],"collection":[{"href":"https:\/\/sites.uel.br\/petef\/wp-json\/wp\/v2\/pages"}],"about":[{"href":"https:\/\/sites.uel.br\/petef\/wp-json\/wp\/v2\/types\/page"}],"author":[{"embeddable":true,"href":"https:\/\/sites.uel.br\/petef\/wp-json\/wp\/v2\/users\/8"}],"replies":[{"embeddable":true,"href":"https:\/\/sites.uel.br\/petef\/wp-json\/wp\/v2\/comments?post=438"}],"version-history":[{"count":1,"href":"https:\/\/sites.uel.br\/petef\/wp-json\/wp\/v2\/pages\/438\/revisions"}],"predecessor-version":[{"id":440,"href":"https:\/\/sites.uel.br\/petef\/wp-json\/wp\/v2\/pages\/438\/revisions\/440"}],"wp:attachment":[{"href":"https:\/\/sites.uel.br\/petef\/wp-json\/wp\/v2\/media?parent=438"}],"curies":[{"name":"wp","href":"https:\/\/api.w.org\/{rel}","templated":true}]}}