{"id":137,"date":"2025-03-25T18:10:20","date_gmt":"2025-03-25T21:10:20","guid":{"rendered":"https:\/\/sites.uel.br\/petbio\/?page_id=137"},"modified":"2025-08-04T19:10:20","modified_gmt":"2025-08-04T22:10:20","slug":"inicio","status":"publish","type":"page","link":"https:\/\/sites.uel.br\/petbio\/","title":{"rendered":"In\u00edcio"},"content":{"rendered":"\n<h3 class=\"wp-block-heading\"><strong>Sobre o PET Biologia \u2013 UE<\/strong>L<\/h3>\n\n\n\n<p><\/p>\n\n\n\n<p><\/p>\n\n\n\n<div class=\"wp-block-media-text is-stacked-on-mobile\" style=\"grid-template-columns:31% auto\"><figure class=\"wp-block-media-text__media\"><video controls src=\"https:\/\/sites.uel.br\/petbio\/wp-content\/uploads\/2025\/06\/logo_pet.mp4\"><\/video><\/figure><div class=\"wp-block-media-text__content\">\n<p class=\"has-text-align-left\">O Programa de Educa\u00e7\u00e3o Tutorial (PET) Biologia da Universidade Estadual de Londrina \u00e9 um grupo acad\u00eamico que tem como pilares o <strong>ensino<\/strong>, a <strong>pesquisa<\/strong> e a <strong>extens\u00e3o<\/strong>, promovendo uma forma\u00e7\u00e3o ampla e de qualidade para estudantes de gradua\u00e7\u00e3o em Biologia. Vinculado ao Edital PROGRAD n\u00ba 25\/2024, o grupo busca integrar teoria e pr\u00e1tica, estimulando o protagonismo estudantil, a interdisciplinaridade e o compromisso social.<\/p>\n\n\n\n<p class=\"has-text-align-left\">Por meio de uma estrutura colaborativa, composta por um tutor(a), petianos(as) bolsistas e volunt\u00e1rios(as), e por professores colaboradores, o PET Biologia desenvolve projetos que impactam tanto a comunidade acad\u00eamica quanto a sociedade externa. As atividades s\u00e3o pensadas para incentivar a perman\u00eancia no curso, promover a integra\u00e7\u00e3o entre licenciatura e bacharelado, e fortalecer os la\u00e7os com outros grupos PET da UEL.<\/p>\n\n\n\n<p class=\"has-text-align-left\">O grupo oferece aos seus membros uma viv\u00eancia diferenciada e enriquecedora dentro da universidade, combinando responsabilidade, inova\u00e7\u00e3o e esp\u00edrito coletivo. Ao mesmo tempo, contribui com iniciativas de impacto social, por meio de a\u00e7\u00f5es extensionistas e cient\u00edficas, formando bi\u00f3logos cr\u00edticos, comprometidos e preparados para os desafios contempor\u00e2neos da ci\u00eancia e da educa\u00e7\u00e3o.<\/p>\n<\/div><\/div>\n","protected":false},"excerpt":{"rendered":"<p>Sobre o PET Biologia \u2013 UEL O Programa de Educa\u00e7\u00e3o Tutorial (PET) Biologia da Universidade Estadual de Londrina \u00e9 um grupo acad\u00eamico que tem como pilares o ensino, a pesquisa e a extens\u00e3o, promovendo uma forma\u00e7\u00e3o ampla e de qualidade para estudantes de gradua\u00e7\u00e3o em Biologia. Vinculado ao Edital PROGRAD n\u00ba 25\/2024, o grupo busca [&hellip;]<\/p>\n","protected":false},"author":8,"featured_media":0,"parent":0,"menu_order":0,"comment_status":"closed","ping_status":"closed","template":"","meta":{"_acf_changed":false,"footnotes":""},"class_list":["post-137","page","type-page","status-publish","hentry"],"acf":[],"_links":{"self":[{"href":"https:\/\/sites.uel.br\/petbio\/wp-json\/wp\/v2\/pages\/137","targetHints":{"allow":["GET"]}}],"collection":[{"href":"https:\/\/sites.uel.br\/petbio\/wp-json\/wp\/v2\/pages"}],"about":[{"href":"https:\/\/sites.uel.br\/petbio\/wp-json\/wp\/v2\/types\/page"}],"author":[{"embeddable":true,"href":"https:\/\/sites.uel.br\/petbio\/wp-json\/wp\/v2\/users\/8"}],"replies":[{"embeddable":true,"href":"https:\/\/sites.uel.br\/petbio\/wp-json\/wp\/v2\/comments?post=137"}],"version-history":[{"count":8,"href":"https:\/\/sites.uel.br\/petbio\/wp-json\/wp\/v2\/pages\/137\/revisions"}],"predecessor-version":[{"id":221,"href":"https:\/\/sites.uel.br\/petbio\/wp-json\/wp\/v2\/pages\/137\/revisions\/221"}],"wp:attachment":[{"href":"https:\/\/sites.uel.br\/petbio\/wp-json\/wp\/v2\/media?parent=137"}],"curies":[{"name":"wp","href":"https:\/\/api.w.org\/{rel}","templated":true}]}}