{"id":993,"date":"2022-10-03T14:37:04","date_gmt":"2022-10-03T17:37:04","guid":{"rendered":"https:\/\/sites.uel.br\/pdi\/?page_id=993"},"modified":"2022-11-12T17:17:24","modified_gmt":"2022-11-12T20:17:24","slug":"regiao-metropolitana-de-londrina","status":"publish","type":"page","link":"https:\/\/sites.uel.br\/pdi\/regiao-metropolitana-de-londrina\/","title":{"rendered":"Regi\u00e3o Metropolitana de Londrina"},"content":{"rendered":"\n<div class=\"wp-block-columns is-layout-flex wp-container-core-columns-is-layout-9d6595d7 wp-block-columns-is-layout-flex\">\n<div class=\"wp-block-column is-layout-flow wp-block-column-is-layout-flow\">\n<figure class=\"wp-block-gallery has-nested-images columns-default is-cropped wp-block-gallery-1 is-layout-flex wp-block-gallery-is-layout-flex\">\n<figure class=\"wp-block-image size-large\"><img loading=\"lazy\" decoding=\"async\" width=\"1180\" height=\"1206\" data-id=\"994\" src=\"https:\/\/sites.uel.br\/pdi\/wp-content\/uploads\/2022\/10\/RML-mapa.jpg\" alt=\"\" class=\"wp-image-994\" srcset=\"https:\/\/sites.uel.br\/pdi\/wp-content\/uploads\/2022\/10\/RML-mapa.jpg 1180w, https:\/\/sites.uel.br\/pdi\/wp-content\/uploads\/2022\/10\/RML-mapa-294x300.jpg 294w, https:\/\/sites.uel.br\/pdi\/wp-content\/uploads\/2022\/10\/RML-mapa-1002x1024.jpg 1002w, https:\/\/sites.uel.br\/pdi\/wp-content\/uploads\/2022\/10\/RML-mapa-768x785.jpg 768w\" sizes=\"auto, (max-width: 1180px) 100vw, 1180px\" \/><\/figure>\n<\/figure>\n<\/div>\n<\/div>\n\n\n\n<p>A Regi\u00e3o Metropolitana de Londrina est\u00e1 localizada na por\u00e7\u00e3o norte do estado do Paran\u00e1, regi\u00e3o Sul do Brasil. Foi institu\u00edda em 1998 e resulta da Constitui\u00e7\u00e3o Federal Brasileira de 1988 que concedeu \u00e0s Unidades Federativas o poder de instituir suas pr\u00f3prias regi\u00f5es metropolitanas. Abriga cerca de 10% da popula\u00e7\u00e3o paranaense (1,13 milh\u00f5es), segundo estimativa do IBGE em 2021, e deste total, Londrina, a segunda maior cidade do estado, concentra cerca de 50% dos habitantes da RML.<\/p>\n\n\n\n<p>Foi a primeira RM do interior do pa\u00eds e era inicialmente composta por 6 munic\u00edpios (Londrina, Camb\u00e9, Ibipor\u00e3, Rol\u00e2ndia, Jataizinho e&nbsp;Tamarana). Contou com sucessivas inclus\u00f5es atrav\u00e9s de Leis Complementares at\u00e9 o ano de 2014, abrigando atualmente 25 munic\u00edpios, conforme ilustra o mapa acima. Contudo, sua discuss\u00e3o envolve processos anteriores, iniciados por volta de 1970, quando ocorre a institucionaliza\u00e7\u00e3o das primeiras regi\u00f5es metropolitanas do pa\u00eds e impulsiona o olhar para o planejamento do desenvolvimento regional do eixo Londrina-Maring\u00e1 atrav\u00e9s do Projeto&nbsp;Metronor.O projeto da Metr\u00f3pole Linear Norte do Paran\u00e1 (Metronor) foi iniciado nos fins da d\u00e9cada de 1970 e tinha como objetivo, num futuro n\u00e3o t\u00e3o distante, interligar e fortalecer o eixo Londrina-Maring\u00e1, al\u00e9m de corrigir as distor\u00e7\u00f5es do processo de urbaniza\u00e7\u00e3o em rela\u00e7\u00e3o aos arrabaldes. Apresentou uma intensa produ\u00e7\u00e3o t\u00e9cnica voltada para o planejamento regional, no entanto, foi extinto nos fins da d\u00e9cada de 1980 pelo enfraquecimento provocado por conflitos pol\u00edticos entre os governos estadual e federal e pelo desgaste das reuni\u00f5es de pouca efetividade com as lideran\u00e7as municipais (Cunha, 2005).<\/p>\n\n\n\n<p>Neste sentido, ainda que o primeiro projeto de metropoliza\u00e7\u00e3o (Metronor) tenha sido erguido sob forte embasamento t\u00e9cnico, n\u00e3o obteve sustenta\u00e7\u00e3o na esfera pol\u00edtica. Por conseguinte, o projeto da Regi\u00e3o Metropolitana de Londrina, constitu\u00eddo essencialmente no \u00e2mbito pol\u00edtico, possu\u00eda pouca ou nenhuma sustenta\u00e7\u00e3o t\u00e9cnica na ocasi\u00e3o de sua cria\u00e7\u00e3o. Passados mais de 20 anos ap\u00f3s sua institucionaliza\u00e7\u00e3o, a RML encontra dificuldades de sair do papel e apresenta significativas inconsist\u00eancias que desafiam a sua real articula\u00e7\u00e3o. Em 2020, contudo, iniciaram as atividades de elabora\u00e7\u00e3o do Plano de Desenvolvimento Urbano Integrado (PDUI), com objetivo de definir as diretrizes para o desenvolvimento regional estrat\u00e9gico e os projetos estruturantes.<\/p>\n\n\n\n<p>Nesta se\u00e7\u00e3o, a Regi\u00e3o Metropolitana de Londrina \u00e9 apresentada por meio do hist\u00f3rico dos seus munic\u00edpios formadores, da introdu\u00e7\u00e3o ao Laborat\u00f3rio Imagens, Paisagens e Personagens (IMAP&amp;P), de algumas caracter\u00edsticas centrais de seu Plano Diretor Urbano Integrado e de dados estat\u00edsticos geogr\u00e1ficos, de sa\u00fade, educacionais e econ\u00f4micos.<\/p>\n\n\n\n<div class=\"wp-block-columns is-not-stacked-on-mobile is-layout-flex wp-container-core-columns-is-layout-9d6595d7 wp-block-columns-is-layout-flex\">\n<div class=\"wp-block-column is-layout-flow wp-block-column-is-layout-flow\">\n<figure class=\"wp-block-gallery has-nested-images columns-default is-cropped wp-block-gallery-2 is-layout-flex wp-block-gallery-is-layout-flex\">\n<figure class=\"wp-block-image size-large\"><a href=\"https:\/\/sites.uel.br\/pdi\/historico-dos-municipios-formadores-da-rml\/\"><img loading=\"lazy\" decoding=\"async\" width=\"1024\" height=\"572\" data-id=\"2499\" src=\"https:\/\/sites.uel.br\/pdi\/wp-content\/uploads\/2022\/11\/aaan-1024x572.png\" alt=\"\" class=\"wp-image-2499\" srcset=\"https:\/\/sites.uel.br\/pdi\/wp-content\/uploads\/2022\/11\/aaan-1024x572.png 1024w, https:\/\/sites.uel.br\/pdi\/wp-content\/uploads\/2022\/11\/aaan-300x168.png 300w, https:\/\/sites.uel.br\/pdi\/wp-content\/uploads\/2022\/11\/aaan-768x429.png 768w, https:\/\/sites.uel.br\/pdi\/wp-content\/uploads\/2022\/11\/aaan-1536x858.png 1536w, https:\/\/sites.uel.br\/pdi\/wp-content\/uploads\/2022\/11\/aaan.png 1987w\" sizes=\"auto, (max-width: 1024px) 100vw, 1024px\" \/><\/a><\/figure>\n<\/figure>\n<\/div>\n\n\n\n<div class=\"wp-block-column is-layout-flow wp-block-column-is-layout-flow\">\n<figure class=\"wp-block-gallery has-nested-images columns-default is-cropped wp-block-gallery-3 is-layout-flex wp-block-gallery-is-layout-flex\">\n<figure class=\"wp-block-image size-large\"><a href=\"https:\/\/www.atlasrml.com.br\/\"><img loading=\"lazy\" decoding=\"async\" width=\"1024\" height=\"572\" data-id=\"2500\" src=\"https:\/\/sites.uel.br\/pdi\/wp-content\/uploads\/2022\/11\/aaao-1024x572.png\" alt=\"\" class=\"wp-image-2500\" srcset=\"https:\/\/sites.uel.br\/pdi\/wp-content\/uploads\/2022\/11\/aaao-1024x572.png 1024w, https:\/\/sites.uel.br\/pdi\/wp-content\/uploads\/2022\/11\/aaao-300x168.png 300w, https:\/\/sites.uel.br\/pdi\/wp-content\/uploads\/2022\/11\/aaao-768x429.png 768w, https:\/\/sites.uel.br\/pdi\/wp-content\/uploads\/2022\/11\/aaao-1536x858.png 1536w, https:\/\/sites.uel.br\/pdi\/wp-content\/uploads\/2022\/11\/aaao.png 1987w\" sizes=\"auto, (max-width: 1024px) 100vw, 1024px\" \/><\/a><\/figure>\n<\/figure>\n<\/div>\n\n\n\n<div class=\"wp-block-column is-layout-flow wp-block-column-is-layout-flow\">\n<figure class=\"wp-block-gallery has-nested-images columns-default is-cropped wp-block-gallery-4 is-layout-flex wp-block-gallery-is-layout-flex\">\n<figure class=\"wp-block-image size-large\"><a href=\"https:\/\/www.pduilondrina.com.br\/\"><img loading=\"lazy\" decoding=\"async\" width=\"1024\" height=\"572\" data-id=\"2501\" src=\"https:\/\/sites.uel.br\/pdi\/wp-content\/uploads\/2022\/11\/aaap-1024x572.png\" alt=\"\" class=\"wp-image-2501\" srcset=\"https:\/\/sites.uel.br\/pdi\/wp-content\/uploads\/2022\/11\/aaap-1024x572.png 1024w, https:\/\/sites.uel.br\/pdi\/wp-content\/uploads\/2022\/11\/aaap-300x168.png 300w, https:\/\/sites.uel.br\/pdi\/wp-content\/uploads\/2022\/11\/aaap-768x429.png 768w, https:\/\/sites.uel.br\/pdi\/wp-content\/uploads\/2022\/11\/aaap-1536x858.png 1536w, https:\/\/sites.uel.br\/pdi\/wp-content\/uploads\/2022\/11\/aaap.png 1987w\" sizes=\"auto, (max-width: 1024px) 100vw, 1024px\" \/><\/a><\/figure>\n<\/figure>\n<\/div>\n<\/div>\n\n\n\n<div class=\"wp-block-columns is-not-stacked-on-mobile is-layout-flex wp-container-core-columns-is-layout-9d6595d7 wp-block-columns-is-layout-flex\">\n<div class=\"wp-block-column is-layout-flow wp-block-column-is-layout-flow\"><\/div>\n\n\n\n<div class=\"wp-block-column is-layout-flow wp-block-column-is-layout-flow\">\n<figure class=\"wp-block-gallery has-nested-images columns-default is-cropped wp-block-gallery-5 is-layout-flex wp-block-gallery-is-layout-flex\">\n<figure class=\"wp-block-image size-large\"><a href=\"https:\/\/www.atlasrml.com.br\/dashboards\/\"><img loading=\"lazy\" decoding=\"async\" width=\"1024\" height=\"572\" data-id=\"2502\" src=\"https:\/\/sites.uel.br\/pdi\/wp-content\/uploads\/2022\/11\/aaaq-1024x572.png\" alt=\"\" class=\"wp-image-2502\" srcset=\"https:\/\/sites.uel.br\/pdi\/wp-content\/uploads\/2022\/11\/aaaq-1024x572.png 1024w, https:\/\/sites.uel.br\/pdi\/wp-content\/uploads\/2022\/11\/aaaq-300x168.png 300w, https:\/\/sites.uel.br\/pdi\/wp-content\/uploads\/2022\/11\/aaaq-768x429.png 768w, https:\/\/sites.uel.br\/pdi\/wp-content\/uploads\/2022\/11\/aaaq-1536x858.png 1536w, https:\/\/sites.uel.br\/pdi\/wp-content\/uploads\/2022\/11\/aaaq.png 1987w\" sizes=\"auto, (max-width: 1024px) 100vw, 1024px\" \/><\/a><\/figure>\n<\/figure>\n<\/div>\n\n\n\n<div class=\"wp-block-column is-layout-flow wp-block-column-is-layout-flow\"><\/div>\n<\/div>\n","protected":false},"excerpt":{"rendered":"<p>A Regi\u00e3o Metropolitana de Londrina est\u00e1 localizada na por\u00e7\u00e3o norte do estado do Paran\u00e1, regi\u00e3o Sul do Brasil. Foi institu\u00edda em 1998 e resulta da Constitui\u00e7\u00e3o Federal Brasileira de 1988 que concedeu \u00e0s Unidades Federativas o poder de instituir suas pr\u00f3prias regi\u00f5es metropolitanas. Abriga cerca de 10% da popula\u00e7\u00e3o paranaense (1,13 milh\u00f5es), segundo estimativa do [&hellip;]<\/p>\n","protected":false},"author":8,"featured_media":0,"parent":0,"menu_order":0,"comment_status":"closed","ping_status":"closed","template":"","meta":{"footnotes":""},"class_list":["post-993","page","type-page","status-publish","hentry"],"acf":[],"_links":{"self":[{"href":"https:\/\/sites.uel.br\/pdi\/wp-json\/wp\/v2\/pages\/993","targetHints":{"allow":["GET"]}}],"collection":[{"href":"https:\/\/sites.uel.br\/pdi\/wp-json\/wp\/v2\/pages"}],"about":[{"href":"https:\/\/sites.uel.br\/pdi\/wp-json\/wp\/v2\/types\/page"}],"author":[{"embeddable":true,"href":"https:\/\/sites.uel.br\/pdi\/wp-json\/wp\/v2\/users\/8"}],"replies":[{"embeddable":true,"href":"https:\/\/sites.uel.br\/pdi\/wp-json\/wp\/v2\/comments?post=993"}],"version-history":[{"count":5,"href":"https:\/\/sites.uel.br\/pdi\/wp-json\/wp\/v2\/pages\/993\/revisions"}],"predecessor-version":[{"id":2504,"href":"https:\/\/sites.uel.br\/pdi\/wp-json\/wp\/v2\/pages\/993\/revisions\/2504"}],"wp:attachment":[{"href":"https:\/\/sites.uel.br\/pdi\/wp-json\/wp\/v2\/media?parent=993"}],"curies":[{"name":"wp","href":"https:\/\/api.w.org\/{rel}","templated":true}]}}