{"id":93,"date":"2022-09-07T11:27:08","date_gmt":"2022-09-07T14:27:08","guid":{"rendered":"https:\/\/sites.uel.br\/pdi\/?page_id=93"},"modified":"2024-07-02T16:23:01","modified_gmt":"2024-07-02T19:23:01","slug":"mantenedora","status":"publish","type":"page","link":"https:\/\/sites.uel.br\/pdi\/mantenedora\/","title":{"rendered":"Dados da Mantenedora"},"content":{"rendered":"\n<p><strong>SECRETARIA DE ESTADO DA CI\u00caNCIA, TECNOLOGIA E ENSINO SUPERIOR &#8211; SETI<\/strong><br>Pessoa Jur\u00eddica de Direito P\u00fablico Estadual<em><br>CNPJ: 77.046.951\/0001-26<\/em><\/p>\n\n\n\n<p><br>Endere\u00e7o:<br>Avenida Prefeito Loth\u00e1rio Meissner, 350<br>Jardim Bot\u00e2nico<br>80.210-170<br>Curitiba-PR<br>Contato:<br>(41) 3281-7300<br>www.seti.pr.gov.br<\/p>\n","protected":false},"excerpt":{"rendered":"<p>SECRETARIA DE ESTADO DA CI\u00caNCIA, TECNOLOGIA E ENSINO SUPERIOR &#8211; SETIPessoa Jur\u00eddica de Direito P\u00fablico EstadualCNPJ: 77.046.951\/0001-26 Endere\u00e7o:Avenida Prefeito Loth\u00e1rio Meissner, 350Jardim Bot\u00e2nico80.210-170Curitiba-PRContato:(41) 3281-7300www.seti.pr.gov.br<\/p>\n","protected":false},"author":8,"featured_media":0,"parent":0,"menu_order":0,"comment_status":"closed","ping_status":"closed","template":"","meta":{"footnotes":""},"class_list":["post-93","page","type-page","status-publish","hentry"],"acf":[],"_links":{"self":[{"href":"https:\/\/sites.uel.br\/pdi\/wp-json\/wp\/v2\/pages\/93","targetHints":{"allow":["GET"]}}],"collection":[{"href":"https:\/\/sites.uel.br\/pdi\/wp-json\/wp\/v2\/pages"}],"about":[{"href":"https:\/\/sites.uel.br\/pdi\/wp-json\/wp\/v2\/types\/page"}],"author":[{"embeddable":true,"href":"https:\/\/sites.uel.br\/pdi\/wp-json\/wp\/v2\/users\/8"}],"replies":[{"embeddable":true,"href":"https:\/\/sites.uel.br\/pdi\/wp-json\/wp\/v2\/comments?post=93"}],"version-history":[{"count":7,"href":"https:\/\/sites.uel.br\/pdi\/wp-json\/wp\/v2\/pages\/93\/revisions"}],"predecessor-version":[{"id":4434,"href":"https:\/\/sites.uel.br\/pdi\/wp-json\/wp\/v2\/pages\/93\/revisions\/4434"}],"wp:attachment":[{"href":"https:\/\/sites.uel.br\/pdi\/wp-json\/wp\/v2\/media?parent=93"}],"curies":[{"name":"wp","href":"https:\/\/api.w.org\/{rel}","templated":true}]}}