{"id":864,"date":"2022-09-30T16:53:04","date_gmt":"2022-09-30T19:53:04","guid":{"rendered":"https:\/\/sites.uel.br\/pdi\/?page_id=864"},"modified":"2022-10-03T14:43:57","modified_gmt":"2022-10-03T17:43:57","slug":"urai","status":"publish","type":"page","link":"https:\/\/sites.uel.br\/pdi\/urai\/","title":{"rendered":"Ura\u00ed"},"content":{"rendered":"\n<div class=\"wp-block-columns is-layout-flex wp-container-core-columns-is-layout-9d6595d7 wp-block-columns-is-layout-flex\">\n<div class=\"wp-block-column is-layout-flow wp-block-column-is-layout-flow\" style=\"flex-basis:25%\"><\/div>\n\n\n\n<div class=\"wp-block-column is-layout-flow wp-block-column-is-layout-flow\" style=\"flex-basis:50%\">\n<figure class=\"wp-block-gallery has-nested-images columns-default is-cropped wp-block-gallery-1 is-layout-flex wp-block-gallery-is-layout-flex\">\n<figure class=\"wp-block-image size-large\"><img loading=\"lazy\" decoding=\"async\" width=\"802\" height=\"290\" data-id=\"865\" src=\"https:\/\/sites.uel.br\/pdi\/wp-content\/uploads\/2022\/09\/Urai.jpg\" alt=\"\" class=\"wp-image-865\" srcset=\"https:\/\/sites.uel.br\/pdi\/wp-content\/uploads\/2022\/09\/Urai.jpg 802w, https:\/\/sites.uel.br\/pdi\/wp-content\/uploads\/2022\/09\/Urai-300x108.jpg 300w, https:\/\/sites.uel.br\/pdi\/wp-content\/uploads\/2022\/09\/Urai-768x278.jpg 768w\" sizes=\"auto, (max-width: 802px) 100vw, 802px\" \/><\/figure>\n<\/figure>\n<\/div>\n\n\n\n<div class=\"wp-block-column is-layout-flow wp-block-column-is-layout-flow\" style=\"flex-basis:25%\"><\/div>\n<\/div>\n\n\n\n<p>As terras onde hoje se localiza o Munic\u00edpio de&nbsp;Ura\u00ed, pertenciam \u00e0 Companhia&nbsp;Nambei&nbsp;Tochi&nbsp;Kabushiri&nbsp;Kaisha, e faziam parte do territ\u00f3rio do Munic\u00edpio de Assa\u00ed. Em maio de 1936, um grupo de colonos japoneses liderados por&nbsp;Manjiro&nbsp;Watanabe, ent\u00e3o gerente da referida Companhia, chegou \u00e0 regi\u00e3o e deu in\u00edcio \u00e0 forma\u00e7\u00e3o de um povoado que recebeu a denomina\u00e7\u00e3o de Col\u00f4nia&nbsp;Pirianito&nbsp;e que, gra\u00e7as \u00e0 fertilidade de suas terras e ao trabalho din\u00e2mico de seus colonizadores, teve r\u00e1pido desenvolvimento. Em 1943, a Col\u00f4nia&nbsp;Pirianito&nbsp;foi elevada \u00e0 categoria de Distrito Administrativo do Munic\u00edpio de Assa\u00ed, com a denomina\u00e7\u00e3o de&nbsp;Ura\u00ed. Em 1947 passou para a condi\u00e7\u00e3o de Munic\u00edpio Aut\u00f4nomo.<\/p>\n\n\n\n<p class=\"has-text-align-center\">O texto est\u00e1 citado na lista de refer\u00eancias como PERFIL RML (2014).<\/p>\n","protected":false},"excerpt":{"rendered":"<p>As terras onde hoje se localiza o Munic\u00edpio de&nbsp;Ura\u00ed, pertenciam \u00e0 Companhia&nbsp;Nambei&nbsp;Tochi&nbsp;Kabushiri&nbsp;Kaisha, e faziam parte do territ\u00f3rio do Munic\u00edpio de Assa\u00ed. Em maio de 1936, um grupo de colonos japoneses liderados por&nbsp;Manjiro&nbsp;Watanabe, ent\u00e3o gerente da referida Companhia, chegou \u00e0 regi\u00e3o e deu in\u00edcio \u00e0 forma\u00e7\u00e3o de um povoado que recebeu a denomina\u00e7\u00e3o de Col\u00f4nia&nbsp;Pirianito&nbsp;e que, [&hellip;]<\/p>\n","protected":false},"author":8,"featured_media":0,"parent":0,"menu_order":0,"comment_status":"closed","ping_status":"closed","template":"","meta":{"footnotes":""},"class_list":["post-864","page","type-page","status-publish","hentry"],"acf":[],"_links":{"self":[{"href":"https:\/\/sites.uel.br\/pdi\/wp-json\/wp\/v2\/pages\/864","targetHints":{"allow":["GET"]}}],"collection":[{"href":"https:\/\/sites.uel.br\/pdi\/wp-json\/wp\/v2\/pages"}],"about":[{"href":"https:\/\/sites.uel.br\/pdi\/wp-json\/wp\/v2\/types\/page"}],"author":[{"embeddable":true,"href":"https:\/\/sites.uel.br\/pdi\/wp-json\/wp\/v2\/users\/8"}],"replies":[{"embeddable":true,"href":"https:\/\/sites.uel.br\/pdi\/wp-json\/wp\/v2\/comments?post=864"}],"version-history":[{"count":1,"href":"https:\/\/sites.uel.br\/pdi\/wp-json\/wp\/v2\/pages\/864\/revisions"}],"predecessor-version":[{"id":866,"href":"https:\/\/sites.uel.br\/pdi\/wp-json\/wp\/v2\/pages\/864\/revisions\/866"}],"wp:attachment":[{"href":"https:\/\/sites.uel.br\/pdi\/wp-json\/wp\/v2\/media?parent=864"}],"curies":[{"name":"wp","href":"https:\/\/api.w.org\/{rel}","templated":true}]}}