{"id":861,"date":"2022-09-30T16:51:56","date_gmt":"2022-09-30T19:51:56","guid":{"rendered":"https:\/\/sites.uel.br\/pdi\/?page_id=861"},"modified":"2022-10-03T14:43:44","modified_gmt":"2022-10-03T17:43:44","slug":"tamarana","status":"publish","type":"page","link":"https:\/\/sites.uel.br\/pdi\/tamarana\/","title":{"rendered":"Tamarana"},"content":{"rendered":"\n<div class=\"wp-block-columns is-layout-flex wp-container-core-columns-is-layout-9d6595d7 wp-block-columns-is-layout-flex\">\n<div class=\"wp-block-column is-layout-flow wp-block-column-is-layout-flow\" style=\"flex-basis:25%\"><\/div>\n\n\n\n<div class=\"wp-block-column is-layout-flow wp-block-column-is-layout-flow\" style=\"flex-basis:50%\">\n<figure class=\"wp-block-gallery has-nested-images columns-default is-cropped wp-block-gallery-1 is-layout-flex wp-block-gallery-is-layout-flex\">\n<figure class=\"wp-block-image size-large\"><img loading=\"lazy\" decoding=\"async\" width=\"800\" height=\"290\" data-id=\"862\" src=\"https:\/\/sites.uel.br\/pdi\/wp-content\/uploads\/2022\/09\/Tamarana.jpg\" alt=\"\" class=\"wp-image-862\" srcset=\"https:\/\/sites.uel.br\/pdi\/wp-content\/uploads\/2022\/09\/Tamarana.jpg 800w, https:\/\/sites.uel.br\/pdi\/wp-content\/uploads\/2022\/09\/Tamarana-300x109.jpg 300w, https:\/\/sites.uel.br\/pdi\/wp-content\/uploads\/2022\/09\/Tamarana-768x278.jpg 768w\" sizes=\"auto, (max-width: 800px) 100vw, 800px\" \/><\/figure>\n<\/figure>\n<\/div>\n\n\n\n<div class=\"wp-block-column is-layout-flow wp-block-column-is-layout-flow\" style=\"flex-basis:25%\"><\/div>\n<\/div>\n\n\n\n<p>Tamarana&nbsp;\u00e9 regi\u00e3o dos \u00edndicos&nbsp;Kaigangues&nbsp;(nome em dialeto ind\u00edgena \u201cArma de Guerra\u201d \u2013 clava feita de madeira), que at\u00e9 hoje habitam suas terras na Reserva Ind\u00edgena de Apucaraninha. O in\u00edcio do povoado data de 1915, quando safristas vindos do sul e do Norte Velho do Estado paranaense iniciaram a cria\u00e7\u00e3o de porcos na regi\u00e3o. Criado atrav\u00e9s da Lei Estadual 11.224, de 13 de dezembro de 1995, quando foi desmembrado de Londrina.<\/p>\n\n\n\n<p class=\"has-text-align-center\">O texto est\u00e1 citado na lista de refer\u00eancias como PERFIL RML (2014).<\/p>\n","protected":false},"excerpt":{"rendered":"<p>Tamarana&nbsp;\u00e9 regi\u00e3o dos \u00edndicos&nbsp;Kaigangues&nbsp;(nome em dialeto ind\u00edgena \u201cArma de Guerra\u201d \u2013 clava feita de madeira), que at\u00e9 hoje habitam suas terras na Reserva Ind\u00edgena de Apucaraninha. O in\u00edcio do povoado data de 1915, quando safristas vindos do sul e do Norte Velho do Estado paranaense iniciaram a cria\u00e7\u00e3o de porcos na regi\u00e3o. Criado atrav\u00e9s da [&hellip;]<\/p>\n","protected":false},"author":8,"featured_media":0,"parent":0,"menu_order":0,"comment_status":"closed","ping_status":"closed","template":"","meta":{"footnotes":""},"class_list":["post-861","page","type-page","status-publish","hentry"],"acf":[],"_links":{"self":[{"href":"https:\/\/sites.uel.br\/pdi\/wp-json\/wp\/v2\/pages\/861","targetHints":{"allow":["GET"]}}],"collection":[{"href":"https:\/\/sites.uel.br\/pdi\/wp-json\/wp\/v2\/pages"}],"about":[{"href":"https:\/\/sites.uel.br\/pdi\/wp-json\/wp\/v2\/types\/page"}],"author":[{"embeddable":true,"href":"https:\/\/sites.uel.br\/pdi\/wp-json\/wp\/v2\/users\/8"}],"replies":[{"embeddable":true,"href":"https:\/\/sites.uel.br\/pdi\/wp-json\/wp\/v2\/comments?post=861"}],"version-history":[{"count":1,"href":"https:\/\/sites.uel.br\/pdi\/wp-json\/wp\/v2\/pages\/861\/revisions"}],"predecessor-version":[{"id":863,"href":"https:\/\/sites.uel.br\/pdi\/wp-json\/wp\/v2\/pages\/861\/revisions\/863"}],"wp:attachment":[{"href":"https:\/\/sites.uel.br\/pdi\/wp-json\/wp\/v2\/media?parent=861"}],"curies":[{"name":"wp","href":"https:\/\/api.w.org\/{rel}","templated":true}]}}