{"id":858,"date":"2022-09-30T16:50:50","date_gmt":"2022-09-30T19:50:50","guid":{"rendered":"https:\/\/sites.uel.br\/pdi\/?page_id=858"},"modified":"2022-10-17T13:35:43","modified_gmt":"2022-10-17T16:35:43","slug":"sertanopolis","status":"publish","type":"page","link":"https:\/\/sites.uel.br\/pdi\/sertanopolis\/","title":{"rendered":"Sertan\u00f3polis"},"content":{"rendered":"\n<div class=\"wp-block-columns is-layout-flex wp-container-core-columns-is-layout-9d6595d7 wp-block-columns-is-layout-flex\">\n<div class=\"wp-block-column is-layout-flow wp-block-column-is-layout-flow\" style=\"flex-basis:25%\"><\/div>\n\n\n\n<div class=\"wp-block-column is-layout-flow wp-block-column-is-layout-flow\" style=\"flex-basis:50%\">\n<figure class=\"wp-block-gallery has-nested-images columns-default is-cropped wp-block-gallery-1 is-layout-flex wp-block-gallery-is-layout-flex\">\n<figure class=\"wp-block-image size-large\"><img loading=\"lazy\" decoding=\"async\" width=\"804\" height=\"288\" data-id=\"859\" src=\"https:\/\/sites.uel.br\/pdi\/wp-content\/uploads\/2022\/09\/Sertanopolis.jpg\" alt=\"\" class=\"wp-image-859\" srcset=\"https:\/\/sites.uel.br\/pdi\/wp-content\/uploads\/2022\/09\/Sertanopolis.jpg 804w, https:\/\/sites.uel.br\/pdi\/wp-content\/uploads\/2022\/09\/Sertanopolis-300x107.jpg 300w, https:\/\/sites.uel.br\/pdi\/wp-content\/uploads\/2022\/09\/Sertanopolis-768x275.jpg 768w\" sizes=\"auto, (max-width: 804px) 100vw, 804px\" \/><\/figure>\n<\/figure>\n<\/div>\n\n\n\n<div class=\"wp-block-column is-layout-flow wp-block-column-is-layout-flow\" style=\"flex-basis:25%\"><\/div>\n<\/div>\n\n\n\n<p>O territ\u00f3rio do atual Munic\u00edpio de Sertan\u00f3polis come\u00e7ou a ser povoado em 1923, por pioneiros vindos do interior de S\u00e3o Paulo \u00e0 procura de f\u00e9rteis terras paranaenses, para extens\u00e3o do cultivo do caf\u00e9. A origem do nome vem da \u00e9poca da forma\u00e7\u00e3o do povoado, quando foi denominada, inicialmente, de Cidade Sert\u00e3o, como era conhecida na regi\u00e3o. Criado atrav\u00e9s da Lei Estadual 93, de 14 de setembro de 1948, e instalado na mesma data, foi desmembrado de Jataizinho.<\/p>\n\n\n\n<p class=\"has-text-align-center\">O texto est\u00e1 citado na lista de refer\u00eancias como PERFIL RML (2014).<\/p>\n","protected":false},"excerpt":{"rendered":"<p>O territ\u00f3rio do atual Munic\u00edpio de Sertan\u00f3polis come\u00e7ou a ser povoado em 1923, por pioneiros vindos do interior de S\u00e3o Paulo \u00e0 procura de f\u00e9rteis terras paranaenses, para extens\u00e3o do cultivo do caf\u00e9. A origem do nome vem da \u00e9poca da forma\u00e7\u00e3o do povoado, quando foi denominada, inicialmente, de Cidade Sert\u00e3o, como era conhecida na [&hellip;]<\/p>\n","protected":false},"author":8,"featured_media":0,"parent":0,"menu_order":0,"comment_status":"closed","ping_status":"closed","template":"","meta":{"footnotes":""},"class_list":["post-858","page","type-page","status-publish","hentry"],"acf":[],"_links":{"self":[{"href":"https:\/\/sites.uel.br\/pdi\/wp-json\/wp\/v2\/pages\/858","targetHints":{"allow":["GET"]}}],"collection":[{"href":"https:\/\/sites.uel.br\/pdi\/wp-json\/wp\/v2\/pages"}],"about":[{"href":"https:\/\/sites.uel.br\/pdi\/wp-json\/wp\/v2\/types\/page"}],"author":[{"embeddable":true,"href":"https:\/\/sites.uel.br\/pdi\/wp-json\/wp\/v2\/users\/8"}],"replies":[{"embeddable":true,"href":"https:\/\/sites.uel.br\/pdi\/wp-json\/wp\/v2\/comments?post=858"}],"version-history":[{"count":2,"href":"https:\/\/sites.uel.br\/pdi\/wp-json\/wp\/v2\/pages\/858\/revisions"}],"predecessor-version":[{"id":1289,"href":"https:\/\/sites.uel.br\/pdi\/wp-json\/wp\/v2\/pages\/858\/revisions\/1289"}],"wp:attachment":[{"href":"https:\/\/sites.uel.br\/pdi\/wp-json\/wp\/v2\/media?parent=858"}],"curies":[{"name":"wp","href":"https:\/\/api.w.org\/{rel}","templated":true}]}}