{"id":855,"date":"2022-09-30T16:49:51","date_gmt":"2022-09-30T19:49:51","guid":{"rendered":"https:\/\/sites.uel.br\/pdi\/?page_id=855"},"modified":"2022-10-03T14:43:29","modified_gmt":"2022-10-03T17:43:29","slug":"sertaneja","status":"publish","type":"page","link":"https:\/\/sites.uel.br\/pdi\/sertaneja\/","title":{"rendered":"Sertaneja"},"content":{"rendered":"\n<div class=\"wp-block-columns is-layout-flex wp-container-core-columns-is-layout-9d6595d7 wp-block-columns-is-layout-flex\">\n<div class=\"wp-block-column is-layout-flow wp-block-column-is-layout-flow\" style=\"flex-basis:25%\"><\/div>\n\n\n\n<div class=\"wp-block-column is-layout-flow wp-block-column-is-layout-flow\" style=\"flex-basis:50%\">\n<figure class=\"wp-block-gallery has-nested-images columns-default is-cropped wp-block-gallery-1 is-layout-flex wp-block-gallery-is-layout-flex\">\n<figure class=\"wp-block-image size-large\"><img loading=\"lazy\" decoding=\"async\" width=\"802\" height=\"290\" data-id=\"856\" src=\"https:\/\/sites.uel.br\/pdi\/wp-content\/uploads\/2022\/09\/Sertaneja.jpg\" alt=\"\" class=\"wp-image-856\" srcset=\"https:\/\/sites.uel.br\/pdi\/wp-content\/uploads\/2022\/09\/Sertaneja.jpg 802w, https:\/\/sites.uel.br\/pdi\/wp-content\/uploads\/2022\/09\/Sertaneja-300x108.jpg 300w, https:\/\/sites.uel.br\/pdi\/wp-content\/uploads\/2022\/09\/Sertaneja-768x278.jpg 768w\" sizes=\"auto, (max-width: 802px) 100vw, 802px\" \/><\/figure>\n<\/figure>\n<\/div>\n\n\n\n<div class=\"wp-block-column is-layout-flow wp-block-column-is-layout-flow\" style=\"flex-basis:25%\"><\/div>\n<\/div>\n\n\n\n<p>As terras que formam o Munic\u00edpio de Sertaneja foram adquiridas e loteadas pela CIA Agr\u00edcola Barbosa entre os anos 1940 e 1945, que pertenciam ao Munic\u00edpio de Corn\u00e9lio Proc\u00f3pio. A boa qualidade das terras, pr\u00f3prias para forma\u00e7\u00e3o de cafeeiros, atra\u00eda a cada dia grande n\u00famero de desbravadores, colonizadores com fibra e trabalho incans\u00e1vel, os quais deram in\u00edcio \u00e0 forma\u00e7\u00e3o desde pungente munic\u00edpio paranaense. O desenvolvimento acentuado\u00a0em todos os setores suscitou entre os habitantes o desejo de Cria\u00e7\u00e3o do Distrito Administrativo, o que foi conseguido atrav\u00e9s da Lei 690, de 14 de dezembro de 1950. A marcha do progresso teve continuidade e Sertaneja com pouco mais de sete anos de funda\u00e7\u00e3o passou de simples povoado, de distrito para a categoria de munic\u00edpio. Isto deu-se no dia 14 de novembro de 1951, por meio da Lei Estadual 790. O Munic\u00edpio de Sertaneja foi instalado no dia 14 de dezembro de 1952.<\/p>\n\n\n\n<p class=\"has-text-align-center\">O texto est\u00e1 citado na lista de refer\u00eancias como PERFIL RML (2014).<\/p>\n","protected":false},"excerpt":{"rendered":"<p>As terras que formam o Munic\u00edpio de Sertaneja foram adquiridas e loteadas pela CIA Agr\u00edcola Barbosa entre os anos 1940 e 1945, que pertenciam ao Munic\u00edpio de Corn\u00e9lio Proc\u00f3pio. A boa qualidade das terras, pr\u00f3prias para forma\u00e7\u00e3o de cafeeiros, atra\u00eda a cada dia grande n\u00famero de desbravadores, colonizadores com fibra e trabalho incans\u00e1vel, os quais [&hellip;]<\/p>\n","protected":false},"author":8,"featured_media":0,"parent":0,"menu_order":0,"comment_status":"closed","ping_status":"closed","template":"","meta":{"footnotes":""},"class_list":["post-855","page","type-page","status-publish","hentry"],"acf":[],"_links":{"self":[{"href":"https:\/\/sites.uel.br\/pdi\/wp-json\/wp\/v2\/pages\/855","targetHints":{"allow":["GET"]}}],"collection":[{"href":"https:\/\/sites.uel.br\/pdi\/wp-json\/wp\/v2\/pages"}],"about":[{"href":"https:\/\/sites.uel.br\/pdi\/wp-json\/wp\/v2\/types\/page"}],"author":[{"embeddable":true,"href":"https:\/\/sites.uel.br\/pdi\/wp-json\/wp\/v2\/users\/8"}],"replies":[{"embeddable":true,"href":"https:\/\/sites.uel.br\/pdi\/wp-json\/wp\/v2\/comments?post=855"}],"version-history":[{"count":1,"href":"https:\/\/sites.uel.br\/pdi\/wp-json\/wp\/v2\/pages\/855\/revisions"}],"predecessor-version":[{"id":857,"href":"https:\/\/sites.uel.br\/pdi\/wp-json\/wp\/v2\/pages\/855\/revisions\/857"}],"wp:attachment":[{"href":"https:\/\/sites.uel.br\/pdi\/wp-json\/wp\/v2\/media?parent=855"}],"curies":[{"name":"wp","href":"https:\/\/api.w.org\/{rel}","templated":true}]}}