{"id":852,"date":"2022-09-30T16:48:29","date_gmt":"2022-09-30T19:48:29","guid":{"rendered":"https:\/\/sites.uel.br\/pdi\/?page_id=852"},"modified":"2022-10-03T14:43:22","modified_gmt":"2022-10-03T17:43:22","slug":"sabaudia","status":"publish","type":"page","link":"https:\/\/sites.uel.br\/pdi\/sabaudia\/","title":{"rendered":"Sab\u00e1udia"},"content":{"rendered":"\n<div class=\"wp-block-columns is-layout-flex wp-container-core-columns-is-layout-9d6595d7 wp-block-columns-is-layout-flex\">\n<div class=\"wp-block-column is-layout-flow wp-block-column-is-layout-flow\" style=\"flex-basis:25%\"><\/div>\n\n\n\n<div class=\"wp-block-column is-layout-flow wp-block-column-is-layout-flow\" style=\"flex-basis:50%\">\n<figure class=\"wp-block-gallery has-nested-images columns-default is-cropped wp-block-gallery-1 is-layout-flex wp-block-gallery-is-layout-flex\">\n<figure class=\"wp-block-image size-large\"><img loading=\"lazy\" decoding=\"async\" width=\"800\" height=\"286\" data-id=\"853\" src=\"https:\/\/sites.uel.br\/pdi\/wp-content\/uploads\/2022\/09\/Sabaudia.jpg\" alt=\"\" class=\"wp-image-853\" srcset=\"https:\/\/sites.uel.br\/pdi\/wp-content\/uploads\/2022\/09\/Sabaudia.jpg 800w, https:\/\/sites.uel.br\/pdi\/wp-content\/uploads\/2022\/09\/Sabaudia-300x107.jpg 300w, https:\/\/sites.uel.br\/pdi\/wp-content\/uploads\/2022\/09\/Sabaudia-768x275.jpg 768w\" sizes=\"auto, (max-width: 800px) 100vw, 800px\" \/><\/figure>\n<\/figure>\n<\/div>\n\n\n\n<div class=\"wp-block-column is-layout-flow wp-block-column-is-layout-flow\" style=\"flex-basis:25%\"><\/div>\n<\/div>\n\n\n\n<p>A partir do ano de 1922, o Governo do Presidente Artur Bernardes promovia gest\u00f5es para t\u00e9cnicos ingleses virem ao Brasil estudar a situa\u00e7\u00e3o financeira, econ\u00f4mica e comercial, com vistas \u00e0 consolida\u00e7\u00e3o da d\u00edvida com a Inglaterra e \u00e0 reformula\u00e7\u00e3o do sistema tribut\u00e1rio. Foi assim que chegou ao Brasil uma miss\u00e3o inglesa que trazia entre seus membros Lordes&nbsp;Lovat, assessor para assuntos da agricultura e florestamento. Conhecendo o solo de boa qualidade e os anseios de imigrantes europeus \u00e1vidos em produzir boas colheitas, a Companhia adquiriu do Governo Estadual um total de 515 alqueires de terras. A grande gleba foi dividida em pequenos lotes. Para atrair compradores, principalmente os imigrantes, a Companhia procurou denominar as cidades e povoados com nomes ligados \u00e0 Europa e a regi\u00e3o recebeu o nome de Nova It\u00e1lia. Foi do povoado Nova It\u00e1lia que surgiu Sab\u00e1udia, que tamb\u00e9m \u00e9 um nome de origem italiana. A emancipa\u00e7\u00e3o pol\u00edtica do munic\u00edpio ganhou for\u00e7a com os grupos de pioneiros, os quais organizaram em reuni\u00e3o com a C\u00e2mara de Arapongas o pedido de emancipa\u00e7\u00e3o e levaram ao Governo do Estado do Paran\u00e1. Houve a emancipa\u00e7\u00e3o em 26 de novembro de 1954.<\/p>\n\n\n\n<p class=\"has-text-align-center\">O texto est\u00e1 citado na lista de refer\u00eancias como PERFIL RML (2014).<\/p>\n","protected":false},"excerpt":{"rendered":"<p>A partir do ano de 1922, o Governo do Presidente Artur Bernardes promovia gest\u00f5es para t\u00e9cnicos ingleses virem ao Brasil estudar a situa\u00e7\u00e3o financeira, econ\u00f4mica e comercial, com vistas \u00e0 consolida\u00e7\u00e3o da d\u00edvida com a Inglaterra e \u00e0 reformula\u00e7\u00e3o do sistema tribut\u00e1rio. Foi assim que chegou ao Brasil uma miss\u00e3o inglesa que trazia entre seus [&hellip;]<\/p>\n","protected":false},"author":8,"featured_media":0,"parent":0,"menu_order":0,"comment_status":"closed","ping_status":"closed","template":"","meta":{"footnotes":""},"class_list":["post-852","page","type-page","status-publish","hentry"],"acf":[],"_links":{"self":[{"href":"https:\/\/sites.uel.br\/pdi\/wp-json\/wp\/v2\/pages\/852","targetHints":{"allow":["GET"]}}],"collection":[{"href":"https:\/\/sites.uel.br\/pdi\/wp-json\/wp\/v2\/pages"}],"about":[{"href":"https:\/\/sites.uel.br\/pdi\/wp-json\/wp\/v2\/types\/page"}],"author":[{"embeddable":true,"href":"https:\/\/sites.uel.br\/pdi\/wp-json\/wp\/v2\/users\/8"}],"replies":[{"embeddable":true,"href":"https:\/\/sites.uel.br\/pdi\/wp-json\/wp\/v2\/comments?post=852"}],"version-history":[{"count":1,"href":"https:\/\/sites.uel.br\/pdi\/wp-json\/wp\/v2\/pages\/852\/revisions"}],"predecessor-version":[{"id":854,"href":"https:\/\/sites.uel.br\/pdi\/wp-json\/wp\/v2\/pages\/852\/revisions\/854"}],"wp:attachment":[{"href":"https:\/\/sites.uel.br\/pdi\/wp-json\/wp\/v2\/media?parent=852"}],"curies":[{"name":"wp","href":"https:\/\/api.w.org\/{rel}","templated":true}]}}