{"id":849,"date":"2022-09-30T16:47:25","date_gmt":"2022-09-30T19:47:25","guid":{"rendered":"https:\/\/sites.uel.br\/pdi\/?page_id=849"},"modified":"2022-10-03T14:43:16","modified_gmt":"2022-10-03T17:43:16","slug":"rolandia","status":"publish","type":"page","link":"https:\/\/sites.uel.br\/pdi\/rolandia\/","title":{"rendered":"Rol\u00e2ndia"},"content":{"rendered":"\n<div class=\"wp-block-columns is-layout-flex wp-container-core-columns-is-layout-9d6595d7 wp-block-columns-is-layout-flex\">\n<div class=\"wp-block-column is-layout-flow wp-block-column-is-layout-flow\" style=\"flex-basis:25%\"><\/div>\n\n\n\n<div class=\"wp-block-column is-layout-flow wp-block-column-is-layout-flow\" style=\"flex-basis:50%\">\n<figure class=\"wp-block-gallery has-nested-images columns-default is-cropped wp-block-gallery-1 is-layout-flex wp-block-gallery-is-layout-flex\">\n<figure class=\"wp-block-image size-large\"><img loading=\"lazy\" decoding=\"async\" width=\"804\" height=\"338\" data-id=\"850\" src=\"https:\/\/sites.uel.br\/pdi\/wp-content\/uploads\/2022\/09\/Rolandia.jpg\" alt=\"\" class=\"wp-image-850\" srcset=\"https:\/\/sites.uel.br\/pdi\/wp-content\/uploads\/2022\/09\/Rolandia.jpg 804w, https:\/\/sites.uel.br\/pdi\/wp-content\/uploads\/2022\/09\/Rolandia-300x126.jpg 300w, https:\/\/sites.uel.br\/pdi\/wp-content\/uploads\/2022\/09\/Rolandia-768x323.jpg 768w\" sizes=\"auto, (max-width: 804px) 100vw, 804px\" \/><\/figure>\n<\/figure>\n<\/div>\n\n\n\n<div class=\"wp-block-column is-layout-flow wp-block-column-is-layout-flow\" style=\"flex-basis:25%\"><\/div>\n<\/div>\n\n\n\n<p>O in\u00edcio do povoamento de Rol\u00e2ndia data de 1932, quando ali chegaram os primeiros colonos alem\u00e3es. Escolhido o local, foi dada ao mesmo tempo a denomina\u00e7\u00e3o de Gleba Roland. Criado atrav\u00e9s da Lei Estadual 199, de 30 de dezembro de 1943, foi instalado oficialmente em 1 de janeiro de 1944, sendo desmembrado de Londrina.<\/p>\n\n\n\n<p class=\"has-text-align-center\">O texto est\u00e1 citado na lista de refer\u00eancias como PERFIL RML (2014).<\/p>\n","protected":false},"excerpt":{"rendered":"<p>O in\u00edcio do povoamento de Rol\u00e2ndia data de 1932, quando ali chegaram os primeiros colonos alem\u00e3es. Escolhido o local, foi dada ao mesmo tempo a denomina\u00e7\u00e3o de Gleba Roland. Criado atrav\u00e9s da Lei Estadual 199, de 30 de dezembro de 1943, foi instalado oficialmente em 1 de janeiro de 1944, sendo desmembrado de Londrina. O [&hellip;]<\/p>\n","protected":false},"author":8,"featured_media":0,"parent":0,"menu_order":0,"comment_status":"closed","ping_status":"closed","template":"","meta":{"footnotes":""},"class_list":["post-849","page","type-page","status-publish","hentry"],"acf":[],"_links":{"self":[{"href":"https:\/\/sites.uel.br\/pdi\/wp-json\/wp\/v2\/pages\/849","targetHints":{"allow":["GET"]}}],"collection":[{"href":"https:\/\/sites.uel.br\/pdi\/wp-json\/wp\/v2\/pages"}],"about":[{"href":"https:\/\/sites.uel.br\/pdi\/wp-json\/wp\/v2\/types\/page"}],"author":[{"embeddable":true,"href":"https:\/\/sites.uel.br\/pdi\/wp-json\/wp\/v2\/users\/8"}],"replies":[{"embeddable":true,"href":"https:\/\/sites.uel.br\/pdi\/wp-json\/wp\/v2\/comments?post=849"}],"version-history":[{"count":1,"href":"https:\/\/sites.uel.br\/pdi\/wp-json\/wp\/v2\/pages\/849\/revisions"}],"predecessor-version":[{"id":851,"href":"https:\/\/sites.uel.br\/pdi\/wp-json\/wp\/v2\/pages\/849\/revisions\/851"}],"wp:attachment":[{"href":"https:\/\/sites.uel.br\/pdi\/wp-json\/wp\/v2\/media?parent=849"}],"curies":[{"name":"wp","href":"https:\/\/api.w.org\/{rel}","templated":true}]}}