{"id":843,"date":"2022-09-30T16:44:58","date_gmt":"2022-09-30T19:44:58","guid":{"rendered":"https:\/\/sites.uel.br\/pdi\/?page_id=843"},"modified":"2022-10-03T14:43:06","modified_gmt":"2022-10-03T17:43:06","slug":"rancho-alegre","status":"publish","type":"page","link":"https:\/\/sites.uel.br\/pdi\/rancho-alegre\/","title":{"rendered":"Rancho Alegre"},"content":{"rendered":"\n<div class=\"wp-block-columns is-layout-flex wp-container-core-columns-is-layout-9d6595d7 wp-block-columns-is-layout-flex\">\n<div class=\"wp-block-column is-layout-flow wp-block-column-is-layout-flow\" style=\"flex-basis:25%\"><\/div>\n\n\n\n<div class=\"wp-block-column is-layout-flow wp-block-column-is-layout-flow\" style=\"flex-basis:50%\">\n<figure class=\"wp-block-gallery has-nested-images columns-default is-cropped wp-block-gallery-1 is-layout-flex wp-block-gallery-is-layout-flex\">\n<figure class=\"wp-block-image size-large\"><img loading=\"lazy\" decoding=\"async\" width=\"804\" height=\"288\" data-id=\"844\" src=\"https:\/\/sites.uel.br\/pdi\/wp-content\/uploads\/2022\/09\/Racho-Alegre.jpg\" alt=\"\" class=\"wp-image-844\" srcset=\"https:\/\/sites.uel.br\/pdi\/wp-content\/uploads\/2022\/09\/Racho-Alegre.jpg 804w, https:\/\/sites.uel.br\/pdi\/wp-content\/uploads\/2022\/09\/Racho-Alegre-300x107.jpg 300w, https:\/\/sites.uel.br\/pdi\/wp-content\/uploads\/2022\/09\/Racho-Alegre-768x275.jpg 768w\" sizes=\"auto, (max-width: 804px) 100vw, 804px\" \/><\/figure>\n<\/figure>\n<\/div>\n\n\n\n<div class=\"wp-block-column is-layout-flow wp-block-column-is-layout-flow\" style=\"flex-basis:25%\"><\/div>\n<\/div>\n\n\n\n<p>O territ\u00f3rio do munic\u00edpio de Rancho Alegre teve grandes movimenta\u00e7\u00f5es por conta da estrada&nbsp;boiadeira&nbsp;que cortava a regi\u00e3o. Existia incipiente povoado na regi\u00e3o quando por ali chegou a Companhia de Terras Barbosa, que adquirindo terras, demarcou-as e vendeu-as ap\u00f3s portentosa campanha publicit\u00e1ria. Foi elevado \u00e0 categoria de Distrito em 27 de janeiro de 1951. Em 25 de julho de 1960, pela Lei Estadual 4.245, foi criado o Munic\u00edpio de Rancho Alegre. A instala\u00e7\u00e3o se deu em 29 de agosto de 1960 com a posse do Sr. Pedro Moreira do Prado, prefeito nomeado. Comemora-se o dia do mencionado munic\u00edpio em 19 de novembro. A primeira elei\u00e7\u00e3o para o executivo e o legislativo ocorreu em 8 de outubro de 1961. A denomina\u00e7\u00e3o da cidade origina-se de um pequeno rancho, constru\u00eddo \u00e0s margens da antiga estrada&nbsp;boiadeira, sendo que neste lugar os primeiros moradores do povoado se reuniam para promover festas e dan\u00e7as, passando ent\u00e3o a ser conhecido como um rancho alegre, denomina\u00e7\u00e3o que se perpetuou atrav\u00e9s dos tempos.<\/p>\n\n\n\n<p class=\"has-text-align-center\">O texto est\u00e1 citado na lista de refer\u00eancias como PERFIL RML (2014).<\/p>\n","protected":false},"excerpt":{"rendered":"<p>O territ\u00f3rio do munic\u00edpio de Rancho Alegre teve grandes movimenta\u00e7\u00f5es por conta da estrada&nbsp;boiadeira&nbsp;que cortava a regi\u00e3o. Existia incipiente povoado na regi\u00e3o quando por ali chegou a Companhia de Terras Barbosa, que adquirindo terras, demarcou-as e vendeu-as ap\u00f3s portentosa campanha publicit\u00e1ria. Foi elevado \u00e0 categoria de Distrito em 27 de janeiro de 1951. Em 25 [&hellip;]<\/p>\n","protected":false},"author":8,"featured_media":0,"parent":0,"menu_order":0,"comment_status":"closed","ping_status":"closed","template":"","meta":{"footnotes":""},"class_list":["post-843","page","type-page","status-publish","hentry"],"acf":[],"_links":{"self":[{"href":"https:\/\/sites.uel.br\/pdi\/wp-json\/wp\/v2\/pages\/843","targetHints":{"allow":["GET"]}}],"collection":[{"href":"https:\/\/sites.uel.br\/pdi\/wp-json\/wp\/v2\/pages"}],"about":[{"href":"https:\/\/sites.uel.br\/pdi\/wp-json\/wp\/v2\/types\/page"}],"author":[{"embeddable":true,"href":"https:\/\/sites.uel.br\/pdi\/wp-json\/wp\/v2\/users\/8"}],"replies":[{"embeddable":true,"href":"https:\/\/sites.uel.br\/pdi\/wp-json\/wp\/v2\/comments?post=843"}],"version-history":[{"count":1,"href":"https:\/\/sites.uel.br\/pdi\/wp-json\/wp\/v2\/pages\/843\/revisions"}],"predecessor-version":[{"id":845,"href":"https:\/\/sites.uel.br\/pdi\/wp-json\/wp\/v2\/pages\/843\/revisions\/845"}],"wp:attachment":[{"href":"https:\/\/sites.uel.br\/pdi\/wp-json\/wp\/v2\/media?parent=843"}],"curies":[{"name":"wp","href":"https:\/\/api.w.org\/{rel}","templated":true}]}}