{"id":840,"date":"2022-09-30T16:43:48","date_gmt":"2022-09-30T19:43:48","guid":{"rendered":"https:\/\/sites.uel.br\/pdi\/?page_id=840"},"modified":"2022-10-03T14:42:56","modified_gmt":"2022-10-03T17:42:56","slug":"primeiro-de-maio","status":"publish","type":"page","link":"https:\/\/sites.uel.br\/pdi\/primeiro-de-maio\/","title":{"rendered":"Primeiro de Maio"},"content":{"rendered":"\n<div class=\"wp-block-columns is-layout-flex wp-container-core-columns-is-layout-9d6595d7 wp-block-columns-is-layout-flex\">\n<div class=\"wp-block-column is-layout-flow wp-block-column-is-layout-flow\" style=\"flex-basis:25%\"><\/div>\n\n\n\n<div class=\"wp-block-column is-layout-flow wp-block-column-is-layout-flow\" style=\"flex-basis:50%\">\n<figure class=\"wp-block-gallery has-nested-images columns-default is-cropped wp-block-gallery-1 is-layout-flex wp-block-gallery-is-layout-flex\">\n<figure class=\"wp-block-image size-large\"><img loading=\"lazy\" decoding=\"async\" width=\"802\" height=\"290\" data-id=\"841\" src=\"https:\/\/sites.uel.br\/pdi\/wp-content\/uploads\/2022\/09\/Primeiro-de-Maio.jpg\" alt=\"\" class=\"wp-image-841\" srcset=\"https:\/\/sites.uel.br\/pdi\/wp-content\/uploads\/2022\/09\/Primeiro-de-Maio.jpg 802w, https:\/\/sites.uel.br\/pdi\/wp-content\/uploads\/2022\/09\/Primeiro-de-Maio-300x108.jpg 300w, https:\/\/sites.uel.br\/pdi\/wp-content\/uploads\/2022\/09\/Primeiro-de-Maio-768x278.jpg 768w\" sizes=\"auto, (max-width: 802px) 100vw, 802px\" \/><\/figure>\n<\/figure>\n<\/div>\n\n\n\n<div class=\"wp-block-column is-layout-flow wp-block-column-is-layout-flow\" style=\"flex-basis:25%\"><\/div>\n<\/div>\n\n\n\n<p>A coloniza\u00e7\u00e3o do atual Munic\u00edpio Primeiro de Maio se iniciou no ano de 1915. Francisco Augusto de Oliveira e o eslavo\u00a0FransciscoSilowski\u00a0se\u00a0\u00e0s margens do Rio Paranapanema, pr\u00f3ximo \u00e0 barra do Tibagi, e come\u00e7aram a semear a terra. Em 1920, o ent\u00e3o governador Afonso Alves de Camargo come\u00e7ou a realizar seu plano de ocupa\u00e7\u00e3o do territ\u00f3rio paranaense, iniciando uma corrente migrat\u00f3rio para o interior. A partir de 1922, chegaram na regi\u00e3o as fam\u00edlias de Domingos\u00a0Denardi, Francisco\u00a0Denardi, Jo\u00e3o Batista Pereira, Eleut\u00e9rio\u00a0Derozzo\u00a0e tantas outras que seguiram com os ideais pioneiros. Para facilitar o fluxo, diante da dificuldade de acesso \u00e0 regi\u00e3o, os pioneiros se estabeleceram o mais pr\u00f3ximo poss\u00edvel da foz do Rio Tibagi, no Rio Paranapanema; formando ali um pequeno povoado, por\u00e9m n\u00e3o era adequada pela vulnerabilidade \u00e0 mal\u00e1ria. Em 1928, o Sr. Jos\u00e9\u00a0Correia\u00a0P\u00f4rto\u00a0de Abreu tomou a decis\u00e3o de mudar a localiza\u00e7\u00e3o da col\u00f4nia para o lugar onde atualmente se encontra o Munic\u00edpio Primeiro de Maio.<\/p>\n\n\n\n<p class=\"has-text-align-center\">O texto est\u00e1 citado na lista de refer\u00eancias como PERFIL RML (2014).<\/p>\n","protected":false},"excerpt":{"rendered":"<p>A coloniza\u00e7\u00e3o do atual Munic\u00edpio Primeiro de Maio se iniciou no ano de 1915. Francisco Augusto de Oliveira e o eslavo\u00a0FransciscoSilowski\u00a0se\u00a0\u00e0s margens do Rio Paranapanema, pr\u00f3ximo \u00e0 barra do Tibagi, e come\u00e7aram a semear a terra. Em 1920, o ent\u00e3o governador Afonso Alves de Camargo come\u00e7ou a realizar seu plano de ocupa\u00e7\u00e3o do territ\u00f3rio paranaense, [&hellip;]<\/p>\n","protected":false},"author":8,"featured_media":0,"parent":0,"menu_order":0,"comment_status":"closed","ping_status":"closed","template":"","meta":{"footnotes":""},"class_list":["post-840","page","type-page","status-publish","hentry"],"acf":[],"_links":{"self":[{"href":"https:\/\/sites.uel.br\/pdi\/wp-json\/wp\/v2\/pages\/840","targetHints":{"allow":["GET"]}}],"collection":[{"href":"https:\/\/sites.uel.br\/pdi\/wp-json\/wp\/v2\/pages"}],"about":[{"href":"https:\/\/sites.uel.br\/pdi\/wp-json\/wp\/v2\/types\/page"}],"author":[{"embeddable":true,"href":"https:\/\/sites.uel.br\/pdi\/wp-json\/wp\/v2\/users\/8"}],"replies":[{"embeddable":true,"href":"https:\/\/sites.uel.br\/pdi\/wp-json\/wp\/v2\/comments?post=840"}],"version-history":[{"count":1,"href":"https:\/\/sites.uel.br\/pdi\/wp-json\/wp\/v2\/pages\/840\/revisions"}],"predecessor-version":[{"id":842,"href":"https:\/\/sites.uel.br\/pdi\/wp-json\/wp\/v2\/pages\/840\/revisions\/842"}],"wp:attachment":[{"href":"https:\/\/sites.uel.br\/pdi\/wp-json\/wp\/v2\/media?parent=840"}],"curies":[{"name":"wp","href":"https:\/\/api.w.org\/{rel}","templated":true}]}}