{"id":837,"date":"2022-09-30T16:42:29","date_gmt":"2022-09-30T19:42:29","guid":{"rendered":"https:\/\/sites.uel.br\/pdi\/?page_id=837"},"modified":"2022-10-17T13:34:52","modified_gmt":"2022-10-17T16:34:52","slug":"porecatu","status":"publish","type":"page","link":"https:\/\/sites.uel.br\/pdi\/porecatu\/","title":{"rendered":"Porecatu"},"content":{"rendered":"\n<div class=\"wp-block-columns is-layout-flex wp-container-core-columns-is-layout-9d6595d7 wp-block-columns-is-layout-flex\">\n<div class=\"wp-block-column is-layout-flow wp-block-column-is-layout-flow\" style=\"flex-basis:25%\"><\/div>\n\n\n\n<div class=\"wp-block-column is-layout-flow wp-block-column-is-layout-flow\" style=\"flex-basis:50%\">\n<figure class=\"wp-block-gallery has-nested-images columns-default is-cropped wp-block-gallery-1 is-layout-flex wp-block-gallery-is-layout-flex\">\n<figure class=\"wp-block-image size-large\"><img loading=\"lazy\" decoding=\"async\" width=\"802\" height=\"294\" data-id=\"838\" src=\"https:\/\/sites.uel.br\/pdi\/wp-content\/uploads\/2022\/09\/Porecatu.jpg\" alt=\"\" class=\"wp-image-838\" srcset=\"https:\/\/sites.uel.br\/pdi\/wp-content\/uploads\/2022\/09\/Porecatu.jpg 802w, https:\/\/sites.uel.br\/pdi\/wp-content\/uploads\/2022\/09\/Porecatu-300x110.jpg 300w, https:\/\/sites.uel.br\/pdi\/wp-content\/uploads\/2022\/09\/Porecatu-768x282.jpg 768w\" sizes=\"auto, (max-width: 802px) 100vw, 802px\" \/><\/figure>\n<\/figure>\n<\/div>\n\n\n\n<div class=\"wp-block-column is-layout-flow wp-block-column-is-layout-flow\" style=\"flex-basis:25%\"><\/div>\n<\/div>\n\n\n\n<p>Foi fundado em 1941, por Ricardo\u00a0Lunardelli\u00a0e seus filhos Jo\u00e3o e Urbano. Propriet\u00e1rio de uma vasta gleba de terras, dividiu-se em lotes e as vendeu, facilitando assim, sua aquisi\u00e7\u00e3o por parte de grande n\u00famero de colonos, promovendo o povoamento da regi\u00e3o. A Usina Central do Paran\u00e1, Agricultura, Ind\u00fastria e Com\u00e9rcio, o maior complexo industrial sucroalcooleiro do Paran\u00e1, consolidou o desenvolvimento e progresso da regi\u00e3o norte do Estado. A primeira denomina\u00e7\u00e3o dada pelos\u00a0Lunardelli\u00a0a este povoado foi Bras\u00edlia. Pela Lei Estadual 199, de 30 de dezembro de 1943, passou a ser Distrito Judici\u00e1rio da Comarca de Sertan\u00f3polis e denominou-se Porecatu, que em Tupi-Guarani significa Cachoeira Bonita,\u00a0originado em Salto Capivara do Rio Paranapanema. Em 1947 foi elevado \u00e0 categoria de munic\u00edpio pela Lei 2, de 11 de Outubro de 1947, sendo desmembrado de Sertan\u00f3polis e instalado no dia 5 de novembro do mesmo ano.<\/p>\n\n\n\n<p class=\"has-text-align-center\">O texto est\u00e1 citado na lista de refer\u00eancias como PERFIL RML (2014).<\/p>\n","protected":false},"excerpt":{"rendered":"<p>Foi fundado em 1941, por Ricardo\u00a0Lunardelli\u00a0e seus filhos Jo\u00e3o e Urbano. Propriet\u00e1rio de uma vasta gleba de terras, dividiu-se em lotes e as vendeu, facilitando assim, sua aquisi\u00e7\u00e3o por parte de grande n\u00famero de colonos, promovendo o povoamento da regi\u00e3o. A Usina Central do Paran\u00e1, Agricultura, Ind\u00fastria e Com\u00e9rcio, o maior complexo industrial sucroalcooleiro do [&hellip;]<\/p>\n","protected":false},"author":8,"featured_media":0,"parent":0,"menu_order":0,"comment_status":"closed","ping_status":"closed","template":"","meta":{"footnotes":""},"class_list":["post-837","page","type-page","status-publish","hentry"],"acf":[],"_links":{"self":[{"href":"https:\/\/sites.uel.br\/pdi\/wp-json\/wp\/v2\/pages\/837","targetHints":{"allow":["GET"]}}],"collection":[{"href":"https:\/\/sites.uel.br\/pdi\/wp-json\/wp\/v2\/pages"}],"about":[{"href":"https:\/\/sites.uel.br\/pdi\/wp-json\/wp\/v2\/types\/page"}],"author":[{"embeddable":true,"href":"https:\/\/sites.uel.br\/pdi\/wp-json\/wp\/v2\/users\/8"}],"replies":[{"embeddable":true,"href":"https:\/\/sites.uel.br\/pdi\/wp-json\/wp\/v2\/comments?post=837"}],"version-history":[{"count":2,"href":"https:\/\/sites.uel.br\/pdi\/wp-json\/wp\/v2\/pages\/837\/revisions"}],"predecessor-version":[{"id":1288,"href":"https:\/\/sites.uel.br\/pdi\/wp-json\/wp\/v2\/pages\/837\/revisions\/1288"}],"wp:attachment":[{"href":"https:\/\/sites.uel.br\/pdi\/wp-json\/wp\/v2\/media?parent=837"}],"curies":[{"name":"wp","href":"https:\/\/api.w.org\/{rel}","templated":true}]}}