{"id":831,"date":"2022-09-30T16:39:42","date_gmt":"2022-09-30T19:39:42","guid":{"rendered":"https:\/\/sites.uel.br\/pdi\/?page_id=831"},"modified":"2022-10-03T14:42:15","modified_gmt":"2022-10-03T17:42:15","slug":"miraselva","status":"publish","type":"page","link":"https:\/\/sites.uel.br\/pdi\/miraselva\/","title":{"rendered":"Miraselva"},"content":{"rendered":"\n<div class=\"wp-block-columns is-layout-flex wp-container-core-columns-is-layout-9d6595d7 wp-block-columns-is-layout-flex\">\n<div class=\"wp-block-column is-layout-flow wp-block-column-is-layout-flow\" style=\"flex-basis:25%\"><\/div>\n\n\n\n<div class=\"wp-block-column is-layout-flow wp-block-column-is-layout-flow\" style=\"flex-basis:50%\">\n<figure class=\"wp-block-gallery has-nested-images columns-default is-cropped wp-block-gallery-1 is-layout-flex wp-block-gallery-is-layout-flex\">\n<figure class=\"wp-block-image size-large\"><img loading=\"lazy\" decoding=\"async\" width=\"802\" height=\"286\" data-id=\"832\" src=\"https:\/\/sites.uel.br\/pdi\/wp-content\/uploads\/2022\/09\/Miraselva.jpg\" alt=\"\" class=\"wp-image-832\" srcset=\"https:\/\/sites.uel.br\/pdi\/wp-content\/uploads\/2022\/09\/Miraselva.jpg 802w, https:\/\/sites.uel.br\/pdi\/wp-content\/uploads\/2022\/09\/Miraselva-300x107.jpg 300w, https:\/\/sites.uel.br\/pdi\/wp-content\/uploads\/2022\/09\/Miraselva-768x274.jpg 768w\" sizes=\"auto, (max-width: 802px) 100vw, 802px\" \/><\/figure>\n<\/figure>\n<\/div>\n\n\n\n<div class=\"wp-block-column is-layout-flow wp-block-column-is-layout-flow\" style=\"flex-basis:25%\"><\/div>\n<\/div>\n\n\n\n<p>Entre 1948 e 1950 surgiu a ideia de se fundar um patrim\u00f4nio onde hoje se acha a sede municipal de Miraselva. A denomina\u00e7\u00e3o da localidade est\u00e1 relacionada com a exclama\u00e7\u00e3o de um dos exploradores da regi\u00e3o, de descend\u00eancia espanhola, que ao se deparar com a floresta imensa disse: \u201cMira\u00a0la\u00a0selva\u201d, que ser dizer \u201cOlha a mata!\u201d. Posteriormente, generalizando-se, veio a ser a denomina\u00e7\u00e3o do n\u00facleo Miraselva. Com a experi\u00eancia adquirida ao longo dos anos, o corretor de im\u00f3veis\u00a0Izac\u00a0Junqueira p\u00f4s em pr\u00e1tica um bom plano de comercializa\u00e7\u00e3o dos terrenos. No entanto, o local escolhido n\u00e3o pertencia a uma s\u00f3 pessoa, sendo necess\u00e1rio que\u00a0Izac\u00a0persuadisse aos diversos propriet\u00e1rios do lugar, que eram as fam\u00edlias\u00a0Tonin,\u00a0C\u00f3simo,\u00a0Volpato\u00a0e\u00a0Cavalheri. T\u00e3o logo foi dado o consentimento, iniciou-se o servi\u00e7o de demarca\u00e7\u00e3o topogr\u00e1fico do futuro\u00a0povoado. Os primeiros propriet\u00e1rios dos lotes foram as fam\u00edlias\u00a0Boava, Tavares, Nassar, Juliani,\u00a0Camilotti, Ferreira,\u00a0Bacalon,\u00a0Miquilini,\u00a0Cavalheri,\u00a0C\u00f3simo\u00a0e\u00a0Tonin.<\/p>\n\n\n\n<p class=\"has-text-align-center\">O texto est\u00e1 citado na lista de refer\u00eancias como PERFIL RML (2014).<\/p>\n","protected":false},"excerpt":{"rendered":"<p>Entre 1948 e 1950 surgiu a ideia de se fundar um patrim\u00f4nio onde hoje se acha a sede municipal de Miraselva. A denomina\u00e7\u00e3o da localidade est\u00e1 relacionada com a exclama\u00e7\u00e3o de um dos exploradores da regi\u00e3o, de descend\u00eancia espanhola, que ao se deparar com a floresta imensa disse: \u201cMira\u00a0la\u00a0selva\u201d, que ser dizer \u201cOlha a mata!\u201d. [&hellip;]<\/p>\n","protected":false},"author":8,"featured_media":0,"parent":0,"menu_order":0,"comment_status":"closed","ping_status":"closed","template":"","meta":{"footnotes":""},"class_list":["post-831","page","type-page","status-publish","hentry"],"acf":[],"_links":{"self":[{"href":"https:\/\/sites.uel.br\/pdi\/wp-json\/wp\/v2\/pages\/831","targetHints":{"allow":["GET"]}}],"collection":[{"href":"https:\/\/sites.uel.br\/pdi\/wp-json\/wp\/v2\/pages"}],"about":[{"href":"https:\/\/sites.uel.br\/pdi\/wp-json\/wp\/v2\/types\/page"}],"author":[{"embeddable":true,"href":"https:\/\/sites.uel.br\/pdi\/wp-json\/wp\/v2\/users\/8"}],"replies":[{"embeddable":true,"href":"https:\/\/sites.uel.br\/pdi\/wp-json\/wp\/v2\/comments?post=831"}],"version-history":[{"count":1,"href":"https:\/\/sites.uel.br\/pdi\/wp-json\/wp\/v2\/pages\/831\/revisions"}],"predecessor-version":[{"id":833,"href":"https:\/\/sites.uel.br\/pdi\/wp-json\/wp\/v2\/pages\/831\/revisions\/833"}],"wp:attachment":[{"href":"https:\/\/sites.uel.br\/pdi\/wp-json\/wp\/v2\/media?parent=831"}],"curies":[{"name":"wp","href":"https:\/\/api.w.org\/{rel}","templated":true}]}}