{"id":828,"date":"2022-09-30T16:38:27","date_gmt":"2022-09-30T19:38:27","guid":{"rendered":"https:\/\/sites.uel.br\/pdi\/?page_id=828"},"modified":"2022-10-03T14:41:59","modified_gmt":"2022-10-03T17:41:59","slug":"lupionopolis","status":"publish","type":"page","link":"https:\/\/sites.uel.br\/pdi\/lupionopolis\/","title":{"rendered":"Lupion\u00f3polis"},"content":{"rendered":"\n<div class=\"wp-block-columns is-layout-flex wp-container-core-columns-is-layout-9d6595d7 wp-block-columns-is-layout-flex\">\n<div class=\"wp-block-column is-layout-flow wp-block-column-is-layout-flow\" style=\"flex-basis:25%\"><\/div>\n\n\n\n<div class=\"wp-block-column is-layout-flow wp-block-column-is-layout-flow\" style=\"flex-basis:50%\">\n<figure class=\"wp-block-gallery has-nested-images columns-default is-cropped wp-block-gallery-1 is-layout-flex wp-block-gallery-is-layout-flex\">\n<figure class=\"wp-block-image size-large\"><img loading=\"lazy\" decoding=\"async\" width=\"802\" height=\"286\" data-id=\"829\" src=\"https:\/\/sites.uel.br\/pdi\/wp-content\/uploads\/2022\/09\/Lupionopolis.jpg\" alt=\"\" class=\"wp-image-829\" srcset=\"https:\/\/sites.uel.br\/pdi\/wp-content\/uploads\/2022\/09\/Lupionopolis.jpg 802w, https:\/\/sites.uel.br\/pdi\/wp-content\/uploads\/2022\/09\/Lupionopolis-300x107.jpg 300w, https:\/\/sites.uel.br\/pdi\/wp-content\/uploads\/2022\/09\/Lupionopolis-768x274.jpg 768w\" sizes=\"auto, (max-width: 802px) 100vw, 802px\" \/><\/figure>\n<\/figure>\n<\/div>\n\n\n\n<div class=\"wp-block-column is-layout-flow wp-block-column-is-layout-flow\" style=\"flex-basis:25%\"><\/div>\n<\/div>\n\n\n\n<p>A Empresa Imobili\u00e1ria&nbsp;Aniz&nbsp;Abud&nbsp;&amp; Cia. Ltda requereu e obteve do Governo do Estado do Paran\u00e1 a concess\u00e3o de uma gleba de terras, denominada de Gleba Zacarias de&nbsp;Goes, situada na regi\u00e3o onde atualmente se localiza o Munic\u00edpio de Lupion\u00f3polis. Aquela empresa, depois de medir e demarcar os per\u00edmetros urbano e rural, mandou construir \u00e0s suas expensas cerca de 30 por cento das casas do povoado, vendendo-as, juntamente com os lotes, com facilidades de pagamento, aos interessados em se estabelecer na localidade, dando in\u00edcio \u00e0 forma\u00e7\u00e3o do Povoado de Lupion\u00f3polis. A venda de terras, tanto na zona urbana quanto na rural, foram incrementada e a popula\u00e7\u00e3o de Lupion\u00f3polis cresceu com rapidez. Dedicando-se \u00e0s atividades agr\u00edcolas, os moradores do novo Patrim\u00f4nio encontraram, principalmente na cultura do caf\u00e9, o seu mais importante fator de progresso e de riqueza, de tal forma que, em pouco tempo, o patrim\u00f4nio era elevado diretamente a munic\u00edpio. Assim, em 1951, foi criado o Munic\u00edpio de Lupion\u00f3polis, pela Lei 613, de 27 de janeiro de 1951, com territ\u00f3rio desmembrado do de&nbsp;Jaguapit\u00e3, permanecendo com a mesma denomina\u00e7\u00e3o em homenagem ao ent\u00e3o Governador do Estado do Paran\u00e1, Moys\u00e9s&nbsp;Lupion.<\/p>\n\n\n\n<p class=\"has-text-align-center\">O texto est\u00e1 citado na lista de refer\u00eancias como PERFIL RML (2014).<\/p>\n","protected":false},"excerpt":{"rendered":"<p>A Empresa Imobili\u00e1ria&nbsp;Aniz&nbsp;Abud&nbsp;&amp; Cia. Ltda requereu e obteve do Governo do Estado do Paran\u00e1 a concess\u00e3o de uma gleba de terras, denominada de Gleba Zacarias de&nbsp;Goes, situada na regi\u00e3o onde atualmente se localiza o Munic\u00edpio de Lupion\u00f3polis. Aquela empresa, depois de medir e demarcar os per\u00edmetros urbano e rural, mandou construir \u00e0s suas expensas cerca [&hellip;]<\/p>\n","protected":false},"author":8,"featured_media":0,"parent":0,"menu_order":0,"comment_status":"closed","ping_status":"closed","template":"","meta":{"footnotes":""},"class_list":["post-828","page","type-page","status-publish","hentry"],"acf":[],"_links":{"self":[{"href":"https:\/\/sites.uel.br\/pdi\/wp-json\/wp\/v2\/pages\/828","targetHints":{"allow":["GET"]}}],"collection":[{"href":"https:\/\/sites.uel.br\/pdi\/wp-json\/wp\/v2\/pages"}],"about":[{"href":"https:\/\/sites.uel.br\/pdi\/wp-json\/wp\/v2\/types\/page"}],"author":[{"embeddable":true,"href":"https:\/\/sites.uel.br\/pdi\/wp-json\/wp\/v2\/users\/8"}],"replies":[{"embeddable":true,"href":"https:\/\/sites.uel.br\/pdi\/wp-json\/wp\/v2\/comments?post=828"}],"version-history":[{"count":1,"href":"https:\/\/sites.uel.br\/pdi\/wp-json\/wp\/v2\/pages\/828\/revisions"}],"predecessor-version":[{"id":830,"href":"https:\/\/sites.uel.br\/pdi\/wp-json\/wp\/v2\/pages\/828\/revisions\/830"}],"wp:attachment":[{"href":"https:\/\/sites.uel.br\/pdi\/wp-json\/wp\/v2\/media?parent=828"}],"curies":[{"name":"wp","href":"https:\/\/api.w.org\/{rel}","templated":true}]}}