{"id":822,"date":"2022-09-30T16:36:25","date_gmt":"2022-09-30T19:36:25","guid":{"rendered":"https:\/\/sites.uel.br\/pdi\/?page_id=822"},"modified":"2022-10-17T13:34:15","modified_gmt":"2022-10-17T16:34:15","slug":"jaguapita","status":"publish","type":"page","link":"https:\/\/sites.uel.br\/pdi\/jaguapita\/","title":{"rendered":"Jaguapit\u00e3"},"content":{"rendered":"\n<div class=\"wp-block-columns is-layout-flex wp-container-core-columns-is-layout-9d6595d7 wp-block-columns-is-layout-flex\">\n<div class=\"wp-block-column is-layout-flow wp-block-column-is-layout-flow\" style=\"flex-basis:25%\"><\/div>\n\n\n\n<div class=\"wp-block-column is-layout-flow wp-block-column-is-layout-flow\" style=\"flex-basis:50%\">\n<figure class=\"wp-block-gallery has-nested-images columns-default is-cropped wp-block-gallery-1 is-layout-flex wp-block-gallery-is-layout-flex\">\n<figure class=\"wp-block-image size-large\"><img loading=\"lazy\" decoding=\"async\" width=\"804\" height=\"290\" data-id=\"823\" src=\"https:\/\/sites.uel.br\/pdi\/wp-content\/uploads\/2022\/09\/Jaguapita.jpg\" alt=\"\" class=\"wp-image-823\" srcset=\"https:\/\/sites.uel.br\/pdi\/wp-content\/uploads\/2022\/09\/Jaguapita.jpg 804w, https:\/\/sites.uel.br\/pdi\/wp-content\/uploads\/2022\/09\/Jaguapita-300x108.jpg 300w, https:\/\/sites.uel.br\/pdi\/wp-content\/uploads\/2022\/09\/Jaguapita-768x277.jpg 768w\" sizes=\"auto, (max-width: 804px) 100vw, 804px\" \/><\/figure>\n<\/figure>\n<\/div>\n\n\n\n<div class=\"wp-block-column is-layout-flow wp-block-column-is-layout-flow\" style=\"flex-basis:25%\"><\/div>\n<\/div>\n\n\n\n<p>Surgida com a aflu\u00eancia de pessoas de outros estados em dire\u00e7\u00e3o \u00e0s terras situadas no setentri\u00e3o paranaense, prop\u00edcias ao cultivo de toda esp\u00e9cie de cereais, notadamente ao do caf\u00e9. A sede do munic\u00edpio surgiu em meados de 1937, ano em que ali chegou a caravana composta de v\u00e1rias fam\u00edlias, das quais se destacaram as dos Srs.\u00a0Antonio\u00a0Pinto e\u00a0Izaltino\u00a0Rodrigues, consideradas como as fundadoras da localidade. Lan\u00e7ados os seus fundamentos, a localidade floresceu t\u00e3o logo foi constitu\u00eddo o Patrim\u00f4nio denominado S\u00e3o Jos\u00e9 dos Bandeirantes. Em 1940, teve seu nome substitu\u00eddo para Col\u00f4nia S\u00e3o Jos\u00e9 dos Bandeirantes, que progrediu ainda mais, devido \u00e0 aflu\u00eancia, nos anos de 1941 a 1943, de in\u00fameras outras fam\u00edlias e de tal maneira cresceu que, pelo Decreto Lei 199, de 30 de dezembro de 1943,\u00a0foi elevada \u00e0 categoria de Vila, com a nova e atual denomina\u00e7\u00e3o de\u00a0Jaguapit\u00e3. Pertencendo, desde o in\u00edcio ao munic\u00edpio de Sertan\u00f3polis, continuou a integr\u00e1-lo at\u00e9 1947, \u00e9poca em que foi dele desmembrado para se constituir em novo munic\u00edpio, criado pela Lei Estadual 2, de 11 de outubro daquele ano.<\/p>\n\n\n\n<p class=\"has-text-align-center\">O texto est\u00e1 citado na lista de refer\u00eancias como PERFIL RML (2014).<\/p>\n","protected":false},"excerpt":{"rendered":"<p>Surgida com a aflu\u00eancia de pessoas de outros estados em dire\u00e7\u00e3o \u00e0s terras situadas no setentri\u00e3o paranaense, prop\u00edcias ao cultivo de toda esp\u00e9cie de cereais, notadamente ao do caf\u00e9. A sede do munic\u00edpio surgiu em meados de 1937, ano em que ali chegou a caravana composta de v\u00e1rias fam\u00edlias, das quais se destacaram as dos [&hellip;]<\/p>\n","protected":false},"author":8,"featured_media":0,"parent":0,"menu_order":0,"comment_status":"closed","ping_status":"closed","template":"","meta":{"footnotes":""},"class_list":["post-822","page","type-page","status-publish","hentry"],"acf":[],"_links":{"self":[{"href":"https:\/\/sites.uel.br\/pdi\/wp-json\/wp\/v2\/pages\/822","targetHints":{"allow":["GET"]}}],"collection":[{"href":"https:\/\/sites.uel.br\/pdi\/wp-json\/wp\/v2\/pages"}],"about":[{"href":"https:\/\/sites.uel.br\/pdi\/wp-json\/wp\/v2\/types\/page"}],"author":[{"embeddable":true,"href":"https:\/\/sites.uel.br\/pdi\/wp-json\/wp\/v2\/users\/8"}],"replies":[{"embeddable":true,"href":"https:\/\/sites.uel.br\/pdi\/wp-json\/wp\/v2\/comments?post=822"}],"version-history":[{"count":2,"href":"https:\/\/sites.uel.br\/pdi\/wp-json\/wp\/v2\/pages\/822\/revisions"}],"predecessor-version":[{"id":1286,"href":"https:\/\/sites.uel.br\/pdi\/wp-json\/wp\/v2\/pages\/822\/revisions\/1286"}],"wp:attachment":[{"href":"https:\/\/sites.uel.br\/pdi\/wp-json\/wp\/v2\/media?parent=822"}],"curies":[{"name":"wp","href":"https:\/\/api.w.org\/{rel}","templated":true}]}}