{"id":816,"date":"2022-09-30T16:27:11","date_gmt":"2022-09-30T19:27:11","guid":{"rendered":"https:\/\/sites.uel.br\/pdi\/?page_id=816"},"modified":"2022-10-17T13:33:30","modified_gmt":"2022-10-17T16:33:30","slug":"guaraci","status":"publish","type":"page","link":"https:\/\/sites.uel.br\/pdi\/guaraci\/","title":{"rendered":"Guaraci"},"content":{"rendered":"\n<div class=\"wp-block-columns is-layout-flex wp-container-core-columns-is-layout-9d6595d7 wp-block-columns-is-layout-flex\">\n<div class=\"wp-block-column is-layout-flow wp-block-column-is-layout-flow\" style=\"flex-basis:25%\"><\/div>\n\n\n\n<div class=\"wp-block-column is-layout-flow wp-block-column-is-layout-flow\" style=\"flex-basis:50%\">\n<figure class=\"wp-block-gallery has-nested-images columns-default is-cropped wp-block-gallery-1 is-layout-flex wp-block-gallery-is-layout-flex\">\n<figure class=\"wp-block-image size-large\"><img loading=\"lazy\" decoding=\"async\" width=\"806\" height=\"288\" data-id=\"817\" src=\"https:\/\/sites.uel.br\/pdi\/wp-content\/uploads\/2022\/09\/Guaraci.jpg\" alt=\"\" class=\"wp-image-817\" srcset=\"https:\/\/sites.uel.br\/pdi\/wp-content\/uploads\/2022\/09\/Guaraci.jpg 806w, https:\/\/sites.uel.br\/pdi\/wp-content\/uploads\/2022\/09\/Guaraci-300x107.jpg 300w, https:\/\/sites.uel.br\/pdi\/wp-content\/uploads\/2022\/09\/Guaraci-768x274.jpg 768w\" sizes=\"auto, (max-width: 806px) 100vw, 806px\" \/><\/figure>\n<\/figure>\n<\/div>\n\n\n\n<div class=\"wp-block-column is-layout-flow wp-block-column-is-layout-flow\" style=\"flex-basis:25%\"><\/div>\n<\/div>\n\n\n\n<p>A hist\u00f3ria de Guaraci est\u00e1 ligada \u00e0 de\u00a0Jaguapit\u00e3, munic\u00edpio que, apesar de ser pouco mais antigo, tamb\u00e9m se inclui no rol dos munic\u00edpios novos do Paran\u00e1. Efetivamente,\u00a0Jaguapit\u00e3\u00a0foi elevado \u00e0 categoria de distrito em 30 de dezembro de 1943, e \u00e0 de munic\u00edpio em outubro de 1947.\u00a0Mas o fen\u00f4meno que \u00e9 comum \u00e0 toda regi\u00e3o do norte do Paran\u00e1 n\u00e3o se restringe ao Munic\u00edpio de\u00a0Jaguapit\u00e3\u00a0ou ao de Guaraci: \u00e9 uma decorr\u00eancia do plantio do caf\u00e9. As numerosas cidades surgidas do dia para a noite em todos os quadrantes da regi\u00e3o; a derrubada violenta das matas; a penetra\u00e7\u00e3o, por vezes racionalizada, das florestas; o cultivo do solo, feraz e bravio, a transforma\u00e7\u00e3o de zonas in\u00f3spitas e perigosas, tudo isso foi obra r\u00e1pida, realizada em afogadilho. Em 1947, Guaraci passou a denominar-se Col\u00f4nia de S\u00e3o Sebasti\u00e3o do Guaraci. Naquela \u00e9poca j\u00e1 existiam dez casas de madeira, cobertas de tabuinhas. Foi elevada \u00e0 categoria de Distrito Administrativo, integrando o quadro territorial do Munic\u00edpio de\u00a0Jaguapit\u00e3. Pela Lei Estadual 2427, de 05 de agosto de 1948, foi elevado \u00e0 categoria de Munic\u00edpio, desmembrando-se de\u00a0Jaguapit\u00e3.<\/p>\n\n\n\n<p class=\"has-text-align-center\">O texto est\u00e1 citado na lista de refer\u00eancias como PERFIL RML (2014).<\/p>\n","protected":false},"excerpt":{"rendered":"<p>A hist\u00f3ria de Guaraci est\u00e1 ligada \u00e0 de\u00a0Jaguapit\u00e3, munic\u00edpio que, apesar de ser pouco mais antigo, tamb\u00e9m se inclui no rol dos munic\u00edpios novos do Paran\u00e1. Efetivamente,\u00a0Jaguapit\u00e3\u00a0foi elevado \u00e0 categoria de distrito em 30 de dezembro de 1943, e \u00e0 de munic\u00edpio em outubro de 1947.\u00a0Mas o fen\u00f4meno que \u00e9 comum \u00e0 toda regi\u00e3o do [&hellip;]<\/p>\n","protected":false},"author":8,"featured_media":0,"parent":0,"menu_order":0,"comment_status":"closed","ping_status":"closed","template":"","meta":{"footnotes":""},"class_list":["post-816","page","type-page","status-publish","hentry"],"acf":[],"_links":{"self":[{"href":"https:\/\/sites.uel.br\/pdi\/wp-json\/wp\/v2\/pages\/816","targetHints":{"allow":["GET"]}}],"collection":[{"href":"https:\/\/sites.uel.br\/pdi\/wp-json\/wp\/v2\/pages"}],"about":[{"href":"https:\/\/sites.uel.br\/pdi\/wp-json\/wp\/v2\/types\/page"}],"author":[{"embeddable":true,"href":"https:\/\/sites.uel.br\/pdi\/wp-json\/wp\/v2\/users\/8"}],"replies":[{"embeddable":true,"href":"https:\/\/sites.uel.br\/pdi\/wp-json\/wp\/v2\/comments?post=816"}],"version-history":[{"count":2,"href":"https:\/\/sites.uel.br\/pdi\/wp-json\/wp\/v2\/pages\/816\/revisions"}],"predecessor-version":[{"id":1284,"href":"https:\/\/sites.uel.br\/pdi\/wp-json\/wp\/v2\/pages\/816\/revisions\/1284"}],"wp:attachment":[{"href":"https:\/\/sites.uel.br\/pdi\/wp-json\/wp\/v2\/media?parent=816"}],"curies":[{"name":"wp","href":"https:\/\/api.w.org\/{rel}","templated":true}]}}