{"id":811,"date":"2022-09-30T11:24:23","date_gmt":"2022-09-30T14:24:23","guid":{"rendered":"https:\/\/sites.uel.br\/pdi\/?page_id=811"},"modified":"2022-10-03T14:40:57","modified_gmt":"2022-10-03T17:40:57","slug":"florestopolis","status":"publish","type":"page","link":"https:\/\/sites.uel.br\/pdi\/florestopolis\/","title":{"rendered":"Florest\u00f3polis"},"content":{"rendered":"\n<div class=\"wp-block-columns is-layout-flex wp-container-core-columns-is-layout-9d6595d7 wp-block-columns-is-layout-flex\">\n<div class=\"wp-block-column is-layout-flow wp-block-column-is-layout-flow\" style=\"flex-basis:25%\"><\/div>\n\n\n\n<div class=\"wp-block-column is-layout-flow wp-block-column-is-layout-flow\" style=\"flex-basis:50%\">\n<figure class=\"wp-block-gallery has-nested-images columns-default is-cropped wp-block-gallery-1 is-layout-flex wp-block-gallery-is-layout-flex\">\n<figure class=\"wp-block-image size-large\"><img loading=\"lazy\" decoding=\"async\" width=\"808\" height=\"288\" data-id=\"812\" src=\"https:\/\/sites.uel.br\/pdi\/wp-content\/uploads\/2022\/09\/Florestopolis.jpg\" alt=\"\" class=\"wp-image-812\" srcset=\"https:\/\/sites.uel.br\/pdi\/wp-content\/uploads\/2022\/09\/Florestopolis.jpg 808w, https:\/\/sites.uel.br\/pdi\/wp-content\/uploads\/2022\/09\/Florestopolis-300x107.jpg 300w, https:\/\/sites.uel.br\/pdi\/wp-content\/uploads\/2022\/09\/Florestopolis-768x274.jpg 768w\" sizes=\"auto, (max-width: 808px) 100vw, 808px\" \/><\/figure>\n<\/figure>\n<\/div>\n\n\n\n<div class=\"wp-block-column is-layout-flow wp-block-column-is-layout-flow\" style=\"flex-basis:25%\"><\/div>\n<\/div>\n\n\n\n<p>A origem da hist\u00f3ria de Florest\u00f3polis est\u00e1 ligada \u00e0 hist\u00f3ria de Porecatu, munic\u00edpio que pertenceu at\u00e9 1951. Com as penetra\u00e7\u00f5es no sert\u00e3o come\u00e7aram, em 1940, as primeiras derrubadas de matas e a forma\u00e7\u00e3o de lavouras de caf\u00e9 e cana de a\u00e7\u00facar, dando in\u00edcio ao povoamento da regi\u00e3o, onde v\u00e1rios patrim\u00f4nios surgiram em diversos pontos do Munic\u00edpio de Porecatu. Entre esses, estava o Patrim\u00f4nio S\u00e3o Jo\u00e3o, uma imensa gleba de terra, de propriedade do Senhor Jo\u00e3o Dias dos Reis que o dividiu em lotes rurais e urbanos para vende-los, de modo facilitado a migrantes oriundos de S\u00e3o Paulo e Minas Gerais, com a inten\u00e7\u00e3o de formar uma nova cidade. Esse patrim\u00f4nio era ponto de pousada dos tropeiros que deixavam seu gado a pastar nas proximidades das pens\u00f5es onde se instalavam e onde, na maioria das vezes, estabeleciam suas resid\u00eancias, geralmente constru\u00eddas de pau-a-pique e palmito. O nome Florest\u00f3polis, Cidade da Floresta, na \u00e9poca de sua funda\u00e7\u00e3o adaptava-se perfeitamente \u00e0 qualidade.<\/p>\n\n\n\n<p><\/p>\n\n\n\n<p class=\"has-text-align-center\">O texto est\u00e1 citado na lista de refer\u00eancias como PERFIL RML (2014).<\/p>\n","protected":false},"excerpt":{"rendered":"<p>A origem da hist\u00f3ria de Florest\u00f3polis est\u00e1 ligada \u00e0 hist\u00f3ria de Porecatu, munic\u00edpio que pertenceu at\u00e9 1951. Com as penetra\u00e7\u00f5es no sert\u00e3o come\u00e7aram, em 1940, as primeiras derrubadas de matas e a forma\u00e7\u00e3o de lavouras de caf\u00e9 e cana de a\u00e7\u00facar, dando in\u00edcio ao povoamento da regi\u00e3o, onde v\u00e1rios patrim\u00f4nios surgiram em diversos pontos do [&hellip;]<\/p>\n","protected":false},"author":8,"featured_media":0,"parent":0,"menu_order":0,"comment_status":"closed","ping_status":"closed","template":"","meta":{"footnotes":""},"class_list":["post-811","page","type-page","status-publish","hentry"],"acf":[],"_links":{"self":[{"href":"https:\/\/sites.uel.br\/pdi\/wp-json\/wp\/v2\/pages\/811","targetHints":{"allow":["GET"]}}],"collection":[{"href":"https:\/\/sites.uel.br\/pdi\/wp-json\/wp\/v2\/pages"}],"about":[{"href":"https:\/\/sites.uel.br\/pdi\/wp-json\/wp\/v2\/types\/page"}],"author":[{"embeddable":true,"href":"https:\/\/sites.uel.br\/pdi\/wp-json\/wp\/v2\/users\/8"}],"replies":[{"embeddable":true,"href":"https:\/\/sites.uel.br\/pdi\/wp-json\/wp\/v2\/comments?post=811"}],"version-history":[{"count":3,"href":"https:\/\/sites.uel.br\/pdi\/wp-json\/wp\/v2\/pages\/811\/revisions"}],"predecessor-version":[{"id":815,"href":"https:\/\/sites.uel.br\/pdi\/wp-json\/wp\/v2\/pages\/811\/revisions\/815"}],"wp:attachment":[{"href":"https:\/\/sites.uel.br\/pdi\/wp-json\/wp\/v2\/media?parent=811"}],"curies":[{"name":"wp","href":"https:\/\/api.w.org\/{rel}","templated":true}]}}