{"id":805,"date":"2022-09-29T17:24:31","date_gmt":"2022-09-29T20:24:31","guid":{"rendered":"https:\/\/sites.uel.br\/pdi\/?page_id=805"},"modified":"2022-10-17T13:32:10","modified_gmt":"2022-10-17T16:32:10","slug":"cambe","status":"publish","type":"page","link":"https:\/\/sites.uel.br\/pdi\/cambe\/","title":{"rendered":"Camb\u00e9"},"content":{"rendered":"\n<div class=\"wp-block-columns is-layout-flex wp-container-core-columns-is-layout-9d6595d7 wp-block-columns-is-layout-flex\">\n<div class=\"wp-block-column is-layout-flow wp-block-column-is-layout-flow\" style=\"flex-basis:25%\"><\/div>\n\n\n\n<div class=\"wp-block-column is-layout-flow wp-block-column-is-layout-flow\" style=\"flex-basis:50%\">\n<figure class=\"wp-block-gallery has-nested-images columns-default is-cropped wp-block-gallery-1 is-layout-flex wp-block-gallery-is-layout-flex\">\n<figure class=\"wp-block-image size-large\"><img loading=\"lazy\" decoding=\"async\" width=\"804\" height=\"292\" data-id=\"806\" src=\"https:\/\/sites.uel.br\/pdi\/wp-content\/uploads\/2022\/09\/Cambe.jpg\" alt=\"\" class=\"wp-image-806\" srcset=\"https:\/\/sites.uel.br\/pdi\/wp-content\/uploads\/2022\/09\/Cambe.jpg 804w, https:\/\/sites.uel.br\/pdi\/wp-content\/uploads\/2022\/09\/Cambe-300x109.jpg 300w, https:\/\/sites.uel.br\/pdi\/wp-content\/uploads\/2022\/09\/Cambe-768x279.jpg 768w\" sizes=\"auto, (max-width: 804px) 100vw, 804px\" \/><\/figure>\n<\/figure>\n<\/div>\n\n\n\n<div class=\"wp-block-column is-layout-flow wp-block-column-is-layout-flow\" style=\"flex-basis:25%\"><\/div>\n<\/div>\n\n\n\n<p>Sua forma\u00e7\u00e3o econ\u00f4mica gira em torno da atividade industrial, especialmente a de transforma\u00e7\u00e3o de produtos agr\u00edcolas regionalmente produzidos. O in\u00edcio do desenvolvimento do espa\u00e7o urbano no Munic\u00edpio d\u00e1-se, inicialmente, por for\u00e7a dos interesses empreendedores de Companhias de Coloniza\u00e7\u00e3o, neste caso, Inglesa, dentro de uma perspectiva regional de ocupa\u00e7\u00e3o do espa\u00e7o, bem como a explora\u00e7\u00e3o da \u00e1rea para o plantio do caf\u00e9. Criado atrav\u00e9s da Lei Estadual 02, de 11 de outubro de 1947, foi instalado em 28 de outubro do mesmo ano, sendo desmembrado de Londrina.<\/p>\n\n\n\n<p class=\"has-text-align-center\">O texto est\u00e1 citado na lista de refer\u00eancias como PERFIL RML (2014).<\/p>\n","protected":false},"excerpt":{"rendered":"<p>Sua forma\u00e7\u00e3o econ\u00f4mica gira em torno da atividade industrial, especialmente a de transforma\u00e7\u00e3o de produtos agr\u00edcolas regionalmente produzidos. O in\u00edcio do desenvolvimento do espa\u00e7o urbano no Munic\u00edpio d\u00e1-se, inicialmente, por for\u00e7a dos interesses empreendedores de Companhias de Coloniza\u00e7\u00e3o, neste caso, Inglesa, dentro de uma perspectiva regional de ocupa\u00e7\u00e3o do espa\u00e7o, bem como a explora\u00e7\u00e3o da [&hellip;]<\/p>\n","protected":false},"author":8,"featured_media":0,"parent":0,"menu_order":0,"comment_status":"closed","ping_status":"closed","template":"","meta":{"footnotes":""},"class_list":["post-805","page","type-page","status-publish","hentry"],"acf":[],"_links":{"self":[{"href":"https:\/\/sites.uel.br\/pdi\/wp-json\/wp\/v2\/pages\/805","targetHints":{"allow":["GET"]}}],"collection":[{"href":"https:\/\/sites.uel.br\/pdi\/wp-json\/wp\/v2\/pages"}],"about":[{"href":"https:\/\/sites.uel.br\/pdi\/wp-json\/wp\/v2\/types\/page"}],"author":[{"embeddable":true,"href":"https:\/\/sites.uel.br\/pdi\/wp-json\/wp\/v2\/users\/8"}],"replies":[{"embeddable":true,"href":"https:\/\/sites.uel.br\/pdi\/wp-json\/wp\/v2\/comments?post=805"}],"version-history":[{"count":2,"href":"https:\/\/sites.uel.br\/pdi\/wp-json\/wp\/v2\/pages\/805\/revisions"}],"predecessor-version":[{"id":1282,"href":"https:\/\/sites.uel.br\/pdi\/wp-json\/wp\/v2\/pages\/805\/revisions\/1282"}],"wp:attachment":[{"href":"https:\/\/sites.uel.br\/pdi\/wp-json\/wp\/v2\/media?parent=805"}],"curies":[{"name":"wp","href":"https:\/\/api.w.org\/{rel}","templated":true}]}}