{"id":799,"date":"2022-09-29T17:19:55","date_gmt":"2022-09-29T20:19:55","guid":{"rendered":"https:\/\/sites.uel.br\/pdi\/?page_id=799"},"modified":"2022-10-03T14:40:05","modified_gmt":"2022-10-03T17:40:05","slug":"assai","status":"publish","type":"page","link":"https:\/\/sites.uel.br\/pdi\/assai\/","title":{"rendered":"Assa\u00ed"},"content":{"rendered":"\n<div class=\"wp-block-columns is-layout-flex wp-container-core-columns-is-layout-9d6595d7 wp-block-columns-is-layout-flex\">\n<div class=\"wp-block-column is-layout-flow wp-block-column-is-layout-flow\" style=\"flex-basis:25%\"><\/div>\n\n\n\n<div class=\"wp-block-column is-layout-flow wp-block-column-is-layout-flow\" style=\"flex-basis:50%\">\n<figure class=\"wp-block-gallery has-nested-images columns-default is-cropped wp-block-gallery-1 is-layout-flex wp-block-gallery-is-layout-flex\">\n<figure class=\"wp-block-image size-large\"><img loading=\"lazy\" decoding=\"async\" width=\"806\" height=\"292\" data-id=\"800\" src=\"https:\/\/sites.uel.br\/pdi\/wp-content\/uploads\/2022\/09\/Assai.jpg\" alt=\"\" class=\"wp-image-800\" srcset=\"https:\/\/sites.uel.br\/pdi\/wp-content\/uploads\/2022\/09\/Assai.jpg 806w, https:\/\/sites.uel.br\/pdi\/wp-content\/uploads\/2022\/09\/Assai-300x109.jpg 300w, https:\/\/sites.uel.br\/pdi\/wp-content\/uploads\/2022\/09\/Assai-768x278.jpg 768w\" sizes=\"auto, (max-width: 806px) 100vw, 806px\" \/><\/figure>\n<\/figure>\n<\/div>\n\n\n\n<div class=\"wp-block-column is-layout-flow wp-block-column-is-layout-flow\" style=\"flex-basis:25%\"><\/div>\n<\/div>\n\n\n\n<p>Assa\u00ed nasceu e cresceu ao impulso colonizador, implementada pela \u201cBRATAC \u2013 Sociedade Colonizadora do Brasil Ltda\u201d, que adquiriu a Fazenda Tr\u00eas Barras, com 13.600 alqueires, localizada no munic\u00edpio de S\u00e3o Jer\u00f4nimo da Serra, com respaldo da Administra\u00e7\u00e3o P\u00fablica do Estado e com o apoio do capital japon\u00eas no financiamento de suas lavouras e na compra da produ\u00e7\u00e3o. A BRATAC era uma empresa de economia mista, com capital constitu\u00eddo pelos contribuintes e pelas prov\u00edncias japonesas e de particulares e dividido em a\u00e7\u00f5es no valor de 50 ienes. Propunha-se recrutar e encaminhar os imigrantes de coloniza\u00e7\u00e3o agr\u00edcola n\u00e3o deixando-os isolados, mas organizando-os como colonos-propriet\u00e1rios, em n\u00facleos planejados. A comunidade japonesa est\u00e1 diretamente ligada \u00e0 coloniza\u00e7\u00e3o de Assa\u00ed, confirmado no sobrenomes dos seus fundadores, assim como na coloniza\u00e7\u00e3o de todo norte do Paran\u00e1, sendo poucas as cidades que n\u00e3o tiveram a participa\u00e7\u00e3o nip\u00f4nica em seu desbravamento. Em nenhuma delas, por\u00e9m, foi t\u00e3o intenso quanto em Assa\u00ed.<\/p>\n\n\n\n<p class=\"has-text-align-center\">O texto est\u00e1 citado na lista de refer\u00eancias como PERFIL RML (2014).<\/p>\n","protected":false},"excerpt":{"rendered":"<p>Assa\u00ed nasceu e cresceu ao impulso colonizador, implementada pela \u201cBRATAC \u2013 Sociedade Colonizadora do Brasil Ltda\u201d, que adquiriu a Fazenda Tr\u00eas Barras, com 13.600 alqueires, localizada no munic\u00edpio de S\u00e3o Jer\u00f4nimo da Serra, com respaldo da Administra\u00e7\u00e3o P\u00fablica do Estado e com o apoio do capital japon\u00eas no financiamento de suas lavouras e na compra [&hellip;]<\/p>\n","protected":false},"author":8,"featured_media":0,"parent":0,"menu_order":0,"comment_status":"closed","ping_status":"closed","template":"","meta":{"footnotes":""},"class_list":["post-799","page","type-page","status-publish","hentry"],"acf":[],"_links":{"self":[{"href":"https:\/\/sites.uel.br\/pdi\/wp-json\/wp\/v2\/pages\/799","targetHints":{"allow":["GET"]}}],"collection":[{"href":"https:\/\/sites.uel.br\/pdi\/wp-json\/wp\/v2\/pages"}],"about":[{"href":"https:\/\/sites.uel.br\/pdi\/wp-json\/wp\/v2\/types\/page"}],"author":[{"embeddable":true,"href":"https:\/\/sites.uel.br\/pdi\/wp-json\/wp\/v2\/users\/8"}],"replies":[{"embeddable":true,"href":"https:\/\/sites.uel.br\/pdi\/wp-json\/wp\/v2\/comments?post=799"}],"version-history":[{"count":1,"href":"https:\/\/sites.uel.br\/pdi\/wp-json\/wp\/v2\/pages\/799\/revisions"}],"predecessor-version":[{"id":801,"href":"https:\/\/sites.uel.br\/pdi\/wp-json\/wp\/v2\/pages\/799\/revisions\/801"}],"wp:attachment":[{"href":"https:\/\/sites.uel.br\/pdi\/wp-json\/wp\/v2\/media?parent=799"}],"curies":[{"name":"wp","href":"https:\/\/api.w.org\/{rel}","templated":true}]}}