{"id":792,"date":"2022-09-29T17:13:16","date_gmt":"2022-09-29T20:13:16","guid":{"rendered":"https:\/\/sites.uel.br\/pdi\/?page_id=792"},"modified":"2022-10-03T14:39:53","modified_gmt":"2022-10-03T17:39:53","slug":"arapongas","status":"publish","type":"page","link":"https:\/\/sites.uel.br\/pdi\/arapongas\/","title":{"rendered":"Arapongas"},"content":{"rendered":"\n<div class=\"wp-block-columns is-layout-flex wp-container-core-columns-is-layout-9d6595d7 wp-block-columns-is-layout-flex\">\n<div class=\"wp-block-column is-layout-flow wp-block-column-is-layout-flow\" style=\"flex-basis:25%\"><\/div>\n\n\n\n<div class=\"wp-block-column is-layout-flow wp-block-column-is-layout-flow\" style=\"flex-basis:50%\">\n<figure class=\"wp-block-gallery has-nested-images columns-default is-cropped wp-block-gallery-1 is-layout-flex wp-block-gallery-is-layout-flex\">\n<figure class=\"wp-block-image size-large\"><img loading=\"lazy\" decoding=\"async\" width=\"806\" height=\"296\" data-id=\"793\" src=\"https:\/\/sites.uel.br\/pdi\/wp-content\/uploads\/2022\/09\/Arapongas.jpg\" alt=\"\" class=\"wp-image-793\" srcset=\"https:\/\/sites.uel.br\/pdi\/wp-content\/uploads\/2022\/09\/Arapongas.jpg 806w, https:\/\/sites.uel.br\/pdi\/wp-content\/uploads\/2022\/09\/Arapongas-300x110.jpg 300w, https:\/\/sites.uel.br\/pdi\/wp-content\/uploads\/2022\/09\/Arapongas-768x282.jpg 768w\" sizes=\"auto, (max-width: 806px) 100vw, 806px\" \/><\/figure>\n<\/figure>\n<\/div>\n\n\n\n<div class=\"wp-block-column is-layout-flow wp-block-column-is-layout-flow\" style=\"flex-basis:25%\"><\/div>\n<\/div>\n\n\n\n<p>O munic\u00edpio de Arapongas, situado na prodigiosa regi\u00e3o Norte do Paran\u00e1, \u00e9 uma resultante da iniciativa da Companhia de Terras Norte do Paran\u00e1, pioneira do progresso e desbravamento de toda uma regi\u00e3o. A cidade de Arapongas, como as demais realizadas, planejadas e fundadas pela referenciada companhia, n\u00e3o surgiu por acaso, nem foi constru\u00edda sem um plano diretor, previamente elaborado. Seu idealizador e fundador foi Willie da Fonseca&nbsp;Brabason&nbsp;Davids, diretor da Companha de Terras Norte do Paran\u00e1, que na \u00e9poca da funda\u00e7\u00e3o de Arapongas, exercia o cargo de prefeito Municipal de Londrina. No ano de 1935, o comerciante franc\u00eas Ren\u00e9&nbsp;Cellot&nbsp;e sua filha&nbsp;Geanine&nbsp;Cellot&nbsp;compraram os primeiros lotes de terrenos, destinados \u00e0 constru\u00e7\u00e3o urbana. Assim, em 28 de setembro de 1935, Ren\u00e9&nbsp;Cellet&nbsp;e sua filha se estabeleceram com uma casa comercial no mesmo local onde ainda hoje se encontra o pr\u00e9dio do Banco Brasileiro de Descontos, na Rua das Andorinhas. No mesmo ano foi aberto e vendido o primeiro lote agr\u00edcola ao agricultor brasileiro Floriano Freire. Imediatamente, diversos outros lavradores, de diferentes nacionalidades, fixaram resid\u00eancia no lugar e se estabeleceram com casas de com\u00e9rcio.<\/p>\n\n\n\n<p class=\"has-text-align-center\">O texto est\u00e1 citado na lista de refer\u00eancias como PERFIL RML (2014).<\/p>\n","protected":false},"excerpt":{"rendered":"<p>O munic\u00edpio de Arapongas, situado na prodigiosa regi\u00e3o Norte do Paran\u00e1, \u00e9 uma resultante da iniciativa da Companhia de Terras Norte do Paran\u00e1, pioneira do progresso e desbravamento de toda uma regi\u00e3o. A cidade de Arapongas, como as demais realizadas, planejadas e fundadas pela referenciada companhia, n\u00e3o surgiu por acaso, nem foi constru\u00edda sem um [&hellip;]<\/p>\n","protected":false},"author":8,"featured_media":0,"parent":0,"menu_order":0,"comment_status":"closed","ping_status":"closed","template":"","meta":{"footnotes":""},"class_list":["post-792","page","type-page","status-publish","hentry"],"acf":[],"_links":{"self":[{"href":"https:\/\/sites.uel.br\/pdi\/wp-json\/wp\/v2\/pages\/792","targetHints":{"allow":["GET"]}}],"collection":[{"href":"https:\/\/sites.uel.br\/pdi\/wp-json\/wp\/v2\/pages"}],"about":[{"href":"https:\/\/sites.uel.br\/pdi\/wp-json\/wp\/v2\/types\/page"}],"author":[{"embeddable":true,"href":"https:\/\/sites.uel.br\/pdi\/wp-json\/wp\/v2\/users\/8"}],"replies":[{"embeddable":true,"href":"https:\/\/sites.uel.br\/pdi\/wp-json\/wp\/v2\/comments?post=792"}],"version-history":[{"count":3,"href":"https:\/\/sites.uel.br\/pdi\/wp-json\/wp\/v2\/pages\/792\/revisions"}],"predecessor-version":[{"id":796,"href":"https:\/\/sites.uel.br\/pdi\/wp-json\/wp\/v2\/pages\/792\/revisions\/796"}],"wp:attachment":[{"href":"https:\/\/sites.uel.br\/pdi\/wp-json\/wp\/v2\/media?parent=792"}],"curies":[{"name":"wp","href":"https:\/\/api.w.org\/{rel}","templated":true}]}}