{"id":789,"date":"2022-09-29T17:05:35","date_gmt":"2022-09-29T20:05:35","guid":{"rendered":"https:\/\/sites.uel.br\/pdi\/?page_id=789"},"modified":"2022-10-03T14:39:44","modified_gmt":"2022-10-03T17:39:44","slug":"alvorada-do-sul","status":"publish","type":"page","link":"https:\/\/sites.uel.br\/pdi\/alvorada-do-sul\/","title":{"rendered":"Alvorada do Sul"},"content":{"rendered":"\n<div class=\"wp-block-columns is-layout-flex wp-container-core-columns-is-layout-9d6595d7 wp-block-columns-is-layout-flex\">\n<div class=\"wp-block-column is-layout-flow wp-block-column-is-layout-flow\" style=\"flex-basis:25%\"><\/div>\n\n\n\n<div class=\"wp-block-column is-layout-flow wp-block-column-is-layout-flow\" style=\"flex-basis:50%\">\n<figure class=\"wp-block-gallery has-nested-images columns-default is-cropped wp-block-gallery-1 is-layout-flex wp-block-gallery-is-layout-flex\">\n<figure class=\"wp-block-image size-large\"><img loading=\"lazy\" decoding=\"async\" width=\"1140\" height=\"410\" data-id=\"790\" src=\"https:\/\/sites.uel.br\/pdi\/wp-content\/uploads\/2022\/09\/Alvorada-do-Sul.jpg\" alt=\"\" class=\"wp-image-790\" srcset=\"https:\/\/sites.uel.br\/pdi\/wp-content\/uploads\/2022\/09\/Alvorada-do-Sul.jpg 1140w, https:\/\/sites.uel.br\/pdi\/wp-content\/uploads\/2022\/09\/Alvorada-do-Sul-300x108.jpg 300w, https:\/\/sites.uel.br\/pdi\/wp-content\/uploads\/2022\/09\/Alvorada-do-Sul-1024x368.jpg 1024w, https:\/\/sites.uel.br\/pdi\/wp-content\/uploads\/2022\/09\/Alvorada-do-Sul-768x276.jpg 768w\" sizes=\"auto, (max-width: 1140px) 100vw, 1140px\" \/><\/figure>\n<\/figure>\n<\/div>\n\n\n\n<div class=\"wp-block-column is-layout-flow wp-block-column-is-layout-flow\" style=\"flex-basis:25%\"><\/div>\n<\/div>\n\n\n\n<p>O desbravamento, a explora\u00e7\u00e3o e a coloniza\u00e7\u00e3o de quase toda a \u00e1rea que constitui a regi\u00e3o Norte do Paran\u00e1, devem-se a diversas imobili\u00e1rias que, ap\u00f3s\u00a0a aquisi\u00e7\u00e3o de determinada gleba, procediam \u00e0 divis\u00e3o da mesma em lotes urbanos e datas rurais para venda, sendo estas \u00faltimas destinadas \u00e0 agricultura, principalmente o plantio do caf\u00e9. A firma Lima, Nogueira, Comercial e Exportadora, com sede na cidade de Santos, Estado de S\u00e3o Paulo, adquiriu vasta \u00e1rea de terras na regi\u00e3o, onde hoje se encontra a cidade de Alvorada do Sul, na qual estava localizada a Fazenda Alvorada. O restante da \u00e1rea territorial da comuna foi demarcada e foram formados pequenos s\u00edtios, que se transformaram em imponentes cafezais e belas lavouras de cereais. Todos os primitivos habitantes e colonizadores do povoado\u00a0\u00a0eram oriundos do Estado de S\u00e3o Paulo. O Distrito\u00a0Administrativode\u00a0Alvorada do Sul foi criado em 1947, no Munic\u00edpio de Porecatu e em 1951 alcan\u00e7ou sua autonomia. O nome do munic\u00edpio se deve \u00e0 fazenda onde se originou o loteamento inicial, Fazenda Alvorada, acrescida da palavra Sul, para diferenciar de outro de igual denomina\u00e7\u00e3o.<\/p>\n\n\n\n<p><\/p>\n\n\n\n<p class=\"has-text-align-center\">O texto est\u00e1 citado na lista de refer\u00eancias como PERFIL RML (2014).<\/p>\n","protected":false},"excerpt":{"rendered":"<p>O desbravamento, a explora\u00e7\u00e3o e a coloniza\u00e7\u00e3o de quase toda a \u00e1rea que constitui a regi\u00e3o Norte do Paran\u00e1, devem-se a diversas imobili\u00e1rias que, ap\u00f3s\u00a0a aquisi\u00e7\u00e3o de determinada gleba, procediam \u00e0 divis\u00e3o da mesma em lotes urbanos e datas rurais para venda, sendo estas \u00faltimas destinadas \u00e0 agricultura, principalmente o plantio do caf\u00e9. A firma [&hellip;]<\/p>\n","protected":false},"author":8,"featured_media":0,"parent":0,"menu_order":0,"comment_status":"closed","ping_status":"closed","template":"","meta":{"footnotes":""},"class_list":["post-789","page","type-page","status-publish","hentry"],"acf":[],"_links":{"self":[{"href":"https:\/\/sites.uel.br\/pdi\/wp-json\/wp\/v2\/pages\/789","targetHints":{"allow":["GET"]}}],"collection":[{"href":"https:\/\/sites.uel.br\/pdi\/wp-json\/wp\/v2\/pages"}],"about":[{"href":"https:\/\/sites.uel.br\/pdi\/wp-json\/wp\/v2\/types\/page"}],"author":[{"embeddable":true,"href":"https:\/\/sites.uel.br\/pdi\/wp-json\/wp\/v2\/users\/8"}],"replies":[{"embeddable":true,"href":"https:\/\/sites.uel.br\/pdi\/wp-json\/wp\/v2\/comments?post=789"}],"version-history":[{"count":3,"href":"https:\/\/sites.uel.br\/pdi\/wp-json\/wp\/v2\/pages\/789\/revisions"}],"predecessor-version":[{"id":798,"href":"https:\/\/sites.uel.br\/pdi\/wp-json\/wp\/v2\/pages\/789\/revisions\/798"}],"wp:attachment":[{"href":"https:\/\/sites.uel.br\/pdi\/wp-json\/wp\/v2\/media?parent=789"}],"curies":[{"name":"wp","href":"https:\/\/api.w.org\/{rel}","templated":true}]}}