{"id":578,"date":"2022-09-11T11:56:00","date_gmt":"2022-09-11T14:56:00","guid":{"rendered":"https:\/\/sites.uel.br\/pdi\/?page_id=578"},"modified":"2022-11-13T11:20:45","modified_gmt":"2022-11-13T14:20:45","slug":"historico-da-uel-descritivo-o-inicio-e-os-ultimos-5-anos-da-instituicao","status":"publish","type":"page","link":"https:\/\/sites.uel.br\/pdi\/historico-da-uel-descritivo-o-inicio-e-os-ultimos-5-anos-da-instituicao\/","title":{"rendered":"Hist\u00f3rico da UEL &#8211; Descritivo: O In\u00edcio e os \u00daltimos 5 Anos da Institui\u00e7\u00e3o"},"content":{"rendered":"\n<p class=\"has-text-color\" style=\"color:#f0f0f0\">.<\/p>\n\n\n\n<p>Com base nas orienta\u00e7\u00f5es estabelecidas, foram selecionados os textos elencados em sequ\u00eancia para narrar, brevemente, o hist\u00f3rico da institui\u00e7\u00e3o:<\/p>\n\n\n\n<div class=\"wp-block-columns is-not-stacked-on-mobile is-layout-flex wp-container-core-columns-is-layout-9d6595d7 wp-block-columns-is-layout-flex\">\n<div class=\"wp-block-column is-layout-flow wp-block-column-is-layout-flow\">\n<figure class=\"wp-block-gallery has-nested-images columns-default is-cropped wp-block-gallery-1 is-layout-flex wp-block-gallery-is-layout-flex\">\n<figure class=\"wp-block-image size-large\"><a href=\"https:\/\/sites.uel.br\/pdi\/um-sonho-que-durou-15-anos\/\"><img loading=\"lazy\" decoding=\"async\" width=\"1024\" height=\"572\" data-id=\"2598\" src=\"https:\/\/sites.uel.br\/pdi\/wp-content\/uploads\/2022\/11\/his01-1024x572.png\" alt=\"\" class=\"wp-image-2598\" srcset=\"https:\/\/sites.uel.br\/pdi\/wp-content\/uploads\/2022\/11\/his01-1024x572.png 1024w, https:\/\/sites.uel.br\/pdi\/wp-content\/uploads\/2022\/11\/his01-300x168.png 300w, https:\/\/sites.uel.br\/pdi\/wp-content\/uploads\/2022\/11\/his01-768x429.png 768w, https:\/\/sites.uel.br\/pdi\/wp-content\/uploads\/2022\/11\/his01-1536x858.png 1536w, https:\/\/sites.uel.br\/pdi\/wp-content\/uploads\/2022\/11\/his01.png 1987w\" sizes=\"auto, (max-width: 1024px) 100vw, 1024px\" \/><\/a><\/figure>\n<\/figure>\n<\/div>\n\n\n\n<div class=\"wp-block-column is-layout-flow wp-block-column-is-layout-flow\">\n<figure class=\"wp-block-gallery has-nested-images columns-default is-cropped wp-block-gallery-2 is-layout-flex wp-block-gallery-is-layout-flex\">\n<figure class=\"wp-block-image size-large\"><a href=\"https:\/\/sites.uel.br\/pdi\/quando-e-como-tudo-comecou\/\"><img loading=\"lazy\" decoding=\"async\" width=\"1024\" height=\"572\" data-id=\"2599\" src=\"https:\/\/sites.uel.br\/pdi\/wp-content\/uploads\/2022\/11\/his02-1024x572.png\" alt=\"\" class=\"wp-image-2599\" srcset=\"https:\/\/sites.uel.br\/pdi\/wp-content\/uploads\/2022\/11\/his02-1024x572.png 1024w, https:\/\/sites.uel.br\/pdi\/wp-content\/uploads\/2022\/11\/his02-300x168.png 300w, https:\/\/sites.uel.br\/pdi\/wp-content\/uploads\/2022\/11\/his02-768x429.png 768w, https:\/\/sites.uel.br\/pdi\/wp-content\/uploads\/2022\/11\/his02-1536x858.png 1536w, https:\/\/sites.uel.br\/pdi\/wp-content\/uploads\/2022\/11\/his02.png 1987w\" sizes=\"auto, (max-width: 1024px) 100vw, 1024px\" \/><\/a><\/figure>\n<\/figure>\n<\/div>\n\n\n\n<div class=\"wp-block-column is-layout-flow wp-block-column-is-layout-flow\">\n<figure class=\"wp-block-gallery has-nested-images columns-default is-cropped wp-block-gallery-3 is-layout-flex wp-block-gallery-is-layout-flex\">\n<figure class=\"wp-block-image size-large\"><a href=\"https:\/\/sites.uel.br\/pdi\/tres-alqueires-e-pouco\/\"><img loading=\"lazy\" decoding=\"async\" width=\"1024\" height=\"572\" data-id=\"2600\" src=\"https:\/\/sites.uel.br\/pdi\/wp-content\/uploads\/2022\/11\/his03-1024x572.png\" alt=\"\" class=\"wp-image-2600\" srcset=\"https:\/\/sites.uel.br\/pdi\/wp-content\/uploads\/2022\/11\/his03-1024x572.png 1024w, https:\/\/sites.uel.br\/pdi\/wp-content\/uploads\/2022\/11\/his03-300x168.png 300w, https:\/\/sites.uel.br\/pdi\/wp-content\/uploads\/2022\/11\/his03-768x429.png 768w, https:\/\/sites.uel.br\/pdi\/wp-content\/uploads\/2022\/11\/his03-1536x858.png 1536w, https:\/\/sites.uel.br\/pdi\/wp-content\/uploads\/2022\/11\/his03.png 1987w\" sizes=\"auto, (max-width: 1024px) 100vw, 1024px\" \/><\/a><\/figure>\n<\/figure>\n<\/div>\n<\/div>\n\n\n\n<div class=\"wp-block-columns is-not-stacked-on-mobile is-layout-flex wp-container-core-columns-is-layout-9d6595d7 wp-block-columns-is-layout-flex\">\n<div class=\"wp-block-column is-layout-flow wp-block-column-is-layout-flow\">\n<figure class=\"wp-block-gallery has-nested-images columns-default is-cropped wp-block-gallery-4 is-layout-flex wp-block-gallery-is-layout-flex\">\n<figure class=\"wp-block-image size-large\"><a href=\"https:\/\/sites.uel.br\/pdi\/administracao-oficializa-contratos-para-implantacao-de-sistema-de-seguranca-eletronica-no-campus\/\"><img loading=\"lazy\" decoding=\"async\" width=\"1024\" height=\"572\" data-id=\"2601\" src=\"https:\/\/sites.uel.br\/pdi\/wp-content\/uploads\/2022\/11\/his04-1024x572.png\" alt=\"\" class=\"wp-image-2601\" srcset=\"https:\/\/sites.uel.br\/pdi\/wp-content\/uploads\/2022\/11\/his04-1024x572.png 1024w, https:\/\/sites.uel.br\/pdi\/wp-content\/uploads\/2022\/11\/his04-300x168.png 300w, https:\/\/sites.uel.br\/pdi\/wp-content\/uploads\/2022\/11\/his04-768x429.png 768w, https:\/\/sites.uel.br\/pdi\/wp-content\/uploads\/2022\/11\/his04-1536x858.png 1536w, https:\/\/sites.uel.br\/pdi\/wp-content\/uploads\/2022\/11\/his04.png 1987w\" sizes=\"auto, (max-width: 1024px) 100vw, 1024px\" \/><\/a><\/figure>\n<\/figure>\n<\/div>\n\n\n\n<div class=\"wp-block-column is-layout-flow wp-block-column-is-layout-flow\">\n<figure class=\"wp-block-gallery has-nested-images columns-default is-cropped wp-block-gallery-5 is-layout-flex wp-block-gallery-is-layout-flex\">\n<figure class=\"wp-block-image size-large\"><a href=\"https:\/\/sites.uel.br\/pdi\/convenio-internacional-incentiva-transferencia-de-tecnologia-para-agricultura-sustentavel\/\"><img loading=\"lazy\" decoding=\"async\" width=\"1024\" height=\"572\" data-id=\"2602\" src=\"https:\/\/sites.uel.br\/pdi\/wp-content\/uploads\/2022\/11\/his05-1024x572.png\" alt=\"\" class=\"wp-image-2602\" srcset=\"https:\/\/sites.uel.br\/pdi\/wp-content\/uploads\/2022\/11\/his05-1024x572.png 1024w, https:\/\/sites.uel.br\/pdi\/wp-content\/uploads\/2022\/11\/his05-300x168.png 300w, https:\/\/sites.uel.br\/pdi\/wp-content\/uploads\/2022\/11\/his05-768x429.png 768w, https:\/\/sites.uel.br\/pdi\/wp-content\/uploads\/2022\/11\/his05-1536x858.png 1536w, https:\/\/sites.uel.br\/pdi\/wp-content\/uploads\/2022\/11\/his05.png 1987w\" sizes=\"auto, (max-width: 1024px) 100vw, 1024px\" \/><\/a><\/figure>\n<\/figure>\n<\/div>\n\n\n\n<div class=\"wp-block-column is-layout-flow wp-block-column-is-layout-flow\">\n<figure class=\"wp-block-gallery has-nested-images columns-default is-cropped wp-block-gallery-6 is-layout-flex wp-block-gallery-is-layout-flex\">\n<figure class=\"wp-block-image size-large\"><a href=\"https:\/\/sites.uel.br\/pdi\/aintec-inaugura-novo-espaco-fisico-para-incentivo-a-inovacao-no-parana\/\"><img loading=\"lazy\" decoding=\"async\" width=\"1024\" height=\"572\" data-id=\"2603\" src=\"https:\/\/sites.uel.br\/pdi\/wp-content\/uploads\/2022\/11\/his06-1024x572.png\" alt=\"\" class=\"wp-image-2603\" srcset=\"https:\/\/sites.uel.br\/pdi\/wp-content\/uploads\/2022\/11\/his06-1024x572.png 1024w, https:\/\/sites.uel.br\/pdi\/wp-content\/uploads\/2022\/11\/his06-300x168.png 300w, https:\/\/sites.uel.br\/pdi\/wp-content\/uploads\/2022\/11\/his06-768x429.png 768w, https:\/\/sites.uel.br\/pdi\/wp-content\/uploads\/2022\/11\/his06-1536x858.png 1536w, https:\/\/sites.uel.br\/pdi\/wp-content\/uploads\/2022\/11\/his06.png 1987w\" sizes=\"auto, (max-width: 1024px) 100vw, 1024px\" \/><\/a><\/figure>\n<\/figure>\n<\/div>\n<\/div>\n\n\n\n<div class=\"wp-block-columns is-not-stacked-on-mobile is-layout-flex wp-container-core-columns-is-layout-9d6595d7 wp-block-columns-is-layout-flex\">\n<div class=\"wp-block-column is-layout-flow wp-block-column-is-layout-flow\">\n<figure class=\"wp-block-gallery has-nested-images columns-default is-cropped wp-block-gallery-7 is-layout-flex wp-block-gallery-is-layout-flex\">\n<figure class=\"wp-block-image size-large\"><a href=\"https:\/\/sites.uel.br\/pdi\/instituto-de-pesquisa-em-alimentos-e-inaugurado-no-campus\/\"><img loading=\"lazy\" decoding=\"async\" width=\"1024\" height=\"572\" data-id=\"2604\" src=\"https:\/\/sites.uel.br\/pdi\/wp-content\/uploads\/2022\/11\/his07-1024x572.png\" alt=\"\" class=\"wp-image-2604\" srcset=\"https:\/\/sites.uel.br\/pdi\/wp-content\/uploads\/2022\/11\/his07-1024x572.png 1024w, https:\/\/sites.uel.br\/pdi\/wp-content\/uploads\/2022\/11\/his07-300x168.png 300w, https:\/\/sites.uel.br\/pdi\/wp-content\/uploads\/2022\/11\/his07-768x429.png 768w, https:\/\/sites.uel.br\/pdi\/wp-content\/uploads\/2022\/11\/his07-1536x858.png 1536w, https:\/\/sites.uel.br\/pdi\/wp-content\/uploads\/2022\/11\/his07.png 1987w\" sizes=\"auto, (max-width: 1024px) 100vw, 1024px\" \/><\/a><\/figure>\n<\/figure>\n<\/div>\n\n\n\n<div class=\"wp-block-column is-layout-flow wp-block-column-is-layout-flow\">\n<figure class=\"wp-block-gallery has-nested-images columns-default is-cropped wp-block-gallery-8 is-layout-flex wp-block-gallery-is-layout-flex\">\n<figure class=\"wp-block-image size-large\"><a href=\"https:\/\/sites.uel.br\/pdi\/conselho-universitario-aprova-criacao-do-departamento-de-geologia-e-geomatica\/\"><img loading=\"lazy\" decoding=\"async\" width=\"1024\" height=\"572\" data-id=\"2605\" src=\"https:\/\/sites.uel.br\/pdi\/wp-content\/uploads\/2022\/11\/his08-1024x572.png\" alt=\"\" class=\"wp-image-2605\" srcset=\"https:\/\/sites.uel.br\/pdi\/wp-content\/uploads\/2022\/11\/his08-1024x572.png 1024w, https:\/\/sites.uel.br\/pdi\/wp-content\/uploads\/2022\/11\/his08-300x168.png 300w, https:\/\/sites.uel.br\/pdi\/wp-content\/uploads\/2022\/11\/his08-768x429.png 768w, https:\/\/sites.uel.br\/pdi\/wp-content\/uploads\/2022\/11\/his08-1536x858.png 1536w, https:\/\/sites.uel.br\/pdi\/wp-content\/uploads\/2022\/11\/his08.png 1987w\" sizes=\"auto, (max-width: 1024px) 100vw, 1024px\" \/><\/a><\/figure>\n<\/figure>\n<\/div>\n\n\n\n<div class=\"wp-block-column is-layout-flow wp-block-column-is-layout-flow\">\n<figure class=\"wp-block-gallery has-nested-images columns-default is-cropped wp-block-gallery-9 is-layout-flex wp-block-gallery-is-layout-flex\">\n<figure class=\"wp-block-image size-large\"><a href=\"https:\/\/sites.uel.br\/pdi\/proex-capta-r215-mil-para-estrutura-extensionista\/\"><img loading=\"lazy\" decoding=\"async\" width=\"1024\" height=\"563\" data-id=\"2606\" src=\"https:\/\/sites.uel.br\/pdi\/wp-content\/uploads\/2022\/11\/his09-1024x563.png\" alt=\"\" class=\"wp-image-2606\" srcset=\"https:\/\/sites.uel.br\/pdi\/wp-content\/uploads\/2022\/11\/his09-1024x563.png 1024w, https:\/\/sites.uel.br\/pdi\/wp-content\/uploads\/2022\/11\/his09-300x165.png 300w, https:\/\/sites.uel.br\/pdi\/wp-content\/uploads\/2022\/11\/his09-768x422.png 768w, https:\/\/sites.uel.br\/pdi\/wp-content\/uploads\/2022\/11\/his09-1536x844.png 1536w, https:\/\/sites.uel.br\/pdi\/wp-content\/uploads\/2022\/11\/his09.png 2020w\" sizes=\"auto, (max-width: 1024px) 100vw, 1024px\" \/><\/a><\/figure>\n<\/figure>\n<\/div>\n<\/div>\n\n\n\n<div class=\"wp-block-columns is-not-stacked-on-mobile is-layout-flex wp-container-core-columns-is-layout-9d6595d7 wp-block-columns-is-layout-flex\">\n<div class=\"wp-block-column is-layout-flow wp-block-column-is-layout-flow\">\n<figure class=\"wp-block-gallery has-nested-images columns-default is-cropped wp-block-gallery-10 is-layout-flex wp-block-gallery-is-layout-flex\">\n<figure class=\"wp-block-image size-large\"><a href=\"https:\/\/sites.uel.br\/pdi\/pesquisa-selecionada-pelo-cnpq-estuda-covid-19-e-influenza\/\"><img loading=\"lazy\" decoding=\"async\" width=\"1024\" height=\"572\" data-id=\"2607\" src=\"https:\/\/sites.uel.br\/pdi\/wp-content\/uploads\/2022\/11\/his10-1024x572.png\" alt=\"\" class=\"wp-image-2607\" srcset=\"https:\/\/sites.uel.br\/pdi\/wp-content\/uploads\/2022\/11\/his10-1024x572.png 1024w, https:\/\/sites.uel.br\/pdi\/wp-content\/uploads\/2022\/11\/his10-300x168.png 300w, https:\/\/sites.uel.br\/pdi\/wp-content\/uploads\/2022\/11\/his10-768x429.png 768w, https:\/\/sites.uel.br\/pdi\/wp-content\/uploads\/2022\/11\/his10-1536x858.png 1536w, https:\/\/sites.uel.br\/pdi\/wp-content\/uploads\/2022\/11\/his10.png 1987w\" sizes=\"auto, (max-width: 1024px) 100vw, 1024px\" \/><\/a><\/figure>\n<\/figure>\n<\/div>\n\n\n\n<div class=\"wp-block-column is-layout-flow wp-block-column-is-layout-flow\">\n<figure class=\"wp-block-gallery has-nested-images columns-default is-cropped wp-block-gallery-11 is-layout-flex wp-block-gallery-is-layout-flex\">\n<figure class=\"wp-block-image size-large\"><a href=\"https:\/\/sites.uel.br\/pdi\/uel-apoiara-judiciario-em-mediacao-e-conciliacao\/\"><img loading=\"lazy\" decoding=\"async\" width=\"1024\" height=\"572\" data-id=\"2608\" src=\"https:\/\/sites.uel.br\/pdi\/wp-content\/uploads\/2022\/11\/his11-1024x572.png\" alt=\"\" class=\"wp-image-2608\" srcset=\"https:\/\/sites.uel.br\/pdi\/wp-content\/uploads\/2022\/11\/his11-1024x572.png 1024w, https:\/\/sites.uel.br\/pdi\/wp-content\/uploads\/2022\/11\/his11-300x168.png 300w, https:\/\/sites.uel.br\/pdi\/wp-content\/uploads\/2022\/11\/his11-768x429.png 768w, https:\/\/sites.uel.br\/pdi\/wp-content\/uploads\/2022\/11\/his11-1536x858.png 1536w, https:\/\/sites.uel.br\/pdi\/wp-content\/uploads\/2022\/11\/his11.png 1987w\" sizes=\"auto, (max-width: 1024px) 100vw, 1024px\" \/><\/a><\/figure>\n<\/figure>\n<\/div>\n\n\n\n<div class=\"wp-block-column is-layout-flow wp-block-column-is-layout-flow\">\n<figure class=\"wp-block-gallery has-nested-images columns-default is-cropped wp-block-gallery-12 is-layout-flex wp-block-gallery-is-layout-flex\">\n<figure class=\"wp-block-image size-large\"><a href=\"https:\/\/sites.uel.br\/pdi\/curso-de-direito-recebe-selo-de-qualidade-oab\/\"><img loading=\"lazy\" decoding=\"async\" width=\"1024\" height=\"572\" data-id=\"2609\" src=\"https:\/\/sites.uel.br\/pdi\/wp-content\/uploads\/2022\/11\/his12-1024x572.png\" alt=\"\" class=\"wp-image-2609\" srcset=\"https:\/\/sites.uel.br\/pdi\/wp-content\/uploads\/2022\/11\/his12-1024x572.png 1024w, https:\/\/sites.uel.br\/pdi\/wp-content\/uploads\/2022\/11\/his12-300x168.png 300w, https:\/\/sites.uel.br\/pdi\/wp-content\/uploads\/2022\/11\/his12-768x429.png 768w, https:\/\/sites.uel.br\/pdi\/wp-content\/uploads\/2022\/11\/his12-1536x858.png 1536w, https:\/\/sites.uel.br\/pdi\/wp-content\/uploads\/2022\/11\/his12.png 1987w\" sizes=\"auto, (max-width: 1024px) 100vw, 1024px\" \/><\/a><\/figure>\n<\/figure>\n<\/div>\n<\/div>\n\n\n\n<div class=\"wp-block-columns is-not-stacked-on-mobile is-layout-flex wp-container-core-columns-is-layout-9d6595d7 wp-block-columns-is-layout-flex\">\n<div class=\"wp-block-column is-layout-flow wp-block-column-is-layout-flow\">\n<figure class=\"wp-block-gallery has-nested-images columns-default is-cropped wp-block-gallery-13 is-layout-flex wp-block-gallery-is-layout-flex\">\n<figure class=\"wp-block-image size-large\"><a href=\"https:\/\/sites.uel.br\/pdi\/uel-tem-5-novos-doutorados\/\"><img loading=\"lazy\" decoding=\"async\" width=\"1024\" height=\"572\" data-id=\"2610\" src=\"https:\/\/sites.uel.br\/pdi\/wp-content\/uploads\/2022\/11\/his13-1024x572.png\" alt=\"\" class=\"wp-image-2610\" srcset=\"https:\/\/sites.uel.br\/pdi\/wp-content\/uploads\/2022\/11\/his13-1024x572.png 1024w, https:\/\/sites.uel.br\/pdi\/wp-content\/uploads\/2022\/11\/his13-300x168.png 300w, https:\/\/sites.uel.br\/pdi\/wp-content\/uploads\/2022\/11\/his13-768x429.png 768w, https:\/\/sites.uel.br\/pdi\/wp-content\/uploads\/2022\/11\/his13-1536x858.png 1536w, https:\/\/sites.uel.br\/pdi\/wp-content\/uploads\/2022\/11\/his13.png 1987w\" sizes=\"auto, (max-width: 1024px) 100vw, 1024px\" \/><\/a><\/figure>\n<\/figure>\n<\/div>\n\n\n\n<div class=\"wp-block-column is-layout-flow wp-block-column-is-layout-flow\">\n<figure class=\"wp-block-gallery has-nested-images columns-default is-cropped wp-block-gallery-14 is-layout-flex wp-block-gallery-is-layout-flex\">\n<figure class=\"wp-block-image size-large\"><a href=\"https:\/\/sites.uel.br\/pdi\/hu-entra-para-projeto-lean-nas-emergencias\/\"><img loading=\"lazy\" decoding=\"async\" width=\"1024\" height=\"572\" data-id=\"2611\" src=\"https:\/\/sites.uel.br\/pdi\/wp-content\/uploads\/2022\/11\/his14-1024x572.png\" alt=\"\" class=\"wp-image-2611\" srcset=\"https:\/\/sites.uel.br\/pdi\/wp-content\/uploads\/2022\/11\/his14-1024x572.png 1024w, https:\/\/sites.uel.br\/pdi\/wp-content\/uploads\/2022\/11\/his14-300x168.png 300w, https:\/\/sites.uel.br\/pdi\/wp-content\/uploads\/2022\/11\/his14-768x429.png 768w, https:\/\/sites.uel.br\/pdi\/wp-content\/uploads\/2022\/11\/his14-1536x858.png 1536w, https:\/\/sites.uel.br\/pdi\/wp-content\/uploads\/2022\/11\/his14.png 1987w\" sizes=\"auto, (max-width: 1024px) 100vw, 1024px\" \/><\/a><\/figure>\n<\/figure>\n<\/div>\n\n\n\n<div class=\"wp-block-column is-layout-flow wp-block-column-is-layout-flow\">\n<figure class=\"wp-block-gallery has-nested-images columns-default wp-block-gallery-15 is-layout-flex wp-block-gallery-is-layout-flex\">\n<figure class=\"wp-block-image size-large\"><a href=\"https:\/\/sites.uel.br\/pdi\/convenios-melhoram-infraestrutura-digital-da-uel\/\"><img loading=\"lazy\" decoding=\"async\" width=\"1024\" height=\"572\" data-id=\"2612\" src=\"https:\/\/sites.uel.br\/pdi\/wp-content\/uploads\/2022\/11\/his15-1024x572.png\" alt=\"\" class=\"wp-image-2612\" srcset=\"https:\/\/sites.uel.br\/pdi\/wp-content\/uploads\/2022\/11\/his15-1024x572.png 1024w, https:\/\/sites.uel.br\/pdi\/wp-content\/uploads\/2022\/11\/his15-300x168.png 300w, https:\/\/sites.uel.br\/pdi\/wp-content\/uploads\/2022\/11\/his15-768x429.png 768w, https:\/\/sites.uel.br\/pdi\/wp-content\/uploads\/2022\/11\/his15-1536x858.png 1536w, https:\/\/sites.uel.br\/pdi\/wp-content\/uploads\/2022\/11\/his15.png 1987w\" sizes=\"auto, (max-width: 1024px) 100vw, 1024px\" \/><\/a><\/figure>\n<\/figure>\n<\/div>\n<\/div>\n\n\n\n<p><\/p>\n\n\n\n<p><\/p>\n","protected":false},"excerpt":{"rendered":"<p>. Com base nas orienta\u00e7\u00f5es estabelecidas, foram selecionados os textos elencados em sequ\u00eancia para narrar, brevemente, o hist\u00f3rico da institui\u00e7\u00e3o:<\/p>\n","protected":false},"author":8,"featured_media":0,"parent":0,"menu_order":0,"comment_status":"closed","ping_status":"closed","template":"","meta":{"footnotes":""},"class_list":["post-578","page","type-page","status-publish","hentry"],"acf":[],"_links":{"self":[{"href":"https:\/\/sites.uel.br\/pdi\/wp-json\/wp\/v2\/pages\/578","targetHints":{"allow":["GET"]}}],"collection":[{"href":"https:\/\/sites.uel.br\/pdi\/wp-json\/wp\/v2\/pages"}],"about":[{"href":"https:\/\/sites.uel.br\/pdi\/wp-json\/wp\/v2\/types\/page"}],"author":[{"embeddable":true,"href":"https:\/\/sites.uel.br\/pdi\/wp-json\/wp\/v2\/users\/8"}],"replies":[{"embeddable":true,"href":"https:\/\/sites.uel.br\/pdi\/wp-json\/wp\/v2\/comments?post=578"}],"version-history":[{"count":5,"href":"https:\/\/sites.uel.br\/pdi\/wp-json\/wp\/v2\/pages\/578\/revisions"}],"predecessor-version":[{"id":2694,"href":"https:\/\/sites.uel.br\/pdi\/wp-json\/wp\/v2\/pages\/578\/revisions\/2694"}],"wp:attachment":[{"href":"https:\/\/sites.uel.br\/pdi\/wp-json\/wp\/v2\/media?parent=578"}],"curies":[{"name":"wp","href":"https:\/\/api.w.org\/{rel}","templated":true}]}}