{"id":573,"date":"2022-09-11T11:13:02","date_gmt":"2022-09-11T14:13:02","guid":{"rendered":"https:\/\/sites.uel.br\/pdi\/?page_id=573"},"modified":"2023-10-11T14:26:11","modified_gmt":"2023-10-11T17:26:11","slug":"historico-da-uel-introducao-contextual","status":"publish","type":"page","link":"https:\/\/sites.uel.br\/pdi\/historico-da-uel-introducao-contextual\/","title":{"rendered":"Hist\u00f3rico da UEL &#8211; Introdu\u00e7\u00e3o Contextual"},"content":{"rendered":"\n<p class=\"has-white-color has-text-color\">.<\/p>\n\n\n\n<p>Esta se\u00e7\u00e3o do Plano de Desenvolvimento Institucional UEL 2024-2028 apresenta uma s\u00edntese da trajet\u00f3ria hist\u00f3rica da universidade. Com o intuito tornar esta descri\u00e7\u00e3o o mais fidedigna poss\u00edvel, foram consideradas reportagens divulgadas por materiais, tanto impressos quanto digitais, desenvolvidos pela Coordenadoria de Comunica\u00e7\u00e3o Social da UEL. Foram priorizadas refer\u00eancias que discorreram a respeito da cria\u00e7\u00e3o da Universidade Estadual de Londrina, bem como fontes que apresentaram destaques institucionais dos cinco anos que antecederam a elabora\u00e7\u00e3o deste PDI, ou seja, not\u00edcias publicadas entre os anos de 2018 (inclusive) e 2022 (inclusive).<\/p>\n","protected":false},"excerpt":{"rendered":"<p>. Esta se\u00e7\u00e3o do Plano de Desenvolvimento Institucional UEL 2024-2028 apresenta uma s\u00edntese da trajet\u00f3ria hist\u00f3rica da universidade. Com o intuito tornar esta descri\u00e7\u00e3o o mais fidedigna poss\u00edvel, foram consideradas reportagens divulgadas por materiais, tanto impressos quanto digitais, desenvolvidos pela Coordenadoria de Comunica\u00e7\u00e3o Social da UEL. Foram priorizadas refer\u00eancias que discorreram a respeito da cria\u00e7\u00e3o [&hellip;]<\/p>\n","protected":false},"author":8,"featured_media":0,"parent":0,"menu_order":0,"comment_status":"closed","ping_status":"closed","template":"","meta":{"footnotes":""},"class_list":["post-573","page","type-page","status-publish","hentry"],"acf":[],"_links":{"self":[{"href":"https:\/\/sites.uel.br\/pdi\/wp-json\/wp\/v2\/pages\/573","targetHints":{"allow":["GET"]}}],"collection":[{"href":"https:\/\/sites.uel.br\/pdi\/wp-json\/wp\/v2\/pages"}],"about":[{"href":"https:\/\/sites.uel.br\/pdi\/wp-json\/wp\/v2\/types\/page"}],"author":[{"embeddable":true,"href":"https:\/\/sites.uel.br\/pdi\/wp-json\/wp\/v2\/users\/8"}],"replies":[{"embeddable":true,"href":"https:\/\/sites.uel.br\/pdi\/wp-json\/wp\/v2\/comments?post=573"}],"version-history":[{"count":2,"href":"https:\/\/sites.uel.br\/pdi\/wp-json\/wp\/v2\/pages\/573\/revisions"}],"predecessor-version":[{"id":4188,"href":"https:\/\/sites.uel.br\/pdi\/wp-json\/wp\/v2\/pages\/573\/revisions\/4188"}],"wp:attachment":[{"href":"https:\/\/sites.uel.br\/pdi\/wp-json\/wp\/v2\/media?parent=573"}],"curies":[{"name":"wp","href":"https:\/\/api.w.org\/{rel}","templated":true}]}}