{"id":56,"date":"2022-09-07T10:01:57","date_gmt":"2022-09-07T13:01:57","guid":{"rendered":"https:\/\/sites.uel.br\/pdi\/?page_id=56"},"modified":"2023-10-10T16:58:55","modified_gmt":"2023-10-10T19:58:55","slug":"aeser","status":"publish","type":"page","link":"https:\/\/sites.uel.br\/pdi\/aeser\/","title":{"rendered":"Atividades de Engajamento e Sensibiliza\u00e7\u00e3o das Equipes Respons\u00e1veis"},"content":{"rendered":"\n<p class=\"has-white-color has-text-color\">&#8211;<\/p>\n\n\n\n<p>Ap\u00f3s a composi\u00e7\u00e3o das equipes respons\u00e1veis, tanto a de execu\u00e7\u00e3o quanto a de apoio, fez-se necess\u00e1rio preparar as pessoas envolvidas para receber informa\u00e7\u00f5es, orienta\u00e7\u00f5es e diretrizes para a elabora\u00e7\u00e3o do PDI UEL 2024-2028 por meio de atividades voltadas para o seu engajamento, juntamente com outros p\u00fablicos que, de alguma forma, influenciaram no processo de cria\u00e7\u00e3o deste documento. Para garantir uma troca de informa\u00e7\u00f5es produtivas entre a comunidade interna, a comunidade externa e os participantes direta e indiretamente envolvidos na elabora\u00e7\u00e3o do PDI UEL 2024-2028, foram desenvolvidas as seguintes atividades:<\/p>\n\n\n\n<ul class=\"wp-block-list\">\n<li>semin\u00e1rios;<\/li>\n\n\n\n<li>pain\u00e9is de discuss\u00e3o;<\/li>\n\n\n\n<li>sess\u00f5es plen\u00e1rias;<\/li>\n\n\n\n<li>reuni\u00f5es t\u00e9cnicas;<\/li>\n\n\n\n<li>debates;<\/li>\n\n\n\n<li>palestras;<\/li>\n\n\n\n<li>entrevistas;<\/li>\n\n\n\n<li>preenchimento de question\u00e1rios avaliativos online;<\/li>\n\n\n\n<li>grupos focais;<\/li>\n\n\n\n<li>f\u00f3rum de discuss\u00e3o online;<\/li>\n\n\n\n<li>sistematiza\u00e7\u00e3o de demandas; e,<\/li>\n\n\n\n<li>espa\u00e7o interativo para registro de ideias e sugest\u00f5es.<\/li>\n<\/ul>\n","protected":false},"excerpt":{"rendered":"<p>&#8211; Ap\u00f3s a composi\u00e7\u00e3o das equipes respons\u00e1veis, tanto a de execu\u00e7\u00e3o quanto a de apoio, fez-se necess\u00e1rio preparar as pessoas envolvidas para receber informa\u00e7\u00f5es, orienta\u00e7\u00f5es e diretrizes para a elabora\u00e7\u00e3o do PDI UEL 2024-2028 por meio de atividades voltadas para o seu engajamento, juntamente com outros p\u00fablicos que, de alguma forma, influenciaram no processo de [&hellip;]<\/p>\n","protected":false},"author":8,"featured_media":0,"parent":0,"menu_order":0,"comment_status":"closed","ping_status":"closed","template":"","meta":{"footnotes":""},"class_list":["post-56","page","type-page","status-publish","hentry"],"acf":[],"_links":{"self":[{"href":"https:\/\/sites.uel.br\/pdi\/wp-json\/wp\/v2\/pages\/56","targetHints":{"allow":["GET"]}}],"collection":[{"href":"https:\/\/sites.uel.br\/pdi\/wp-json\/wp\/v2\/pages"}],"about":[{"href":"https:\/\/sites.uel.br\/pdi\/wp-json\/wp\/v2\/types\/page"}],"author":[{"embeddable":true,"href":"https:\/\/sites.uel.br\/pdi\/wp-json\/wp\/v2\/users\/8"}],"replies":[{"embeddable":true,"href":"https:\/\/sites.uel.br\/pdi\/wp-json\/wp\/v2\/comments?post=56"}],"version-history":[{"count":3,"href":"https:\/\/sites.uel.br\/pdi\/wp-json\/wp\/v2\/pages\/56\/revisions"}],"predecessor-version":[{"id":4183,"href":"https:\/\/sites.uel.br\/pdi\/wp-json\/wp\/v2\/pages\/56\/revisions\/4183"}],"wp:attachment":[{"href":"https:\/\/sites.uel.br\/pdi\/wp-json\/wp\/v2\/media?parent=56"}],"curies":[{"name":"wp","href":"https:\/\/api.w.org\/{rel}","templated":true}]}}