{"id":467,"date":"2022-09-08T11:24:08","date_gmt":"2022-09-08T14:24:08","guid":{"rendered":"https:\/\/sites.uel.br\/pdi\/?page_id=467"},"modified":"2024-07-02T09:55:43","modified_gmt":"2024-07-02T12:55:43","slug":"pdi-acompanhamento","status":"publish","type":"page","link":"https:\/\/sites.uel.br\/pdi\/pdi-acompanhamento\/","title":{"rendered":"PDI &#8211; ACOMPANHAMENTO"},"content":{"rendered":"\n<div style=\"height:35px\" aria-hidden=\"true\" class=\"wp-block-spacer\"><\/div>\n\n\n\n<p><strong>Acompanhamento do Plano de Desenvolvimento Institucional (PDI) 2024-2028<\/strong><\/p>\n\n\n\n<div style=\"height:35px\" aria-hidden=\"true\" class=\"wp-block-spacer\"><\/div>\n\n\n\n<div class=\"wp-block-group\"><div class=\"wp-block-group__inner-container is-layout-constrained wp-block-group-is-layout-constrained\">\n<p>Apesar deste PDI ser referente ao per\u00edodo 2024-2028, \u00e9 necess\u00e1rio informar que, periodicamente, haver\u00e1 sistematiza\u00e7\u00e3o dos registros das atividades e dos resultados previstos e, caso necess\u00e1rio, revis\u00e3o das propostas e objetivos inicialmente planejados. O que se pretende, do in\u00edcio ao encerramento do per\u00edodo de vig\u00eancia deste documento, \u00e9 dispor as informa\u00e7\u00f5es existentes em s\u00e9rie hist\u00f3rica para que, quando de sua conclus\u00e3o, seja poss\u00edvel demonstrar a evolu\u00e7\u00e3o do trabalho realizado pela institui\u00e7\u00e3o como um todo.<\/p>\n\n\n\n<p>Um dos objetivos impl\u00edcitos \u00e0 elabora\u00e7\u00e3o deste PDI \u00e9 torn\u00e1-lo um instrumento de gest\u00e3o eficaz e efetivo na demonstra\u00e7\u00e3o dos avan\u00e7os e resultados do trabalho de cada componente que integra a administra\u00e7\u00e3o da universidade. Por esta raz\u00e3o, o documento foi elaborado com uma abordagem mais anal\u00edtica do que descritiva, mais formativa do que informativa e mais processual do que pontual. Esta op\u00e7\u00e3o reflete o compromisso de apresentar objetivos, metas e a\u00e7\u00f5es que definir\u00e3o os resultados relevantes que devem ser buscados pela institui\u00e7\u00e3o, como um todo, e suas respectivas unidades administrativas, de acordo com suas especificidades, no per\u00edodo estabelecido.<\/p>\n<\/div><\/div>\n\n\n\n<div style=\"height:35px\" aria-hidden=\"true\" class=\"wp-block-spacer\"><\/div>\n\n\n\n<blockquote class=\"wp-block-quote has-text-align-right is-layout-flow wp-block-quote-is-layout-flow\">\n<p><em>&#8220;O planejamento estrat\u00e9gico \u00e9 uma ferramenta essencial para garantir que a universidade avance de maneira coerente e eficaz em dire\u00e7\u00e3o aos seus objetivos institucionais&#8221; .<\/em><\/p>\n<cite>Professor Dr. D\u00e9cio Sabbatini Barbosa, ex-reitor da UEL  <\/cite><\/blockquote>\n\n\n\n<div style=\"height:35px\" aria-hidden=\"true\" class=\"wp-block-spacer\"><\/div>\n\n\n\n<p>O acompanhamento sistem\u00e1tico das a\u00e7\u00f5es e resultados previstos no PDI 2024-2028 ser\u00e1 fundamental para garantir a transpar\u00eancia e a efic\u00e1cia do plano. Atrav\u00e9s de relat\u00f3rios peri\u00f3dicos e reuni\u00f5es de acompanhamento, ser\u00e1 poss\u00edvel identificar desvios, propor ajustes e assegurar que os objetivos estrat\u00e9gicos sejam atingidos de maneira eficiente.<\/p>\n\n\n\n<p>Desta forma, o acompanhamento do PDI 2024-2028 n\u00e3o apenas monitora o progresso das a\u00e7\u00f5es, mas tamb\u00e9m fomenta um ambiente de constante aprendizado e melhoria. Este processo \u00e9 essencial para garantir que a UEL continue a cumprir sua miss\u00e3o de oferecer uma educa\u00e7\u00e3o de qualidade, promover a pesquisa e a extens\u00e3o, e contribuir para o desenvolvimento da sociedade.<\/p>\n","protected":false},"excerpt":{"rendered":"<p>Acompanhamento do Plano de Desenvolvimento Institucional (PDI) 2024-2028 Apesar deste PDI ser referente ao per\u00edodo 2024-2028, \u00e9 necess\u00e1rio informar que, periodicamente, haver\u00e1 sistematiza\u00e7\u00e3o dos registros das atividades e dos resultados previstos e, caso necess\u00e1rio, revis\u00e3o das propostas e objetivos inicialmente planejados. O que se pretende, do in\u00edcio ao encerramento do per\u00edodo de vig\u00eancia deste documento, [&hellip;]<\/p>\n","protected":false},"author":8,"featured_media":0,"parent":0,"menu_order":0,"comment_status":"closed","ping_status":"closed","template":"","meta":{"footnotes":""},"class_list":["post-467","page","type-page","status-publish","hentry"],"acf":[],"_links":{"self":[{"href":"https:\/\/sites.uel.br\/pdi\/wp-json\/wp\/v2\/pages\/467","targetHints":{"allow":["GET"]}}],"collection":[{"href":"https:\/\/sites.uel.br\/pdi\/wp-json\/wp\/v2\/pages"}],"about":[{"href":"https:\/\/sites.uel.br\/pdi\/wp-json\/wp\/v2\/types\/page"}],"author":[{"embeddable":true,"href":"https:\/\/sites.uel.br\/pdi\/wp-json\/wp\/v2\/users\/8"}],"replies":[{"embeddable":true,"href":"https:\/\/sites.uel.br\/pdi\/wp-json\/wp\/v2\/comments?post=467"}],"version-history":[{"count":6,"href":"https:\/\/sites.uel.br\/pdi\/wp-json\/wp\/v2\/pages\/467\/revisions"}],"predecessor-version":[{"id":4387,"href":"https:\/\/sites.uel.br\/pdi\/wp-json\/wp\/v2\/pages\/467\/revisions\/4387"}],"wp:attachment":[{"href":"https:\/\/sites.uel.br\/pdi\/wp-json\/wp\/v2\/media?parent=467"}],"curies":[{"name":"wp","href":"https:\/\/api.w.org\/{rel}","templated":true}]}}