{"id":459,"date":"2022-09-08T11:22:49","date_gmt":"2022-09-08T14:22:49","guid":{"rendered":"https:\/\/sites.uel.br\/pdi\/?page_id=459"},"modified":"2024-07-02T16:51:32","modified_gmt":"2024-07-02T19:51:32","slug":"pdi-o-que-e","status":"publish","type":"page","link":"https:\/\/sites.uel.br\/pdi\/pdi-o-que-e\/","title":{"rendered":"PDI: O QUE \u00c9?"},"content":{"rendered":"\n<div style=\"height:30px\" aria-hidden=\"true\" class=\"wp-block-spacer\"><\/div>\n\n\n\n<p>                 O planejamento nas universidades \u00e9 representado pelo Plano de Desenvolvimento Institucional (PDI), uma ferramenta crucial para as Institui\u00e7\u00f5es de Ensino Superior (IES). O PDI subsidia o desenvolvimento do planejamento institucional dessas organiza\u00e7\u00f5es, atuando tanto como um meio de avalia\u00e7\u00e3o pelas autoridades competentes quanto como um plano para a melhoria e acompanhamento da implementa\u00e7\u00e3o de a\u00e7\u00f5es estrat\u00e9gicas. Al\u00e9m disso, serve como um importante instrumento de gest\u00e3o p\u00fablica.<\/p>\n\n\n\n<p>                Ao englobar elementos que influenciam a qualidade do ensino, a uniformidade das tarefas administrativas e a gest\u00e3o financeira eficiente, o PDI contribui para os objetivos de efici\u00eancia, efetividade e transpar\u00eancia p\u00fablica. Ele permite a fundamenta\u00e7\u00e3o de um diagn\u00f3stico sist\u00eamico estrat\u00e9gico e fornece bases s\u00f3lidas para a reflex\u00e3o, formula\u00e7\u00e3o, implementa\u00e7\u00e3o e gest\u00e3o dos planos de a\u00e7\u00e3o que promovem o desenvolvimento integral da institui\u00e7\u00e3o.<\/p>\n\n\n\n<p>                 A elabora\u00e7\u00e3o do PDI possibilita o acesso a informa\u00e7\u00f5es relevantes que auxiliam na manuten\u00e7\u00e3o da competitividade da IES e permitem um melhor controle dos recursos financeiros, viabilizando investimentos em \u00e1reas importantes para a melhoria do desempenho funcional (Sant&#8217;Ana et al., 2017).<\/p>\n","protected":false},"excerpt":{"rendered":"<p>O planejamento nas universidades \u00e9 representado pelo Plano de Desenvolvimento Institucional (PDI), uma ferramenta crucial para as Institui\u00e7\u00f5es de Ensino Superior (IES). O PDI subsidia o desenvolvimento do planejamento institucional dessas organiza\u00e7\u00f5es, atuando tanto como um meio de avalia\u00e7\u00e3o pelas autoridades competentes quanto como um plano para a melhoria e acompanhamento da implementa\u00e7\u00e3o de a\u00e7\u00f5es [&hellip;]<\/p>\n","protected":false},"author":8,"featured_media":0,"parent":0,"menu_order":0,"comment_status":"closed","ping_status":"closed","template":"","meta":{"footnotes":""},"class_list":["post-459","page","type-page","status-publish","hentry"],"acf":[],"_links":{"self":[{"href":"https:\/\/sites.uel.br\/pdi\/wp-json\/wp\/v2\/pages\/459","targetHints":{"allow":["GET"]}}],"collection":[{"href":"https:\/\/sites.uel.br\/pdi\/wp-json\/wp\/v2\/pages"}],"about":[{"href":"https:\/\/sites.uel.br\/pdi\/wp-json\/wp\/v2\/types\/page"}],"author":[{"embeddable":true,"href":"https:\/\/sites.uel.br\/pdi\/wp-json\/wp\/v2\/users\/8"}],"replies":[{"embeddable":true,"href":"https:\/\/sites.uel.br\/pdi\/wp-json\/wp\/v2\/comments?post=459"}],"version-history":[{"count":4,"href":"https:\/\/sites.uel.br\/pdi\/wp-json\/wp\/v2\/pages\/459\/revisions"}],"predecessor-version":[{"id":4441,"href":"https:\/\/sites.uel.br\/pdi\/wp-json\/wp\/v2\/pages\/459\/revisions\/4441"}],"wp:attachment":[{"href":"https:\/\/sites.uel.br\/pdi\/wp-json\/wp\/v2\/media?parent=459"}],"curies":[{"name":"wp","href":"https:\/\/api.w.org\/{rel}","templated":true}]}}