{"id":4422,"date":"2024-07-02T14:48:13","date_gmt":"2024-07-02T17:48:13","guid":{"rendered":"https:\/\/sites.uel.br\/pdi\/?page_id=4422"},"modified":"2024-12-11T13:11:00","modified_gmt":"2024-12-11T16:11:00","slug":"fundamentacao-pdi","status":"publish","type":"page","link":"https:\/\/sites.uel.br\/pdi\/fundamentacao-pdi\/","title":{"rendered":"Fundamenta\u00e7\u00e3o PDI"},"content":{"rendered":"\n<div style=\"height:65px\" aria-hidden=\"true\" class=\"wp-block-spacer\"><\/div>\n\n\n\n<h1 class=\"wp-block-heading\">Plano de Desenvolvimento Institucional (PDI)<\/h1>\n\n\n\n<p>O Plano de Desenvolvimento Institucional (PDI) \u00e9 um documento estrat\u00e9gico que define os objetivos, metas e estrat\u00e9gias da Universidade Estadual de Londrina (UEL) para os pr\u00f3ximos anos. Ele serve como um guia para o desenvolvimento e a melhoria cont\u00ednua da institui\u00e7\u00e3o, abrangendo \u00e1reas como ensino, pesquisa, extens\u00e3o, gest\u00e3o e infraestrutura.<\/p>\n\n\n\n<h2 class=\"wp-block-heading\">Objetivos do PDI<\/h2>\n\n\n\n<ul class=\"wp-block-list\">\n<li>Promover a excel\u00eancia acad\u00eamica.<\/li>\n\n\n\n<li>Fortalecer a pesquisa cient\u00edfica e tecnol\u00f3gica.<\/li>\n\n\n\n<li>Ampliar as a\u00e7\u00f5es de extens\u00e3o universit\u00e1ria.<\/li>\n\n\n\n<li>Melhorar a infraestrutura e os recursos institucionais.<\/li>\n\n\n\n<li>Garantir a sustentabilidade financeira e administrativa.<\/li>\n<\/ul>\n\n\n\n<h2 class=\"wp-block-heading\">Import\u00e2ncia do PDI<\/h2>\n\n\n\n<p>O PDI \u00e9 fundamental para assegurar que a universidade siga um caminho bem planejado, com a\u00e7\u00f5es coordenadas e alinhadas aos seus objetivos estrat\u00e9gicos. Ele \u00e9 revisado periodicamente para garantir que a institui\u00e7\u00e3o esteja respondendo adequadamente \u00e0s mudan\u00e7as e demandas da sociedade.<\/p>\n\n\n\n<h2 class=\"wp-block-heading\">Base Legal do PDI<\/h2>\n\n\n\n<p>O Plano de Desenvolvimento Institucional (PDI) \u00e9 indispens\u00e1vel para o credenciamento e recredenciamento de Institui\u00e7\u00f5es de Ensino Superior (IES), conforme o <a href=\"https:\/\/www.planalto.gov.br\/ccivil_03\/_ato2015-2018\/2017\/decreto\/d9235.htm\">Decreto n\u00ba 9.235, de 15 de dezembro de 2017<\/a>, que estabelece os documentos e elementos m\u00ednimos necess\u00e1rios para regulariza\u00e7\u00e3o institucional.<\/p>\n\n\n\n<p><strong>Texto compilado<\/strong><\/p>\n\n\n\n<p><em><strong>Art. 20.<\/strong>&nbsp;O pedido de credenciamento ser\u00e1 instru\u00eddo com os seguintes documentos:<\/em><\/p>\n\n\n\n<div class=\"wp-block-group is-vertical is-layout-flex wp-container-core-group-is-layout-8cf370e7 wp-block-group-is-layout-flex\">\n<div class=\"wp-block-group is-vertical is-content-justification-stretch is-layout-flex wp-container-core-group-is-layout-b16ad781 wp-block-group-is-layout-flex\">\n<p>a) Comprovante de recolhimento das taxas de avalia\u00e7\u00e3o externa\u00a0<strong>in loco\u00a0<\/strong>realizada pelo Inep, previstas na\u00a0<a href=\"https:\/\/www.planalto.gov.br\/ccivil_03\/_Ato2004-2006\/2004\/Lei\/L10.870.htm\">Lei n\u00ba 10.870, de 19 de maio de 2004\u00a0<\/a>;<\/p>\n\n\n\n<p><strong>b) Plano de desenvolvimento institucional &#8211; PDI;<\/strong><\/p>\n<\/div>\n<\/div>\n\n\n\n<p>&#8230;<\/p>\n\n\n\n<p><em><strong>Art. 21.<\/strong>&nbsp;Observada a organiza\u00e7\u00e3o acad\u00eamica da institui\u00e7\u00e3o, o PDI conter\u00e1, no m\u00ednimo, os seguintes elementos:<\/em><\/p>\n\n\n\n<p>I &#8211; miss\u00e3o, objetivos e metas da institui\u00e7\u00e3o;<\/p>\n\n\n\n<p>II &#8211; projeto pedag\u00f3gico da institui\u00e7\u00e3o;<\/p>\n\n\n\n<p>III &#8211; cronograma de implanta\u00e7\u00e3o e desenvolvimento da institui\u00e7\u00e3o;<\/p>\n\n\n\n<p>IV &#8211; organiza\u00e7\u00e3o did\u00e1tico-pedag\u00f3gica da institui\u00e7\u00e3o;<\/p>\n\n\n\n<p>V &#8211; oferta de cursos e programas de p\u00f3s-gradua\u00e7\u00e3o&nbsp;<strong>lato&nbsp;<\/strong>e&nbsp;<strong>stricto sensu&nbsp;<\/strong>, quando for o caso;<\/p>\n\n\n\n<p>VI &#8211; perfil do corpo docente e de tutores de educa\u00e7\u00e3o a dist\u00e2ncia;<\/p>\n\n\n\n<p>VII &#8211; organiza\u00e7\u00e3o administrativa da institui\u00e7\u00e3o e pol\u00edticas de gest\u00e3o;<\/p>\n\n\n\n<p>VIII &#8211; projeto de acervo acad\u00eamico em meio digital;<\/p>\n\n\n\n<p>IX &#8211; infraestrutura f\u00edsica e instala\u00e7\u00f5es acad\u00eamicas;<\/p>\n\n\n\n<p>X &#8211; demonstrativo de capacidade e sustentabilidade financeiras;<\/p>\n\n\n\n<p>XI &#8211; oferta de educa\u00e7\u00e3o a dist\u00e2ncia;<\/p>\n\n\n\n<p><\/p>\n","protected":false},"excerpt":{"rendered":"<p>Plano de Desenvolvimento Institucional (PDI) O Plano de Desenvolvimento Institucional (PDI) \u00e9 um documento estrat\u00e9gico que define os objetivos, metas e estrat\u00e9gias da Universidade Estadual de Londrina (UEL) para os pr\u00f3ximos anos. Ele serve como um guia para o desenvolvimento e a melhoria cont\u00ednua da institui\u00e7\u00e3o, abrangendo \u00e1reas como ensino, pesquisa, extens\u00e3o, gest\u00e3o e infraestrutura. [&hellip;]<\/p>\n","protected":false},"author":18,"featured_media":0,"parent":0,"menu_order":0,"comment_status":"closed","ping_status":"closed","template":"","meta":{"footnotes":""},"class_list":["post-4422","page","type-page","status-publish","hentry"],"acf":[],"_links":{"self":[{"href":"https:\/\/sites.uel.br\/pdi\/wp-json\/wp\/v2\/pages\/4422","targetHints":{"allow":["GET"]}}],"collection":[{"href":"https:\/\/sites.uel.br\/pdi\/wp-json\/wp\/v2\/pages"}],"about":[{"href":"https:\/\/sites.uel.br\/pdi\/wp-json\/wp\/v2\/types\/page"}],"author":[{"embeddable":true,"href":"https:\/\/sites.uel.br\/pdi\/wp-json\/wp\/v2\/users\/18"}],"replies":[{"embeddable":true,"href":"https:\/\/sites.uel.br\/pdi\/wp-json\/wp\/v2\/comments?post=4422"}],"version-history":[{"count":9,"href":"https:\/\/sites.uel.br\/pdi\/wp-json\/wp\/v2\/pages\/4422\/revisions"}],"predecessor-version":[{"id":4543,"href":"https:\/\/sites.uel.br\/pdi\/wp-json\/wp\/v2\/pages\/4422\/revisions\/4543"}],"wp:attachment":[{"href":"https:\/\/sites.uel.br\/pdi\/wp-json\/wp\/v2\/media?parent=4422"}],"curies":[{"name":"wp","href":"https:\/\/api.w.org\/{rel}","templated":true}]}}