{"id":44,"date":"2022-09-07T09:51:21","date_gmt":"2022-09-07T12:51:21","guid":{"rendered":"https:\/\/sites.uel.br\/pdi\/?page_id=44"},"modified":"2023-10-10T16:57:58","modified_gmt":"2023-10-10T19:57:58","slug":"abrangencia-do-pdi-uel-2023-2027","status":"publish","type":"page","link":"https:\/\/sites.uel.br\/pdi\/abrangencia-do-pdi-uel-2023-2027\/","title":{"rendered":"Abrang\u00eancia do PDI UEL 2024-2028"},"content":{"rendered":"\n<p class=\"has-white-color has-text-color\">&#8211;<\/p>\n\n\n\n<p>O Plano de Desenvolvimento Institucional da Universidade Estadual de Londrina com vig\u00eancia entre 2024 (inclusive) e 2028 (inclusive), em suas propostas, orienta\u00e7\u00f5es, diretrizes, metas e a\u00e7\u00f5es, abrange as unidades e subunidades correspondentes das inst\u00e2ncias destacadas em sequ\u00eancia.<\/p>\n\n\n\n<ul class=\"wp-block-list\">\n<li>Ouvidoria<\/li>\n\n\n\n<li>Reitoria<\/li>\n\n\n\n<li>Procuradoria Jur\u00eddica (PJU)<\/li>\n\n\n\n<li>Secretaria Geral dos \u00d3rg\u00e3os Colegiados Superiores (SGOCS)<\/li>\n\n\n\n<li>Coordenadoria de Comunica\u00e7\u00e3o (COM)<\/li>\n\n\n\n<li>Coordenadoria de Processos Seletivos (COPS)<\/li>\n\n\n\n<li>Prefeitura do Campus Universit\u00e1rio (PCU)<\/li>\n\n\n\n<li>Assessoria de Tecnologia de Informa\u00e7\u00e3o (ATI)<\/li>\n\n\n\n<li>Assessoria de Rela\u00e7\u00f5es Internacionais (ARI)<\/li>\n\n\n\n<li>Assessoria de Auditoria Interna (AAI)<\/li>\n\n\n\n<li>Controle Interno<\/li>\n\n\n\n<li>Pr\u00f3-Reitoria de Administra\u00e7\u00e3o e Finan\u00e7as (PROAF)<\/li>\n\n\n\n<li>Pr\u00f3-Reitoria de Extens\u00e3o, Cultura e Sociedade (PROEX)<\/li>\n\n\n\n<li>Pr\u00f3-Reitoria de Gradua\u00e7\u00e3o (PROGRAD)<\/li>\n\n\n\n<li>Pr\u00f3-Reitoria de Pesquisa e P\u00f3s-Gradua\u00e7\u00e3o (PROGRAD)<\/li>\n\n\n\n<li>Pr\u00f3-Reitoria de Planejamento (PROPLAN)<\/li>\n\n\n\n<li>Pr\u00f3-Reitoria de Recursos Humanos (PRORH)<\/li>\n\n\n\n<li>Centro de Ci\u00eancias Agr\u00e1rias (CCA)\n<ul class=\"wp-block-list\">\n<li>Departamento de Agronomia<\/li>\n\n\n\n<li>Departamento de Cl\u00ednicas Veterin\u00e1rias<\/li>\n\n\n\n<li>Departamento de Ci\u00eancia e Tecnologia de Alimentos<\/li>\n\n\n\n<li>Departamento de Zootecnia<\/li>\n<\/ul>\n<\/li>\n\n\n\n<li>Centro de Ci\u00eancias Biol\u00f3gicas (CCB)\n<ul class=\"wp-block-list\">\n<li>Departamento de Anatomia<\/li>\n\n\n\n<li>Departamento de Biologia Geral<\/li>\n\n\n\n<li>Departamento de Biologia Animal e Vegetal<\/li>\n\n\n\n<li>Departamento de Ci\u00eancias Fisiol\u00f3gicas<\/li>\n\n\n\n<li>Departamento de Ci\u00eancias Patol\u00f3gicas<\/li>\n\n\n\n<li>Departamento de Histologia<\/li>\n\n\n\n<li>Departamento de Microbiologia<\/li>\n\n\n\n<li>Departamento de Psicologia e Psican\u00e1lise<\/li>\n\n\n\n<li>Departamento de Psicologia Geral e An\u00e1lise do Comportamento<\/li>\n\n\n\n<li>Departamento de Psicologia Social e Institucional<\/li>\n<\/ul>\n<\/li>\n\n\n\n<li>Centro de Ci\u00eancias Exatas (CCE)\n<ul class=\"wp-block-list\">\n<li>Departamento de Bioqu\u00edmica e Biotecnologia<\/li>\n\n\n\n<li>Departamento de Computa\u00e7\u00e3o<\/li>\n\n\n\n<li>Departamento de Estat\u00edstica<\/li>\n\n\n\n<li>Departamento de F\u00edsica<\/li>\n\n\n\n<li>Departamento de Geoci\u00eancias<\/li>\n\n\n\n<li>Departamento de Geologia e Geom\u00e1tica<\/li>\n\n\n\n<li>Departamento de Matem\u00e1tica<\/li>\n\n\n\n<li>Departamento de Qu\u00edmica<\/li>\n<\/ul>\n<\/li>\n\n\n\n<li>Centro de Ci\u00eancias da Sa\u00fade (CCS)\n<ul class=\"wp-block-list\">\n<li>Departamento de Cl\u00ednica Cir\u00fargica<\/li>\n\n\n\n<li>Departamento de Cl\u00ednica M\u00e9dica<\/li>\n\n\n\n<li>Departamento de Ci\u00eancias Farmac\u00eauticas<\/li>\n\n\n\n<li>Departamento de Enfermagem<\/li>\n\n\n\n<li>Departamento de Fisioterapia<\/li>\n\n\n\n<li>Departamento de Ginecologia e Obstetr\u00edcia<\/li>\n\n\n\n<li>Departamento de Medicina Oral e Odontologia Infantil<\/li>\n\n\n\n<li>Departamento de Odontologia Restauradora<\/li>\n\n\n\n<li>Departamento de Odontologia (\u00c1rea B\u00e1sica)<\/li>\n\n\n\n<li>Departamento de Pediatria e Cirurgia Pedi\u00e1trica<\/li>\n\n\n\n<li>Departamento de Patologia, An\u00e1lises Cl\u00ednicas e Toxicol\u00f3gicas<\/li>\n\n\n\n<li>Departamento de Sa\u00fade Coletiva<\/li>\n<\/ul>\n<\/li>\n\n\n\n<li>Centro de Educa\u00e7\u00e3o, Comunica\u00e7\u00e3o e Artes (CECA)\n<ul class=\"wp-block-list\">\n<li>Departamento de Arte Visual<\/li>\n\n\n\n<li>Departamento de Ci\u00eancia da Informa\u00e7\u00e3o<\/li>\n\n\n\n<li>Departamento de Comunica\u00e7\u00e3o<\/li>\n\n\n\n<li>Departamento de Design<\/li>\n\n\n\n<li>Departamento de Educa\u00e7\u00e3o<\/li>\n\n\n\n<li>Departamento de M\u00fasica e Teatro<\/li>\n\n\n\n<li>Centro de Educa\u00e7\u00e3o F\u00edsica e Esportes (CEFE)<\/li>\n\n\n\n<li>Departamento de Ci\u00eancias do Esporte<\/li>\n\n\n\n<li>Departamento de Educa\u00e7\u00e3o F\u00edsica<\/li>\n\n\n\n<li>Departamento de Estudos do Movimento Humano<\/li>\n<\/ul>\n<\/li>\n\n\n\n<li>Centro de Estudos Sociais Aplicados (CESA)\n<ul class=\"wp-block-list\">\n<li>Departamento de Administra\u00e7\u00e3o<\/li>\n\n\n\n<li>Departamento de Ci\u00eancias Cont\u00e1beis<\/li>\n\n\n\n<li>Departamento de Ci\u00eancias Econ\u00f4micas<\/li>\n\n\n\n<li>Departamento de Direito Privado<\/li>\n\n\n\n<li>Departamento de Direito P\u00fablico<\/li>\n\n\n\n<li>Departamento de Servi\u00e7o Social<\/li>\n<\/ul>\n<\/li>\n\n\n\n<li>Centro de Letras e Ci\u00eancias Humanas (CLCH)\n<ul class=\"wp-block-list\">\n<li>Departamento de Ci\u00eancias Sociais<\/li>\n\n\n\n<li>Departamento de Filosofia<\/li>\n\n\n\n<li>Departamento de Hist\u00f3ria<\/li>\n\n\n\n<li>Departamento de Letras Estrangeiras Modernas<\/li>\n\n\n\n<li>Departamento de Letras Vern\u00e1culas e Cl\u00e1ssicas<\/li>\n<\/ul>\n<\/li>\n\n\n\n<li>Centro de Tecnologia e Urbanismo (CTU)\n<ul class=\"wp-block-list\">\n<li>Departamento de Arquitetura e Urbanismo<\/li>\n\n\n\n<li>Departamento de Constru\u00e7\u00e3o Civil<\/li>\n\n\n\n<li>Departamento de Engenharia El\u00e9trica<\/li>\n\n\n\n<li>Departamento de Estruturas<\/li>\n<\/ul>\n<\/li>\n\n\n\n<li>Servi\u00e7os de Bibliotecas\n<ul class=\"wp-block-list\">\n<li>Biblioteca Central<\/li>\n\n\n\n<li>Biblioteca Setorial de Ci\u00eancias Humanas<\/li>\n\n\n\n<li>Biblioteca Setorial do Escrit\u00f3rio de Aplica\u00e7\u00e3o de Assuntos Jur\u00eddicos<\/li>\n\n\n\n<li>Biblioteca Setorial do Centro de Ci\u00eancias da Sa\u00fade<\/li>\n<\/ul>\n<\/li>\n\n\n\n<li>Servi\u00e7os de Sa\u00fade\n<ul class=\"wp-block-list\">\n<li>Ambulat\u00f3rio de Especialidades do Hospital Universit\u00e1rio (AEHU)<\/li>\n\n\n\n<li>Beb\u00ea Cl\u00ednica<\/li>\n\n\n\n<li>Cl\u00ednica Odontol\u00f3gica (COU)<\/li>\n\n\n\n<li>Cl\u00ednica Psicol\u00f3gica<\/li>\n\n\n\n<li>Divis\u00e3o e Assist\u00eancia \u00e0 Sa\u00fade da Comunidade (DASC)<\/li>\n\n\n\n<li>Farm\u00e1cia Universit\u00e1ria<\/li>\n\n\n\n<li>Hemocentro Regional de Londrina<\/li>\n\n\n\n<li>Hospital Universit\u00e1rio (HU)<\/li>\n\n\n\n<li>Hospital Veterin\u00e1rio (HV)<\/li>\n\n\n\n<li>Servi\u00e7o de Bem-Estar \u00e0 Comunidade (SEBEC)<\/li>\n<\/ul>\n<\/li>\n\n\n\n<li>Servi\u00e7os de Cultura\n<ul class=\"wp-block-list\">\n<li>Casa de Cultura<\/li>\n\n\n\n<li>Centro de Documenta\u00e7\u00e3o<\/li>\n\n\n\n<li>Cine COM-TOUR<\/li>\n\n\n\n<li>Cine Teatro Universit\u00e1rio Ouro Verde<\/li>\n\n\n\n<li>Divis\u00e3o de Artes C\u00eanicas (DAC)<\/li>\n\n\n\n<li>Divis\u00e3o de Artes Pl\u00e1sticas (DAP)<\/li>\n\n\n\n<li>Divis\u00e3o de M\u00fasica<\/li>\n\n\n\n<li>Museu de Ci\u00eancia e Tecnologia<\/li>\n\n\n\n<li>Museu Hist\u00f3rico de Londrina Padre Carlos Weiss<\/li>\n\n\n\n<li>Orquestra Sinf\u00f4nica da UEL<\/li>\n\n\n\n<li>R\u00e1dio UEL<\/li>\n\n\n\n<li>TV UEL<\/li>\n<\/ul>\n<\/li>\n\n\n\n<li>Restaurante Universit\u00e1rio<\/li>\n\n\n\n<li>Escrit\u00f3rio de Aplica\u00e7\u00e3o de Assuntos Jur\u00eddicos (EAAJ)<\/li>\n\n\n\n<li>Laborat\u00f3rio de L\u00ednguas<\/li>\n\n\n\n<li>Editora EDUEL<\/li>\n\n\n\n<li>Gr\u00e1fica<\/li>\n\n\n\n<li>Sistema de Arquivos da UEL (SAUEL)<\/li>\n\n\n\n<li>Ag\u00eancia de Inova\u00e7\u00e3o Tecnol\u00f3gica (AINTEC)<\/li>\n\n\n\n<li>Laborat\u00f3rio de Tecnologia Educacional (LABTED)<\/li>\n\n\n\n<li>Fazenda Escola<\/li>\n\n\n\n<li>Col\u00e9gio de Aplica\u00e7\u00e3o<\/li>\n<\/ul>\n","protected":false},"excerpt":{"rendered":"<p>&#8211; O Plano de Desenvolvimento Institucional da Universidade Estadual de Londrina com vig\u00eancia entre 2024 (inclusive) e 2028 (inclusive), em suas propostas, orienta\u00e7\u00f5es, diretrizes, metas e a\u00e7\u00f5es, abrange as unidades e subunidades correspondentes das inst\u00e2ncias destacadas em sequ\u00eancia.<\/p>\n","protected":false},"author":8,"featured_media":0,"parent":0,"menu_order":0,"comment_status":"closed","ping_status":"closed","template":"","meta":{"footnotes":""},"class_list":["post-44","page","type-page","status-publish","hentry"],"acf":[],"_links":{"self":[{"href":"https:\/\/sites.uel.br\/pdi\/wp-json\/wp\/v2\/pages\/44","targetHints":{"allow":["GET"]}}],"collection":[{"href":"https:\/\/sites.uel.br\/pdi\/wp-json\/wp\/v2\/pages"}],"about":[{"href":"https:\/\/sites.uel.br\/pdi\/wp-json\/wp\/v2\/types\/page"}],"author":[{"embeddable":true,"href":"https:\/\/sites.uel.br\/pdi\/wp-json\/wp\/v2\/users\/8"}],"replies":[{"embeddable":true,"href":"https:\/\/sites.uel.br\/pdi\/wp-json\/wp\/v2\/comments?post=44"}],"version-history":[{"count":3,"href":"https:\/\/sites.uel.br\/pdi\/wp-json\/wp\/v2\/pages\/44\/revisions"}],"predecessor-version":[{"id":4181,"href":"https:\/\/sites.uel.br\/pdi\/wp-json\/wp\/v2\/pages\/44\/revisions\/4181"}],"wp:attachment":[{"href":"https:\/\/sites.uel.br\/pdi\/wp-json\/wp\/v2\/media?parent=44"}],"curies":[{"name":"wp","href":"https:\/\/api.w.org\/{rel}","templated":true}]}}