{"id":4349,"date":"2024-06-28T16:40:26","date_gmt":"2024-06-28T19:40:26","guid":{"rendered":"https:\/\/sites.uel.br\/pdi\/?page_id=4349"},"modified":"2024-09-27T13:01:55","modified_gmt":"2024-09-27T16:01:55","slug":"apresentacao-do-plano-de-desenvolvimento-institucional-pdi-da-uel-universidade-estadual-de-londrina","status":"publish","type":"page","link":"https:\/\/sites.uel.br\/pdi\/apresentacao-do-plano-de-desenvolvimento-institucional-pdi-da-uel-universidade-estadual-de-londrina\/","title":{"rendered":"Apresenta\u00e7\u00e3o do Plano de Desenvolvimento Institucional (PDI) da UEL &#8211; Universidade Estadual de Londrina."},"content":{"rendered":"\n<p><br><br>Seja bem-vindo ao portal do Plano de Desenvolvimento Institucional (PDI) da Universidade Estadual de Londrina (UEL). Este documento, cuidadosamente elaborado e continuamente atualizado, representa a vis\u00e3o, miss\u00e3o e valores que orientam nossas a\u00e7\u00f5es e estrat\u00e9gias para os pr\u00f3ximos anos.<br><\/p>\n\n\n\n<blockquote class=\"wp-block-quote has-text-align-right is-layout-flow wp-block-quote-is-layout-flow\"><\/blockquote>\n\n\n\n<p><br>O PDI da UEL \u00e9 um instrumento estrat\u00e9gico que define as diretrizes e objetivos a serem alcan\u00e7ados, garantindo a qualidade e relev\u00e2ncia de nossas atividades acad\u00eamicas, cient\u00edficas e administrativas. Ele demonstra o compromisso da UEL com a forma\u00e7\u00e3o de cidad\u00e3os cr\u00edticos e competentes, capazes de contribuir significativamente para o desenvolvimento da sociedade.<br><\/p>\n\n\n\n<h1 class=\"wp-block-heading\"><br><em>Destaques do PDI<\/em><br><\/h1>\n\n\n\n<p><br><strong>Miss\u00e3o e Vis\u00e3o Institucional<\/strong> : A miss\u00e3o da UEL \u00e9 &#8220;promover a educa\u00e7\u00e3o superior de qualidade, a produ\u00e7\u00e3o de conhecimento e a extens\u00e3o universit\u00e1ria, contribuindo para o desenvolvimento sustent\u00e1vel e a inclus\u00e3o social&#8221;. Nossa vis\u00e3o \u00e9 &#8220;ser reconhecida nacional e internacionalmente pela excel\u00eancia acad\u00eamica e impacto pelo positivo na sociedade&#8221;.<br><br><\/p>\n\n\n\n<blockquote class=\"wp-block-quote has-text-align-right is-layout-flow wp-block-quote-is-layout-flow\">\n<h4 class=\"wp-block-heading\">                                                   <br>                                              &#8220;<em><strong>\u00c9 atrav\u00e9s da educa\u00e7\u00e3o que transformamos vidas e constru\u00edmos uma sociedade mais justa<\/strong><\/em>.&#8221; \u2013 Prof. Dr. S\u00e9rgio Carvalho<\/h4>\n<\/blockquote>\n\n\n\n<p><br><br>O trabalho deste PDI \u00e9 fruto de um processo participativo, que contorna a colabora\u00e7\u00e3o de docentes, t\u00e9cnicos-administrativos, estudantes e representantes da sociedade civil. Esse trabalho coletivo reflete a diversidade e o comprometimento da nossa comunidade com os valores da universidade p\u00fablica.<\/p>\n\n\n\n<p>Convidamos voc\u00ea a explorar os detalhes do PDI e a participar gratuitamente da constru\u00e7\u00e3o do futuro da Universidade Estadual de Londrina. Juntos, vamos continuar a transformar desafios em oportunidades, consolidando a UEL como um centro de excel\u00eancia e inova\u00e7\u00e3o.<\/p>\n\n\n\n<p>Acesse o documento completo e conhe\u00e7a as estrat\u00e9gias que guiar\u00e3o nossas a\u00e7\u00f5es nos pr\u00f3ximos anos. Seja parte desta jornada de desenvolvimento e crescimento!<br><br><\/p>\n\n\n\n<p class=\"has-text-align-right\"><strong><em>&#8220;Juntos, construindo um futuro de excel\u00eancia e inova\u00e7\u00e3o para a UEL.&#8221;<\/em><\/strong><\/p>\n","protected":false},"excerpt":{"rendered":"<p>Seja bem-vindo ao portal do Plano de Desenvolvimento Institucional (PDI) da Universidade Estadual de Londrina (UEL). Este documento, cuidadosamente elaborado e continuamente atualizado, representa a vis\u00e3o, miss\u00e3o e valores que orientam nossas a\u00e7\u00f5es e estrat\u00e9gias para os pr\u00f3ximos anos. O PDI da UEL \u00e9 um instrumento estrat\u00e9gico que define as diretrizes e objetivos a serem [&hellip;]<\/p>\n","protected":false},"author":18,"featured_media":0,"parent":0,"menu_order":0,"comment_status":"closed","ping_status":"closed","template":"","meta":{"footnotes":""},"class_list":["post-4349","page","type-page","status-publish","hentry"],"acf":[],"_links":{"self":[{"href":"https:\/\/sites.uel.br\/pdi\/wp-json\/wp\/v2\/pages\/4349","targetHints":{"allow":["GET"]}}],"collection":[{"href":"https:\/\/sites.uel.br\/pdi\/wp-json\/wp\/v2\/pages"}],"about":[{"href":"https:\/\/sites.uel.br\/pdi\/wp-json\/wp\/v2\/types\/page"}],"author":[{"embeddable":true,"href":"https:\/\/sites.uel.br\/pdi\/wp-json\/wp\/v2\/users\/18"}],"replies":[{"embeddable":true,"href":"https:\/\/sites.uel.br\/pdi\/wp-json\/wp\/v2\/comments?post=4349"}],"version-history":[{"count":10,"href":"https:\/\/sites.uel.br\/pdi\/wp-json\/wp\/v2\/pages\/4349\/revisions"}],"predecessor-version":[{"id":4534,"href":"https:\/\/sites.uel.br\/pdi\/wp-json\/wp\/v2\/pages\/4349\/revisions\/4534"}],"wp:attachment":[{"href":"https:\/\/sites.uel.br\/pdi\/wp-json\/wp\/v2\/media?parent=4349"}],"curies":[{"name":"wp","href":"https:\/\/api.w.org\/{rel}","templated":true}]}}