{"id":4122,"date":"2023-07-25T16:13:40","date_gmt":"2023-07-25T19:13:40","guid":{"rendered":"https:\/\/sites.uel.br\/pdi\/?page_id=4122"},"modified":"2024-07-02T11:59:16","modified_gmt":"2024-07-02T14:59:16","slug":"pdi-uel-2016-2021-prorrogado-ate-set-2022","status":"publish","type":"page","link":"https:\/\/sites.uel.br\/pdi\/pdi-uel-2016-2021-prorrogado-ate-set-2022\/","title":{"rendered":"Resolu\u00e7\u00f5es (2021 &#8211; 2024)"},"content":{"rendered":"\n<div style=\"height:30px\" aria-hidden=\"true\" class=\"wp-block-spacer\"><\/div>\n\n\n\n<ul class=\"wp-block-list\">\n<li><a href=\"https:\/\/sites.uel.br\/pdi\/wp-content\/uploads\/2024\/05\/Resolucao-C.U.-No-094-2023-Prorrogacao-do-PDI-ate-06-2024-4.pdf\">Resolu\u00e7\u00e3o C.U. N\u00ba 094-2023 <\/a><\/li>\n<\/ul>\n\n\n\n<ul class=\"wp-block-list\">\n<li><a href=\"https:\/\/sites.uel.br\/pdi\/wp-content\/uploads\/2023\/07\/Processo_19.431.401-9_1.pdf\" target=\"_blank\" rel=\"noreferrer noopener\">OF.PROPLAN N\u00ba 017\/2021 &#8211; ENCAMINHA PARA APRECIA\u00c7\u00c3O A AVALIA\u00c7\u00c3O FINAL DO PLANO DE DESENVOLVIMENTO INSTITUCIONAL (PDI) DE 2016 A 2021.<\/a>  <strong>(prorrogado at\u00e9 09\/2022)<\/strong><\/li>\n\n\n\n<li><a href=\"https:\/\/sites.uel.br\/pdi\/wp-content\/uploads\/2023\/10\/11257.2021.14.pdf\" target=\"_blank\" rel=\"noreferrer noopener\">OF.PROPLAN N\u00ba 024\/2021 &#8211; SOLICITA APROVA\u00c7\u00c3O DA PRORROGA\u00c7\u00c3O DA VIG\u00caNCIA DO PLANO DE DESENVOLVIMENTO INSTITUCIONAL &#8211; PDI 2016\/2021<\/a><\/li>\n\n\n\n<li><a href=\"https:\/\/sites.uel.br\/pdi\/wp-content\/uploads\/2023\/10\/2022_38-2.pdf\" target=\"_blank\" rel=\"noreferrer noopener\">ATO EXECUTIVO N\u00ba 38\/2022<\/a> (Prorroga o Plano de Desenvolvimento Institucional &#8211; PDI pelo prazo de 12 meses.<\/li>\n<\/ul>\n","protected":false},"excerpt":{"rendered":"","protected":false},"author":8,"featured_media":0,"parent":0,"menu_order":11,"comment_status":"closed","ping_status":"closed","template":"","meta":{"footnotes":""},"class_list":["post-4122","page","type-page","status-publish","hentry"],"acf":[],"_links":{"self":[{"href":"https:\/\/sites.uel.br\/pdi\/wp-json\/wp\/v2\/pages\/4122","targetHints":{"allow":["GET"]}}],"collection":[{"href":"https:\/\/sites.uel.br\/pdi\/wp-json\/wp\/v2\/pages"}],"about":[{"href":"https:\/\/sites.uel.br\/pdi\/wp-json\/wp\/v2\/types\/page"}],"author":[{"embeddable":true,"href":"https:\/\/sites.uel.br\/pdi\/wp-json\/wp\/v2\/users\/8"}],"replies":[{"embeddable":true,"href":"https:\/\/sites.uel.br\/pdi\/wp-json\/wp\/v2\/comments?post=4122"}],"version-history":[{"count":24,"href":"https:\/\/sites.uel.br\/pdi\/wp-json\/wp\/v2\/pages\/4122\/revisions"}],"predecessor-version":[{"id":4409,"href":"https:\/\/sites.uel.br\/pdi\/wp-json\/wp\/v2\/pages\/4122\/revisions\/4409"}],"wp:attachment":[{"href":"https:\/\/sites.uel.br\/pdi\/wp-json\/wp\/v2\/media?parent=4122"}],"curies":[{"name":"wp","href":"https:\/\/api.w.org\/{rel}","templated":true}]}}