{"id":4075,"date":"2023-01-09T16:35:23","date_gmt":"2023-01-09T19:35:23","guid":{"rendered":"https:\/\/sites.uel.br\/pdi\/?page_id=4075"},"modified":"2023-01-09T16:35:23","modified_gmt":"2023-01-09T19:35:23","slug":"capitulo-i-composicao","status":"publish","type":"page","link":"https:\/\/sites.uel.br\/pdi\/capitulo-i-composicao\/","title":{"rendered":"Cap\u00edtulo&nbsp;I&nbsp;\u2013 Composi\u00e7\u00e3o"},"content":{"rendered":"\n<p class=\"has-white-color has-text-color\">.<\/p>\n\n\n\n<p>A CPA-UEL \u00e9 composta por treze membros e seus respectivos suplentes, representados pelos segmentos da Comunidade Universit\u00e1ria e da sociedade civil organizada, conforme segue: Nove representantes do corpo docente, sendo um representante de cada Centro de Estudos; Dois representantes do corpo t\u00e9cnico-administrativo; Um representante do corpo discente; e, Um representante da sociedade civil organizada.<\/p>\n\n\n\n<p>Os representantes do corpo docente ser\u00e3o indicados pelos Conselhos de Centros de Estudos, na propor\u00e7\u00e3o de um representante por Centro de Estudos, preferencialmente dentre os docentes que fazem parte do banco de avaliadores institucionais e de cursos cadastrados junto ao INEP\/MEC e ou \u00f3rg\u00e3o equivalente do sistema estadual.<\/p>\n\n\n\n<p>Os docentes a que se refere o par\u00e1grafo anterior dever\u00e3o ainda ser efetivos e ter, no m\u00ednimo, tr\u00eas anos de v\u00ednculo funcional na UEL.<\/p>\n\n\n\n<p>Os representantes do corpo t\u00e9cnico-administrativo ser\u00e3o escolhidos por seus pares, dentro de um colegiado eleitoral especialmente formado para esse fim.<\/p>\n\n\n\n<p>O colegiado eleitoral a que se referem o par\u00e1grafo anterior ser\u00e1 formado por um membro indicado por cada Conselho dos Centros de Estudos; um membro indicado por cada \u00d3rg\u00e3o Suplementar; um membro indicado por cada \u00d3rg\u00e3o de Apoio e um membro de cada \u00d3rg\u00e3o Executivo da Reitoria, atendendo os seguintes crit\u00e9rios: ter forma\u00e7\u00e3o em n\u00edvel superior, preferencialmente nas \u00e1reas de educa\u00e7\u00e3o, de avalia\u00e7\u00e3o ou de gest\u00e3o administrativa; e, pertencer ao quadro efetivo de servidores e, ter, no m\u00ednimo, tr\u00eas anos de v\u00ednculo funcional na UEL.<\/p>\n\n\n\n<p>A escolha dos membros titulares de que trata o par\u00e1grafo anterior ser\u00e1 convocada pela Reitoria.<\/p>\n\n\n\n<p>O representante do corpo discente ser\u00e1 indicado por seus pares, por meio do Diret\u00f3rio Central dos Estudantes.<\/p>\n\n\n\n<p>O representante da sociedade civil organizada dever\u00e1 ter representa\u00e7\u00e3o significativa junto \u00e0 sociedade local e regional e ser\u00e1 indicado, preferencialmente, pelo Conselho Municipal de Ci\u00eancia e Tecnologia.<\/p>\n\n\n\n<p>O mandato dos membros da CPA-UEL, exceto para representante do corpo discente, ser\u00e1 de tr\u00eas anos, sendo permitida uma \u00fanica recondu\u00e7\u00e3o consecutiva e garantida a perman\u00eancia de, no m\u00e1ximo, 50% de seus membros.<\/p>\n\n\n\n<p>O mandato do representante do corpo discente ser\u00e1 de um ano, sendo permitida uma \u00fanica recondu\u00e7\u00e3o consecutiva.Faltando noventa dias para vencer o mandato dos membros da CPA-UEL, o seu presidente, ap\u00f3s ouvir os integrantes da Comiss\u00e3o e referendado pela respectiva unidade de origem, enviar\u00e1 \u00e0 Reitoria a rela\u00e7\u00e3o dos representantes que permanecer\u00e3o na Comiss\u00e3o, para convoca\u00e7\u00e3o de nova elei\u00e7\u00e3o. Na hip\u00f3tese de haver mais de 50% de membros interessados em permanecer na Comiss\u00e3o, ter\u00e3o prefer\u00eancia os mais ass\u00edduos nas reuni\u00f5es da CPA-UEL e, em seguida, os mais antigos no\u00a0quadro funcional da UEL, considerando o atual contrato.<\/p>\n\n\n\n<p>A carga hor\u00e1ria para o exerc\u00edcio de membro da CPA-UEL, dentro do quadro docente e t\u00e9cnico-administrativo, ser\u00e1 de quatro horas semanais, exceto para a presid\u00eancia, cuja carga hor\u00e1ria semanal est\u00e1 contemplada neste Regulamento.<\/p>\n","protected":false},"excerpt":{"rendered":"<p>. A CPA-UEL \u00e9 composta por treze membros e seus respectivos suplentes, representados pelos segmentos da Comunidade Universit\u00e1ria e da sociedade civil organizada, conforme segue: Nove representantes do corpo docente, sendo um representante de cada Centro de Estudos; Dois representantes do corpo t\u00e9cnico-administrativo; Um representante do corpo discente; e, Um representante da sociedade civil organizada. [&hellip;]<\/p>\n","protected":false},"author":8,"featured_media":0,"parent":0,"menu_order":0,"comment_status":"closed","ping_status":"closed","template":"","meta":{"footnotes":""},"class_list":["post-4075","page","type-page","status-publish","hentry"],"acf":[],"_links":{"self":[{"href":"https:\/\/sites.uel.br\/pdi\/wp-json\/wp\/v2\/pages\/4075","targetHints":{"allow":["GET"]}}],"collection":[{"href":"https:\/\/sites.uel.br\/pdi\/wp-json\/wp\/v2\/pages"}],"about":[{"href":"https:\/\/sites.uel.br\/pdi\/wp-json\/wp\/v2\/types\/page"}],"author":[{"embeddable":true,"href":"https:\/\/sites.uel.br\/pdi\/wp-json\/wp\/v2\/users\/8"}],"replies":[{"embeddable":true,"href":"https:\/\/sites.uel.br\/pdi\/wp-json\/wp\/v2\/comments?post=4075"}],"version-history":[{"count":1,"href":"https:\/\/sites.uel.br\/pdi\/wp-json\/wp\/v2\/pages\/4075\/revisions"}],"predecessor-version":[{"id":4077,"href":"https:\/\/sites.uel.br\/pdi\/wp-json\/wp\/v2\/pages\/4075\/revisions\/4077"}],"wp:attachment":[{"href":"https:\/\/sites.uel.br\/pdi\/wp-json\/wp\/v2\/media?parent=4075"}],"curies":[{"name":"wp","href":"https:\/\/api.w.org\/{rel}","templated":true}]}}