{"id":4070,"date":"2023-01-09T16:32:29","date_gmt":"2023-01-09T19:32:29","guid":{"rendered":"https:\/\/sites.uel.br\/pdi\/?page_id=4070"},"modified":"2023-01-09T16:32:29","modified_gmt":"2023-01-09T19:32:29","slug":"capitulo-iii-execucao-do-processo-de-avaliacao-interna","status":"publish","type":"page","link":"https:\/\/sites.uel.br\/pdi\/capitulo-iii-execucao-do-processo-de-avaliacao-interna\/","title":{"rendered":"Cap\u00edtulo III \u2013 Execu\u00e7\u00e3o do Processo de Avalia\u00e7\u00e3o Interna"},"content":{"rendered":"\n<p class=\"has-white-color has-text-color\">.<\/p>\n\n\n\n<p>Ser\u00e3o asseguradas \u00e0 CPA-UEL as condi\u00e7\u00f5es materiais de infraestrutura f\u00edsica, de recursos humanos e financeiros, necess\u00e1rios para a consecu\u00e7\u00e3o eficiente e eficaz de suas atividades.<\/p>\n\n\n\n<p>A CPA-UEL deve ter pleno acesso aos dados institucionais e poder\u00e1 requerer informa\u00e7\u00f5es sistematizadas das unidades da institui\u00e7\u00e3o, quando necess\u00e1rio.<\/p>\n\n\n\n<p>As informa\u00e7\u00f5es solicitadas devem ser fornecidas, impreterivelmente, dentro do prazo estabelecido pela CPA-UEL.<\/p>\n\n\n\n<p>A CPA-UEL poder\u00e1 propor a constitui\u00e7\u00e3o de grupos de trabalho e de comiss\u00f5es setoriais de avalia\u00e7\u00e3o para o pleno desenvolvimento de suas atividades, quando julgar necess\u00e1rio.<\/p>\n\n\n\n<p>O processo de avalia\u00e7\u00e3o interna, desde a fase de elabora\u00e7\u00e3o conceitual do Sistema e do Programa de Autoavalia\u00e7\u00e3o Institucional, at\u00e9 a base de elabora\u00e7\u00e3o dos relat\u00f3rios, deve ser participativo, com ampla divulga\u00e7\u00e3o dos resultados.<\/p>\n\n\n\n<p>A CPA-UEL ser\u00e1 apoiada pelas unidades da Universidade, cada qual na sua respectiva \u00e1rea de atua\u00e7\u00e3o, para execu\u00e7\u00e3o das atividades atribu\u00edda \u00e0 sua compet\u00eancia, visando ao cumprimento eficaz e eficiente das atividades.<\/p>\n\n\n\n<p>\u00a7As atividades t\u00e9cnico-administrativas e a gest\u00e3o das informa\u00e7\u00f5es ser\u00e3o executadas pela CPA-UEL, com o necess\u00e1rio apoio institucional.<\/p>\n","protected":false},"excerpt":{"rendered":"<p>. Ser\u00e3o asseguradas \u00e0 CPA-UEL as condi\u00e7\u00f5es materiais de infraestrutura f\u00edsica, de recursos humanos e financeiros, necess\u00e1rios para a consecu\u00e7\u00e3o eficiente e eficaz de suas atividades. A CPA-UEL deve ter pleno acesso aos dados institucionais e poder\u00e1 requerer informa\u00e7\u00f5es sistematizadas das unidades da institui\u00e7\u00e3o, quando necess\u00e1rio. As informa\u00e7\u00f5es solicitadas devem ser fornecidas, impreterivelmente, dentro do [&hellip;]<\/p>\n","protected":false},"author":8,"featured_media":0,"parent":0,"menu_order":0,"comment_status":"closed","ping_status":"closed","template":"","meta":{"footnotes":""},"class_list":["post-4070","page","type-page","status-publish","hentry"],"acf":[],"_links":{"self":[{"href":"https:\/\/sites.uel.br\/pdi\/wp-json\/wp\/v2\/pages\/4070","targetHints":{"allow":["GET"]}}],"collection":[{"href":"https:\/\/sites.uel.br\/pdi\/wp-json\/wp\/v2\/pages"}],"about":[{"href":"https:\/\/sites.uel.br\/pdi\/wp-json\/wp\/v2\/types\/page"}],"author":[{"embeddable":true,"href":"https:\/\/sites.uel.br\/pdi\/wp-json\/wp\/v2\/users\/8"}],"replies":[{"embeddable":true,"href":"https:\/\/sites.uel.br\/pdi\/wp-json\/wp\/v2\/comments?post=4070"}],"version-history":[{"count":1,"href":"https:\/\/sites.uel.br\/pdi\/wp-json\/wp\/v2\/pages\/4070\/revisions"}],"predecessor-version":[{"id":4071,"href":"https:\/\/sites.uel.br\/pdi\/wp-json\/wp\/v2\/pages\/4070\/revisions\/4071"}],"wp:attachment":[{"href":"https:\/\/sites.uel.br\/pdi\/wp-json\/wp\/v2\/media?parent=4070"}],"curies":[{"name":"wp","href":"https:\/\/api.w.org\/{rel}","templated":true}]}}