{"id":4036,"date":"2023-01-09T16:12:32","date_gmt":"2023-01-09T19:12:32","guid":{"rendered":"https:\/\/sites.uel.br\/pdi\/?page_id=4036"},"modified":"2023-01-09T16:12:32","modified_gmt":"2023-01-09T19:12:32","slug":"avaliacao-da-politica-de-atendimento-aos-estudantes","status":"publish","type":"page","link":"https:\/\/sites.uel.br\/pdi\/avaliacao-da-politica-de-atendimento-aos-estudantes\/","title":{"rendered":"Avalia\u00e7\u00e3o da Pol\u00edtica de Atendimento aos Estudantes"},"content":{"rendered":"\n<p class=\"has-white-color has-text-color\">.<\/p>\n\n\n\n<p>Estamos considerando que a pol\u00edtica de atendimento aos estudantes contempla desde as formas de seu acesso \u00e0 universidade, sua perman\u00eancia e o acompanhamento do\u00a0egresso.\u00a0O enfoque do projeto \u00e9 dirigido, portanto, para tr\u00eas momentos distintos: a considera\u00e7\u00e3o em rela\u00e7\u00e3o aos alunos que est\u00e3o ingressando, seu perfil e suas expectativas; a considera\u00e7\u00e3o em rela\u00e7\u00e3o \u00e0 viv\u00eancia acad\u00eamica dos alunos, as condi\u00e7\u00f5es sob as quais os alunos desenvolvem os seus cursos; e, a considera\u00e7\u00e3o com o formado, especialmente nos seus primeiros anos ap\u00f3s a formatura.<\/p>\n","protected":false},"excerpt":{"rendered":"<p>. Estamos considerando que a pol\u00edtica de atendimento aos estudantes contempla desde as formas de seu acesso \u00e0 universidade, sua perman\u00eancia e o acompanhamento do\u00a0egresso.\u00a0O enfoque do projeto \u00e9 dirigido, portanto, para tr\u00eas momentos distintos: a considera\u00e7\u00e3o em rela\u00e7\u00e3o aos alunos que est\u00e3o ingressando, seu perfil e suas expectativas; a considera\u00e7\u00e3o em rela\u00e7\u00e3o \u00e0 viv\u00eancia [&hellip;]<\/p>\n","protected":false},"author":8,"featured_media":0,"parent":0,"menu_order":0,"comment_status":"closed","ping_status":"closed","template":"","meta":{"footnotes":""},"class_list":["post-4036","page","type-page","status-publish","hentry"],"acf":[],"_links":{"self":[{"href":"https:\/\/sites.uel.br\/pdi\/wp-json\/wp\/v2\/pages\/4036","targetHints":{"allow":["GET"]}}],"collection":[{"href":"https:\/\/sites.uel.br\/pdi\/wp-json\/wp\/v2\/pages"}],"about":[{"href":"https:\/\/sites.uel.br\/pdi\/wp-json\/wp\/v2\/types\/page"}],"author":[{"embeddable":true,"href":"https:\/\/sites.uel.br\/pdi\/wp-json\/wp\/v2\/users\/8"}],"replies":[{"embeddable":true,"href":"https:\/\/sites.uel.br\/pdi\/wp-json\/wp\/v2\/comments?post=4036"}],"version-history":[{"count":1,"href":"https:\/\/sites.uel.br\/pdi\/wp-json\/wp\/v2\/pages\/4036\/revisions"}],"predecessor-version":[{"id":4037,"href":"https:\/\/sites.uel.br\/pdi\/wp-json\/wp\/v2\/pages\/4036\/revisions\/4037"}],"wp:attachment":[{"href":"https:\/\/sites.uel.br\/pdi\/wp-json\/wp\/v2\/media?parent=4036"}],"curies":[{"name":"wp","href":"https:\/\/api.w.org\/{rel}","templated":true}]}}