{"id":4017,"date":"2023-01-09T15:53:53","date_gmt":"2023-01-09T18:53:53","guid":{"rendered":"https:\/\/sites.uel.br\/pdi\/?page_id=4017"},"modified":"2023-01-09T15:53:53","modified_gmt":"2023-01-09T18:53:53","slug":"eixo-tematico-ix-desenvolvimento-institucional-autoavaliacao","status":"publish","type":"page","link":"https:\/\/sites.uel.br\/pdi\/eixo-tematico-ix-desenvolvimento-institucional-autoavaliacao\/","title":{"rendered":"Eixo Tem\u00e1tico IX &#8211; DESENVOLVIMENTO INSTITUCIONAL (AUTOAVALIA\u00c7\u00c3O)"},"content":{"rendered":"\n<p class=\"has-text-color\" style=\"color:#fefefe\">.<\/p>\n\n\n\n<div class=\"wp-block-columns is-not-stacked-on-mobile is-layout-flex wp-container-core-columns-is-layout-9d6595d7 wp-block-columns-is-layout-flex\">\n<div class=\"wp-block-column is-layout-flow wp-block-column-is-layout-flow\">\n<figure class=\"wp-block-gallery has-nested-images columns-default is-cropped wp-block-gallery-1 is-layout-flex wp-block-gallery-is-layout-flex\">\n<figure class=\"wp-block-image size-large\"><a href=\"https:\/\/sites.uel.br\/pdi\/comissao-propria-de-avaliacao\/\"><img loading=\"lazy\" decoding=\"async\" width=\"1024\" height=\"572\" data-id=\"3983\" src=\"https:\/\/sites.uel.br\/pdi\/wp-content\/uploads\/2023\/01\/ETIXB-1024x572.png\" alt=\"\" class=\"wp-image-3983\" srcset=\"https:\/\/sites.uel.br\/pdi\/wp-content\/uploads\/2023\/01\/ETIXB-1024x572.png 1024w, https:\/\/sites.uel.br\/pdi\/wp-content\/uploads\/2023\/01\/ETIXB-300x168.png 300w, https:\/\/sites.uel.br\/pdi\/wp-content\/uploads\/2023\/01\/ETIXB-768x429.png 768w, https:\/\/sites.uel.br\/pdi\/wp-content\/uploads\/2023\/01\/ETIXB-1536x858.png 1536w, https:\/\/sites.uel.br\/pdi\/wp-content\/uploads\/2023\/01\/ETIXB.png 1987w\" sizes=\"auto, (max-width: 1024px) 100vw, 1024px\" \/><\/a><\/figure>\n<\/figure>\n<\/div>\n\n\n\n<div class=\"wp-block-column is-layout-flow wp-block-column-is-layout-flow\">\n<figure class=\"wp-block-gallery has-nested-images columns-default is-cropped wp-block-gallery-2 is-layout-flex wp-block-gallery-is-layout-flex\">\n<figure class=\"wp-block-image size-large\"><a href=\"https:\/\/sites.uel.br\/pdi\/programa-de-autoavaliacao-institucional\/\"><img loading=\"lazy\" decoding=\"async\" width=\"1024\" height=\"572\" data-id=\"3995\" src=\"https:\/\/sites.uel.br\/pdi\/wp-content\/uploads\/2023\/01\/ETIXN-1024x572.png\" alt=\"\" class=\"wp-image-3995\" srcset=\"https:\/\/sites.uel.br\/pdi\/wp-content\/uploads\/2023\/01\/ETIXN-1024x572.png 1024w, https:\/\/sites.uel.br\/pdi\/wp-content\/uploads\/2023\/01\/ETIXN-300x168.png 300w, https:\/\/sites.uel.br\/pdi\/wp-content\/uploads\/2023\/01\/ETIXN-768x429.png 768w, https:\/\/sites.uel.br\/pdi\/wp-content\/uploads\/2023\/01\/ETIXN-1536x858.png 1536w, https:\/\/sites.uel.br\/pdi\/wp-content\/uploads\/2023\/01\/ETIXN.png 1987w\" sizes=\"auto, (max-width: 1024px) 100vw, 1024px\" \/><\/a><\/figure>\n<\/figure>\n<\/div>\n\n\n\n<div class=\"wp-block-column is-layout-flow wp-block-column-is-layout-flow\"><\/div>\n<\/div>\n","protected":false},"excerpt":{"rendered":"<p>.<\/p>\n","protected":false},"author":8,"featured_media":0,"parent":0,"menu_order":0,"comment_status":"closed","ping_status":"closed","template":"","meta":{"footnotes":""},"class_list":["post-4017","page","type-page","status-publish","hentry"],"acf":[],"_links":{"self":[{"href":"https:\/\/sites.uel.br\/pdi\/wp-json\/wp\/v2\/pages\/4017","targetHints":{"allow":["GET"]}}],"collection":[{"href":"https:\/\/sites.uel.br\/pdi\/wp-json\/wp\/v2\/pages"}],"about":[{"href":"https:\/\/sites.uel.br\/pdi\/wp-json\/wp\/v2\/types\/page"}],"author":[{"embeddable":true,"href":"https:\/\/sites.uel.br\/pdi\/wp-json\/wp\/v2\/users\/8"}],"replies":[{"embeddable":true,"href":"https:\/\/sites.uel.br\/pdi\/wp-json\/wp\/v2\/comments?post=4017"}],"version-history":[{"count":1,"href":"https:\/\/sites.uel.br\/pdi\/wp-json\/wp\/v2\/pages\/4017\/revisions"}],"predecessor-version":[{"id":4018,"href":"https:\/\/sites.uel.br\/pdi\/wp-json\/wp\/v2\/pages\/4017\/revisions\/4018"}],"wp:attachment":[{"href":"https:\/\/sites.uel.br\/pdi\/wp-json\/wp\/v2\/media?parent=4017"}],"curies":[{"name":"wp","href":"https:\/\/api.w.org\/{rel}","templated":true}]}}