{"id":4015,"date":"2023-01-09T15:51:09","date_gmt":"2023-01-09T18:51:09","guid":{"rendered":"https:\/\/sites.uel.br\/pdi\/?page_id=4015"},"modified":"2023-01-09T16:42:21","modified_gmt":"2023-01-09T19:42:21","slug":"comissao-propria-de-avaliacao","status":"publish","type":"page","link":"https:\/\/sites.uel.br\/pdi\/comissao-propria-de-avaliacao\/","title":{"rendered":"Comiss\u00e3o Pr\u00f3pria de Avalia\u00e7\u00e3o"},"content":{"rendered":"\n<p class=\"has-white-color has-text-color\">.<\/p>\n\n\n\n<div class=\"wp-block-columns is-not-stacked-on-mobile is-layout-flex wp-container-core-columns-is-layout-9d6595d7 wp-block-columns-is-layout-flex\">\n<div class=\"wp-block-column is-layout-flow wp-block-column-is-layout-flow\">\n<figure class=\"wp-block-gallery has-nested-images columns-default is-cropped wp-block-gallery-1 is-layout-flex wp-block-gallery-is-layout-flex\">\n<figure class=\"wp-block-image size-large\"><a href=\"https:\/\/sites.uel.br\/pdi\/contextualizacao-comissao-propria-de-avaliacao\/\"><img loading=\"lazy\" decoding=\"async\" width=\"1024\" height=\"572\" data-id=\"3984\" src=\"https:\/\/sites.uel.br\/pdi\/wp-content\/uploads\/2023\/01\/ETIXC-1024x572.png\" alt=\"\" class=\"wp-image-3984\" srcset=\"https:\/\/sites.uel.br\/pdi\/wp-content\/uploads\/2023\/01\/ETIXC-1024x572.png 1024w, https:\/\/sites.uel.br\/pdi\/wp-content\/uploads\/2023\/01\/ETIXC-300x168.png 300w, https:\/\/sites.uel.br\/pdi\/wp-content\/uploads\/2023\/01\/ETIXC-768x429.png 768w, https:\/\/sites.uel.br\/pdi\/wp-content\/uploads\/2023\/01\/ETIXC-1536x858.png 1536w, https:\/\/sites.uel.br\/pdi\/wp-content\/uploads\/2023\/01\/ETIXC.png 1987w\" sizes=\"auto, (max-width: 1024px) 100vw, 1024px\" \/><\/a><\/figure>\n<\/figure>\n<\/div>\n\n\n\n<div class=\"wp-block-column is-layout-flow wp-block-column-is-layout-flow\">\n<figure class=\"wp-block-gallery has-nested-images columns-default is-cropped wp-block-gallery-2 is-layout-flex wp-block-gallery-is-layout-flex\">\n<figure class=\"wp-block-image size-large\"><a href=\"https:\/\/sites.uel.br\/pdi\/regulamento-da-comissao-propria-de-avaliacao\/\"><img loading=\"lazy\" decoding=\"async\" width=\"1024\" height=\"572\" data-id=\"3985\" src=\"https:\/\/sites.uel.br\/pdi\/wp-content\/uploads\/2023\/01\/ETIXD-1024x572.png\" alt=\"\" class=\"wp-image-3985\" srcset=\"https:\/\/sites.uel.br\/pdi\/wp-content\/uploads\/2023\/01\/ETIXD-1024x572.png 1024w, https:\/\/sites.uel.br\/pdi\/wp-content\/uploads\/2023\/01\/ETIXD-300x168.png 300w, https:\/\/sites.uel.br\/pdi\/wp-content\/uploads\/2023\/01\/ETIXD-768x429.png 768w, https:\/\/sites.uel.br\/pdi\/wp-content\/uploads\/2023\/01\/ETIXD-1536x858.png 1536w, https:\/\/sites.uel.br\/pdi\/wp-content\/uploads\/2023\/01\/ETIXD.png 1987w\" sizes=\"auto, (max-width: 1024px) 100vw, 1024px\" \/><\/a><\/figure>\n<\/figure>\n<\/div>\n\n\n\n<div class=\"wp-block-column is-layout-flow wp-block-column-is-layout-flow\"><\/div>\n<\/div>\n","protected":false},"excerpt":{"rendered":"<p>.<\/p>\n","protected":false},"author":8,"featured_media":0,"parent":0,"menu_order":0,"comment_status":"closed","ping_status":"closed","template":"","meta":{"footnotes":""},"class_list":["post-4015","page","type-page","status-publish","hentry"],"acf":[],"_links":{"self":[{"href":"https:\/\/sites.uel.br\/pdi\/wp-json\/wp\/v2\/pages\/4015","targetHints":{"allow":["GET"]}}],"collection":[{"href":"https:\/\/sites.uel.br\/pdi\/wp-json\/wp\/v2\/pages"}],"about":[{"href":"https:\/\/sites.uel.br\/pdi\/wp-json\/wp\/v2\/types\/page"}],"author":[{"embeddable":true,"href":"https:\/\/sites.uel.br\/pdi\/wp-json\/wp\/v2\/users\/8"}],"replies":[{"embeddable":true,"href":"https:\/\/sites.uel.br\/pdi\/wp-json\/wp\/v2\/comments?post=4015"}],"version-history":[{"count":2,"href":"https:\/\/sites.uel.br\/pdi\/wp-json\/wp\/v2\/pages\/4015\/revisions"}],"predecessor-version":[{"id":4087,"href":"https:\/\/sites.uel.br\/pdi\/wp-json\/wp\/v2\/pages\/4015\/revisions\/4087"}],"wp:attachment":[{"href":"https:\/\/sites.uel.br\/pdi\/wp-json\/wp\/v2\/media?parent=4015"}],"curies":[{"name":"wp","href":"https:\/\/api.w.org\/{rel}","templated":true}]}}