{"id":4011,"date":"2023-01-09T15:47:20","date_gmt":"2023-01-09T18:47:20","guid":{"rendered":"https:\/\/sites.uel.br\/pdi\/?page_id=4011"},"modified":"2023-01-09T16:39:08","modified_gmt":"2023-01-09T19:39:08","slug":"titulo-i-disposicoes-gerais","status":"publish","type":"page","link":"https:\/\/sites.uel.br\/pdi\/titulo-i-disposicoes-gerais\/","title":{"rendered":"T\u00edtulo I &#8211; Disposi\u00e7\u00f5es Gerais"},"content":{"rendered":"\n<p class=\"has-white-color has-text-color\">.<\/p>\n\n\n\n<div class=\"wp-block-columns is-not-stacked-on-mobile is-layout-flex wp-container-core-columns-is-layout-9d6595d7 wp-block-columns-is-layout-flex\">\n<div class=\"wp-block-column is-layout-flow wp-block-column-is-layout-flow\">\n<figure class=\"wp-block-gallery has-nested-images columns-default is-cropped wp-block-gallery-1 is-layout-flex wp-block-gallery-is-layout-flex\">\n<figure class=\"wp-block-image size-large\"><a href=\"https:\/\/sites.uel.br\/pdi\/capitulo-i-natureza-finalidades-e-principios\/\"><img loading=\"lazy\" decoding=\"async\" width=\"1024\" height=\"572\" data-id=\"3987\" src=\"https:\/\/sites.uel.br\/pdi\/wp-content\/uploads\/2023\/01\/ETIXF-1024x572.png\" alt=\"\" class=\"wp-image-3987\" srcset=\"https:\/\/sites.uel.br\/pdi\/wp-content\/uploads\/2023\/01\/ETIXF-1024x572.png 1024w, https:\/\/sites.uel.br\/pdi\/wp-content\/uploads\/2023\/01\/ETIXF-300x168.png 300w, https:\/\/sites.uel.br\/pdi\/wp-content\/uploads\/2023\/01\/ETIXF-768x429.png 768w, https:\/\/sites.uel.br\/pdi\/wp-content\/uploads\/2023\/01\/ETIXF-1536x858.png 1536w, https:\/\/sites.uel.br\/pdi\/wp-content\/uploads\/2023\/01\/ETIXF.png 1987w\" sizes=\"auto, (max-width: 1024px) 100vw, 1024px\" \/><\/a><\/figure>\n<\/figure>\n<\/div>\n\n\n\n<div class=\"wp-block-column is-layout-flow wp-block-column-is-layout-flow\">\n<figure class=\"wp-block-gallery has-nested-images columns-default is-cropped wp-block-gallery-2 is-layout-flex wp-block-gallery-is-layout-flex\">\n<figure class=\"wp-block-image size-large\"><a href=\"https:\/\/sites.uel.br\/pdi\/capitulo-ii-avaliacao-interna-ou-autoavaliacao\/\"><img loading=\"lazy\" decoding=\"async\" width=\"1024\" height=\"572\" data-id=\"3988\" src=\"https:\/\/sites.uel.br\/pdi\/wp-content\/uploads\/2023\/01\/ETIXG-1024x572.png\" alt=\"\" class=\"wp-image-3988\" srcset=\"https:\/\/sites.uel.br\/pdi\/wp-content\/uploads\/2023\/01\/ETIXG-1024x572.png 1024w, https:\/\/sites.uel.br\/pdi\/wp-content\/uploads\/2023\/01\/ETIXG-300x168.png 300w, https:\/\/sites.uel.br\/pdi\/wp-content\/uploads\/2023\/01\/ETIXG-768x429.png 768w, https:\/\/sites.uel.br\/pdi\/wp-content\/uploads\/2023\/01\/ETIXG-1536x858.png 1536w, https:\/\/sites.uel.br\/pdi\/wp-content\/uploads\/2023\/01\/ETIXG.png 1987w\" sizes=\"auto, (max-width: 1024px) 100vw, 1024px\" \/><\/a><\/figure>\n<\/figure>\n<\/div>\n\n\n\n<div class=\"wp-block-column is-layout-flow wp-block-column-is-layout-flow\"><\/div>\n<\/div>\n","protected":false},"excerpt":{"rendered":"<p>.<\/p>\n","protected":false},"author":8,"featured_media":0,"parent":0,"menu_order":0,"comment_status":"closed","ping_status":"closed","template":"","meta":{"footnotes":""},"class_list":["post-4011","page","type-page","status-publish","hentry"],"acf":[],"_links":{"self":[{"href":"https:\/\/sites.uel.br\/pdi\/wp-json\/wp\/v2\/pages\/4011","targetHints":{"allow":["GET"]}}],"collection":[{"href":"https:\/\/sites.uel.br\/pdi\/wp-json\/wp\/v2\/pages"}],"about":[{"href":"https:\/\/sites.uel.br\/pdi\/wp-json\/wp\/v2\/types\/page"}],"author":[{"embeddable":true,"href":"https:\/\/sites.uel.br\/pdi\/wp-json\/wp\/v2\/users\/8"}],"replies":[{"embeddable":true,"href":"https:\/\/sites.uel.br\/pdi\/wp-json\/wp\/v2\/comments?post=4011"}],"version-history":[{"count":3,"href":"https:\/\/sites.uel.br\/pdi\/wp-json\/wp\/v2\/pages\/4011\/revisions"}],"predecessor-version":[{"id":4084,"href":"https:\/\/sites.uel.br\/pdi\/wp-json\/wp\/v2\/pages\/4011\/revisions\/4084"}],"wp:attachment":[{"href":"https:\/\/sites.uel.br\/pdi\/wp-json\/wp\/v2\/media?parent=4011"}],"curies":[{"name":"wp","href":"https:\/\/api.w.org\/{rel}","templated":true}]}}