{"id":3944,"date":"2022-12-19T18:46:09","date_gmt":"2022-12-19T21:46:09","guid":{"rendered":"https:\/\/sites.uel.br\/pdi\/?page_id=3944"},"modified":"2022-12-19T18:46:09","modified_gmt":"2022-12-19T21:46:09","slug":"sistema-de-bibliotecas-introducao","status":"publish","type":"page","link":"https:\/\/sites.uel.br\/pdi\/sistema-de-bibliotecas-introducao\/","title":{"rendered":"Sistema de Bibliotecas &#8211; Introdu\u00e7\u00e3o"},"content":{"rendered":"\n<p class=\"has-text-color\" style=\"color:#fefefe\">.<\/p>\n\n\n\n<p>O Sistema de Bibliotecas da Universidade Estadual de Londrina tem por miss\u00e3o promover o acesso, a recupera\u00e7\u00e3o e a transfer\u00eancia de informa\u00e7\u00e3o para toda a comunidade universit\u00e1ria, de forma atualizada, \u00e1gil e qualificada, visando contribuir para a forma\u00e7\u00e3o profissional do cidad\u00e3o, colaborando, dessa forma, no desenvolvimento cient\u00edfico, tecnol\u00f3gico e cultural da sociedade como um todo. Possui em seu acervo obras de todas as \u00e1reas do conhecimento, com a finalidade de dar suporte ao Ensino, Pesquisa e Extens\u00e3o, atendendo todos os cursos de gradua\u00e7\u00e3o e de p\u00f3s-gradua\u00e7\u00e3o oferecidos pela UEL.<\/p>\n","protected":false},"excerpt":{"rendered":"<p>. O Sistema de Bibliotecas da Universidade Estadual de Londrina tem por miss\u00e3o promover o acesso, a recupera\u00e7\u00e3o e a transfer\u00eancia de informa\u00e7\u00e3o para toda a comunidade universit\u00e1ria, de forma atualizada, \u00e1gil e qualificada, visando contribuir para a forma\u00e7\u00e3o profissional do cidad\u00e3o, colaborando, dessa forma, no desenvolvimento cient\u00edfico, tecnol\u00f3gico e cultural da sociedade como um [&hellip;]<\/p>\n","protected":false},"author":8,"featured_media":0,"parent":0,"menu_order":0,"comment_status":"closed","ping_status":"closed","template":"","meta":{"footnotes":""},"class_list":["post-3944","page","type-page","status-publish","hentry"],"acf":[],"_links":{"self":[{"href":"https:\/\/sites.uel.br\/pdi\/wp-json\/wp\/v2\/pages\/3944","targetHints":{"allow":["GET"]}}],"collection":[{"href":"https:\/\/sites.uel.br\/pdi\/wp-json\/wp\/v2\/pages"}],"about":[{"href":"https:\/\/sites.uel.br\/pdi\/wp-json\/wp\/v2\/types\/page"}],"author":[{"embeddable":true,"href":"https:\/\/sites.uel.br\/pdi\/wp-json\/wp\/v2\/users\/8"}],"replies":[{"embeddable":true,"href":"https:\/\/sites.uel.br\/pdi\/wp-json\/wp\/v2\/comments?post=3944"}],"version-history":[{"count":1,"href":"https:\/\/sites.uel.br\/pdi\/wp-json\/wp\/v2\/pages\/3944\/revisions"}],"predecessor-version":[{"id":3945,"href":"https:\/\/sites.uel.br\/pdi\/wp-json\/wp\/v2\/pages\/3944\/revisions\/3945"}],"wp:attachment":[{"href":"https:\/\/sites.uel.br\/pdi\/wp-json\/wp\/v2\/media?parent=3944"}],"curies":[{"name":"wp","href":"https:\/\/api.w.org\/{rel}","templated":true}]}}