{"id":3933,"date":"2022-12-19T18:37:51","date_gmt":"2022-12-19T21:37:51","guid":{"rendered":"https:\/\/sites.uel.br\/pdi\/?page_id=3933"},"modified":"2022-12-19T18:37:51","modified_gmt":"2022-12-19T21:37:51","slug":"cmlp-labesc","status":"publish","type":"page","link":"https:\/\/sites.uel.br\/pdi\/cmlp-labesc\/","title":{"rendered":"CMLP &#8211; LABESC"},"content":{"rendered":"\n<p class=\"has-white-color has-text-color\">.<\/p>\n\n\n\n<p>O LABESC, constru\u00eddo com recursos da FINEP, visa oferecer um ambiente adequado para as atividades acad\u00eamicas dos Programas de&nbsp;P\u00f3s-Gradu\u00e7\u00e3o&nbsp;Stricto sensu dos diversos Centros de Estudos da UEL, bem como dos Grupos de Pesquisa, al\u00e9m de atividades de apoio \u00e0 Pesquisa e \u00e0 P\u00f3s-Gradua\u00e7\u00e3o, como as atividades do Comit\u00ea de \u00c9tica em Pesquisa envolvendo Seres Humanos (CEP-UEL); Comiss\u00e3o de \u00c9tica no Uso de Animais (CEUA-UEL); Comiss\u00e3o Organizadora do EAIC\/UEL (Encontro Anual de Inicia\u00e7\u00e3o Cient\u00edfica) e Revistas&nbsp;Semina&nbsp;(Ci\u00eancias Agr\u00e1rias, Ci\u00eancias Biol\u00f3gicas\/Sa\u00fade, Ci\u00eancias Exatas\/Tecnol\u00f3gicas e Ci\u00eancias Sociais\/Humanas).<\/p>\n\n\n\n<p>As salas do LABESC foram concebidas para oferecer um ambiente adequado para a realiza\u00e7\u00e3o de reuni\u00f5es de pesquisa, semin\u00e1rios, workshops e simp\u00f3sios realizados pelos pesquisadores, estudantes e programas de P\u00f3s-Gradua\u00e7\u00e3o. Os espa\u00e7os n\u00e3o ser\u00e3o utilizados como salas de aula preceptiva com foco\u00a0irradicador\u00a0concentrado no docente, mas que haja o compartilhamento da informa\u00e7\u00e3o, discuss\u00e3o de leituras e troca de conhecimento.<\/p>\n\n\n\n<p class=\"has-white-color has-text-color\">.<\/p>\n\n\n\n<p>Descri\u00e7\u00e3o da estrutura do LABESC:<\/p>\n\n\n\n<p>3 salas com 2 lugares para bancas examinadoras e 20 lugares para ouvintes.<\/p>\n\n\n\n<p>3 salas com sistema de videoconfer\u00eancia AVER.<\/p>\n\n\n\n<p>3 salas com link de internet dedicado.<\/p>\n\n\n\n<p>2 salas com 5 lugares para bancas examinadoras e 30 lugares para ouvintes.<\/p>\n\n\n\n<p>2 salas de videoconfer\u00eancia FULL HD 1080p com c\u00e2mara PTZ de 10X zoom (Marca LIFESIZE Modelo ICON 600).<\/p>\n\n\n\n<p>5 salas com estrutura dispon\u00edvel para realizar e receber chamadas com institui\u00e7\u00f5es que possuam instala\u00e7\u00f5es de videoconfer\u00eancia.<\/p>\n","protected":false},"excerpt":{"rendered":"<p>. O LABESC, constru\u00eddo com recursos da FINEP, visa oferecer um ambiente adequado para as atividades acad\u00eamicas dos Programas de&nbsp;P\u00f3s-Gradu\u00e7\u00e3o&nbsp;Stricto sensu dos diversos Centros de Estudos da UEL, bem como dos Grupos de Pesquisa, al\u00e9m de atividades de apoio \u00e0 Pesquisa e \u00e0 P\u00f3s-Gradua\u00e7\u00e3o, como as atividades do Comit\u00ea de \u00c9tica em Pesquisa envolvendo Seres [&hellip;]<\/p>\n","protected":false},"author":8,"featured_media":0,"parent":0,"menu_order":0,"comment_status":"closed","ping_status":"closed","template":"","meta":{"footnotes":""},"class_list":["post-3933","page","type-page","status-publish","hentry"],"acf":[],"_links":{"self":[{"href":"https:\/\/sites.uel.br\/pdi\/wp-json\/wp\/v2\/pages\/3933","targetHints":{"allow":["GET"]}}],"collection":[{"href":"https:\/\/sites.uel.br\/pdi\/wp-json\/wp\/v2\/pages"}],"about":[{"href":"https:\/\/sites.uel.br\/pdi\/wp-json\/wp\/v2\/types\/page"}],"author":[{"embeddable":true,"href":"https:\/\/sites.uel.br\/pdi\/wp-json\/wp\/v2\/users\/8"}],"replies":[{"embeddable":true,"href":"https:\/\/sites.uel.br\/pdi\/wp-json\/wp\/v2\/comments?post=3933"}],"version-history":[{"count":1,"href":"https:\/\/sites.uel.br\/pdi\/wp-json\/wp\/v2\/pages\/3933\/revisions"}],"predecessor-version":[{"id":3934,"href":"https:\/\/sites.uel.br\/pdi\/wp-json\/wp\/v2\/pages\/3933\/revisions\/3934"}],"wp:attachment":[{"href":"https:\/\/sites.uel.br\/pdi\/wp-json\/wp\/v2\/media?parent=3933"}],"curies":[{"name":"wp","href":"https:\/\/api.w.org\/{rel}","templated":true}]}}