{"id":3930,"date":"2022-12-19T18:36:51","date_gmt":"2022-12-19T21:36:51","guid":{"rendered":"https:\/\/sites.uel.br\/pdi\/?page_id=3930"},"modified":"2022-12-19T18:36:51","modified_gmt":"2022-12-19T21:36:51","slug":"cmlp-lmem","status":"publish","type":"page","link":"https:\/\/sites.uel.br\/pdi\/cmlp-lmem\/","title":{"rendered":"CMLP &#8211; LMEM"},"content":{"rendered":"\n<p class=\"has-white-color has-text-color\">.<\/p>\n\n\n\n<p>O LMEM foi implantado em 2005, com recursos da UGF\/SETI e vinculado administrativamente \u00e0&nbsp;Pr\u00f3-Reitoria&nbsp;de Pesquisa e P\u00f3s-Gradua\u00e7\u00e3o. \u00c9 um laborat\u00f3rio multiusu\u00e1rio, o que garante que seus equipamentos sejam utilizados pelos diversos grupos de pesquisa da institui\u00e7\u00e3o, e favorece a racionaliza\u00e7\u00e3o do espa\u00e7o f\u00edsico e a aloca\u00e7\u00e3o de recursos humanos. Torna competitivas as pesquisas da institui\u00e7\u00e3o, bem como proporciona novas abordagens em linhas de pesquisa diversas, propiciando a utiliza\u00e7\u00e3o dessa metodologia por todas as \u00e1reas que dela necessitem. Fornece suporte aos programas de p\u00f3s-gradua\u00e7\u00e3o institucionais, em trabalhos de tese e disserta\u00e7\u00e3o e na oferta de disciplinas.<\/p>\n\n\n\n<p>A microscopia eletr\u00f4nica de varredura tem aplica\u00e7\u00f5es em engenharia e ci\u00eancias de materiais, engenharia de alimentos, geoci\u00eancias, f\u00edsica, qu\u00edmica, qu\u00edmica farmac\u00eautica e ci\u00eancias biol\u00f3gicas. O microsc\u00f3pio eletr\u00f4nico de transmiss\u00e3o \u00e9 indispens\u00e1vel \u00e0 pesquisa em \u00e1reas diversas, tais como f\u00edsica at\u00f4mica, biologia, geologia, ligas met\u00e1licas, materiais&nbsp;semi-condutores, cer\u00e2micos, polim\u00e9ricos, forenses, biomateriais, etc.<\/p>\n\n\n\n<p class=\"has-white-color has-text-color\">.<\/p>\n\n\n\n<p>Equipamentos do LMEM:<\/p>\n\n\n\n<p>Microsc\u00f3pio eletr\u00f4nico de transmiss\u00e3o FEI\u00a0Tecnai\u00a012;<\/p>\n\n\n\n<p>Microsc\u00f3pio eletr\u00f4nico de varredura FEI Quanta 200;<\/p>\n\n\n\n<p>Microsc\u00f3pio fot\u00f4nico\u00a0\u00a0Axio\u00a0Zeiss;<\/p>\n\n\n\n<p>Ultramicr\u00f3tomo\u00a0Leica\u00a0Ultracut\u00a0UCT;<\/p>\n\n\n\n<p>Evaporador de Carbono ou ouro (Sputter\u00a0Coater) BAL-TEC SCD 050;<\/p>\n\n\n\n<p>Aparelho de secagem ao Ponto Cr\u00edtico BAL-TEC CPD\u00a0\u00a0030;<\/p>\n\n\n\n<p>Knifemaker\u00a0Leica\u00a0EMKMR2;<\/p>\n\n\n\n<p>Desbastador de blocos\u00a0Leica\u00a0EMTRIM.<\/p>\n","protected":false},"excerpt":{"rendered":"<p>. O LMEM foi implantado em 2005, com recursos da UGF\/SETI e vinculado administrativamente \u00e0&nbsp;Pr\u00f3-Reitoria&nbsp;de Pesquisa e P\u00f3s-Gradua\u00e7\u00e3o. \u00c9 um laborat\u00f3rio multiusu\u00e1rio, o que garante que seus equipamentos sejam utilizados pelos diversos grupos de pesquisa da institui\u00e7\u00e3o, e favorece a racionaliza\u00e7\u00e3o do espa\u00e7o f\u00edsico e a aloca\u00e7\u00e3o de recursos humanos. Torna competitivas as pesquisas da [&hellip;]<\/p>\n","protected":false},"author":8,"featured_media":0,"parent":0,"menu_order":0,"comment_status":"closed","ping_status":"closed","template":"","meta":{"footnotes":""},"class_list":["post-3930","page","type-page","status-publish","hentry"],"acf":[],"_links":{"self":[{"href":"https:\/\/sites.uel.br\/pdi\/wp-json\/wp\/v2\/pages\/3930","targetHints":{"allow":["GET"]}}],"collection":[{"href":"https:\/\/sites.uel.br\/pdi\/wp-json\/wp\/v2\/pages"}],"about":[{"href":"https:\/\/sites.uel.br\/pdi\/wp-json\/wp\/v2\/types\/page"}],"author":[{"embeddable":true,"href":"https:\/\/sites.uel.br\/pdi\/wp-json\/wp\/v2\/users\/8"}],"replies":[{"embeddable":true,"href":"https:\/\/sites.uel.br\/pdi\/wp-json\/wp\/v2\/comments?post=3930"}],"version-history":[{"count":1,"href":"https:\/\/sites.uel.br\/pdi\/wp-json\/wp\/v2\/pages\/3930\/revisions"}],"predecessor-version":[{"id":3931,"href":"https:\/\/sites.uel.br\/pdi\/wp-json\/wp\/v2\/pages\/3930\/revisions\/3931"}],"wp:attachment":[{"href":"https:\/\/sites.uel.br\/pdi\/wp-json\/wp\/v2\/media?parent=3930"}],"curies":[{"name":"wp","href":"https:\/\/api.w.org\/{rel}","templated":true}]}}