{"id":3927,"date":"2022-12-19T18:35:34","date_gmt":"2022-12-19T21:35:34","guid":{"rendered":"https:\/\/sites.uel.br\/pdi\/?page_id=3927"},"modified":"2022-12-19T18:35:34","modified_gmt":"2022-12-19T21:35:34","slug":"cmlp-espec","status":"publish","type":"page","link":"https:\/\/sites.uel.br\/pdi\/cmlp-espec\/","title":{"rendered":"CMLP &#8211; ESPEC"},"content":{"rendered":"\n<p class=\"has-white-color has-text-color\">.<\/p>\n\n\n\n<p>O Laborat\u00f3rio de Espectroscopia da Central Multiusu\u00e1ria de Laborat\u00f3rios de Pesquisa (CMLP) da PROPPG\/UEL foi inaugurado em outubro de 2012, sendo que j\u00e1 contava com o equipamento de Resson\u00e2ncia Magn\u00e9tica Nuclear (RMN) instalado, adquirido pelo conv\u00eanio com a FINEP. O laborat\u00f3rio conta com 217,17 m2, composto por seis salas de equipamentos (18,73; 23,69; 13,97; 33,31; 5,62 e 13,87 m2), um laborat\u00f3rio de manipula\u00e7\u00e3o de amostras (45 m2) e demais \u00e1reas de conviv\u00eancia. Em fevereiro de 2013 foram instalados os seguintes equipamentos, adquiridos na chamada p\u00fablica MCT\/FINEP\/CT-INFRA &#8211; infraestrutura de pesquisa em\u00a0Universidades P\u00fablicas Estaduais e Municipais &#8211; 03\/2009: Espectrofot\u00f4metros FT-IR e UV-Vis, An\u00e1lise T\u00e9rmica (Termogravimetria(TG) e Calor\u00edmetro Diferencial de Varredura (DSC)) e\u00a0Potenciostato.<\/p>\n\n\n\n<p>Os equipamentos de Fotoluminesc\u00eancia com resolu\u00e7\u00e3o temporal e Sistema para Tamanho de Part\u00edcula e Potencial\u00a0Zeta, do mesmo edital, foi empenhado no segundo semestre de 2013 e instalado no primeiro semestre de 2014. O Microsc\u00f3pio de For\u00e7a At\u00f4mica (AFM) foi instalado no final do m\u00eas de agosto de 2014.<\/p>\n\n\n\n<p class=\"has-white-color has-text-color\">.<\/p>\n\n\n\n<p>Equipamentos do ESPEC:<\/p>\n\n\n\n<p>Resson\u00e2ncia\u00a0Magn\u00e9tica\u00a0Nuclear (Bruker\u00a0\/\u00a0Ascend\u00a0\u2013 400)<\/p>\n\n\n\n<p>Fotoluminesc\u00eancia\u00a0de\u00a0Resolu\u00e7\u00e3o\u00a0Temporal (Pico Quant \/ Fluo Time 200)<\/p>\n\n\n\n<p>Microscopia de\u00a0For\u00e7a\u00a0At\u00f4mica\u00a0(Nanosurf)<\/p>\n\n\n\n<p>Potenciostato\u00a0\u2013\u00a0Galvanostato\u00a0(Autolab\u00a0\/ PGSTAT 302N \/\u00a0Metrohm)<\/p>\n\n\n\n<p>Espectrometro\u00a0Raman Confocal (Witec)<\/p>\n\n\n\n<p>Espectr\u00f4metro\u00a0UV-Vis (Shimadzu\u00a0\/ UV-Vis 2600)<\/p>\n\n\n\n<p>Espectr\u00f4metro\u00a0Infravermelho (FTIR\u00a0Shimadzu\u00a0\/ IRPrestige-21)<\/p>\n\n\n\n<p>Potencial\u00a0Zeta\u00a0(Matec\u00a0\/\u00a0Zeta\u00a0APS)<\/p>\n\n\n\n<p>Analisador\u00a0Termogravim\u00e9trico\u00a0(Shimadzu\u00a0\/ TGA-50)<\/p>\n\n\n\n<p>Calor\u00edmetro\u00a0de Varredura Diferencial (Shimadzu\u00a0\/ DSC-60)<\/p>\n\n\n\n<p>Condicionador de Ar 9000 BTU \u0301s<\/p>\n\n\n\n<p>No break de 1,5 KVA<\/p>\n\n\n\n<p>Desumidificador de Ar<\/p>\n","protected":false},"excerpt":{"rendered":"<p>. O Laborat\u00f3rio de Espectroscopia da Central Multiusu\u00e1ria de Laborat\u00f3rios de Pesquisa (CMLP) da PROPPG\/UEL foi inaugurado em outubro de 2012, sendo que j\u00e1 contava com o equipamento de Resson\u00e2ncia Magn\u00e9tica Nuclear (RMN) instalado, adquirido pelo conv\u00eanio com a FINEP. O laborat\u00f3rio conta com 217,17 m2, composto por seis salas de equipamentos (18,73; 23,69; 13,97; [&hellip;]<\/p>\n","protected":false},"author":8,"featured_media":0,"parent":0,"menu_order":0,"comment_status":"closed","ping_status":"closed","template":"","meta":{"footnotes":""},"class_list":["post-3927","page","type-page","status-publish","hentry"],"acf":[],"_links":{"self":[{"href":"https:\/\/sites.uel.br\/pdi\/wp-json\/wp\/v2\/pages\/3927","targetHints":{"allow":["GET"]}}],"collection":[{"href":"https:\/\/sites.uel.br\/pdi\/wp-json\/wp\/v2\/pages"}],"about":[{"href":"https:\/\/sites.uel.br\/pdi\/wp-json\/wp\/v2\/types\/page"}],"author":[{"embeddable":true,"href":"https:\/\/sites.uel.br\/pdi\/wp-json\/wp\/v2\/users\/8"}],"replies":[{"embeddable":true,"href":"https:\/\/sites.uel.br\/pdi\/wp-json\/wp\/v2\/comments?post=3927"}],"version-history":[{"count":1,"href":"https:\/\/sites.uel.br\/pdi\/wp-json\/wp\/v2\/pages\/3927\/revisions"}],"predecessor-version":[{"id":3928,"href":"https:\/\/sites.uel.br\/pdi\/wp-json\/wp\/v2\/pages\/3927\/revisions\/3928"}],"wp:attachment":[{"href":"https:\/\/sites.uel.br\/pdi\/wp-json\/wp\/v2\/media?parent=3927"}],"curies":[{"name":"wp","href":"https:\/\/api.w.org\/{rel}","templated":true}]}}