{"id":3924,"date":"2022-12-19T18:33:29","date_gmt":"2022-12-19T21:33:29","guid":{"rendered":"https:\/\/sites.uel.br\/pdi\/?page_id=3924"},"modified":"2022-12-19T18:33:29","modified_gmt":"2022-12-19T21:33:29","slug":"cmlp-lapa","status":"publish","type":"page","link":"https:\/\/sites.uel.br\/pdi\/cmlp-lapa\/","title":{"rendered":"CMLP &#8211; LAPA"},"content":{"rendered":"\n<p class=\"has-white-color has-text-color\">.<\/p>\n\n\n\n<p>O Laborat\u00f3rio de Apoio \u00e0 Pesquisa Agropecu\u00e1ria (LAPA) faz parte da Central Multiusu\u00e1ria de Laborat\u00f3rios de Pesquisa (CMLP) da Universidade Estadual de Londrina. Inaugurado em 23 de mar\u00e7o de 2006, o LAPA foi constru\u00eddo com recursos da FINEP e conta com 140 m\u00b2. Anualmente, recebe cerca de 700 usu\u00e1rios de diversos grupos e linhas de pesquisa.\u00a0<\/p>\n\n\n\n<p class=\"has-white-color has-text-color\">.<\/p>\n\n\n\n<p>Equipamentos do LAPA<\/p>\n\n\n\n<p class=\"has-white-color has-text-color\">.<\/p>\n\n\n\n<p>Evaporador centr\u00edfugo<\/p>\n\n\n\n<p>Marca\/modelo:\u00a0Thermo\u00a0&#8211; RC1022<\/p>\n\n\n\n<p>Descri\u00e7\u00e3o: \u00e9 uma forma eficaz e r\u00e1pida para concentrar amostra como por exemplo:\u00a0nucle\u00f3tidos, prote\u00ednas e outras amostras em que n\u00e3o se deseja a presen\u00e7a de certos solventes.\u00a0<\/p>\n\n\n\n<p class=\"has-white-color has-text-color\">.<\/p>\n\n\n\n<p>Ultracentr\u00edfuga preparativa<\/p>\n\n\n\n<p>Marca\/modelo: Hitachi &#8211; CP 70 MX<\/p>\n\n\n\n<p>Descri\u00e7\u00e3o: \u00e9 uma centr\u00edfuga constru\u00edda e otimizada para alcan\u00e7ar valores t\u00edpicos de acelera\u00e7\u00e3o da ordem de 105 vezes a acelera\u00e7\u00e3o da gravidade. Seu principal objetivo \u00e9 separar, purificar e preparar as macromol\u00e9culas e, em seguida, submet\u00ea-las a estudos posteriores. Este dispositivo \u00e9 de importante utiliza\u00e7\u00e3o em \u00e1reas como a biologia molecular, a bioqu\u00edmica, a qu\u00edmica, entre outras.<\/p>\n\n\n\n<p class=\"has-text-color\" style=\"color:#fefefe\">.<\/p>\n\n\n\n<p>Micr\u00f3tomo<\/p>\n\n\n\n<p>Marca\/modelo:\u00a0Leica\u00a0&#8211; RM2265<\/p>\n\n\n\n<p>Descri\u00e7\u00e3o: trata-se de um equipamento capaz de realizar cortes microsc\u00f3picos, variando geralmente de 1 \u00e0 10 um de espessura, em pequenas amostras de material biol\u00f3gico (geralmente tecidos) armazenado em blocos de resinas espec\u00edficas (parafina, dentre outras) para an\u00e1lise em microsc\u00f3pio \u00f3tico.<\/p>\n\n\n\n<p class=\"has-white-color has-text-color\">.<\/p>\n\n\n\n<p>NIR<\/p>\n\n\n\n<p>Marca\/modelo:\u00a0Foss\u00a0XDS<\/p>\n\n\n\n<p>Descri\u00e7\u00e3o: A espectrometria de infravermelho pr\u00f3ximo (NIR) \u00e9 a medi\u00e7\u00e3o de comprimento de onda e intensidade da absor\u00e7\u00e3o de luz infravermelha pr\u00f3xima realizada pela amostra. A luz infravermelha pr\u00f3ximo se estende em uma faixa de 800\u00a0nm\u00a0&#8211; 2,5 m (12500 &#8211; 4000 cm-1) e tem energia suficiente para excitar sobretons e combina\u00e7\u00f5es de vibra\u00e7\u00f5es moleculares a altos n\u00edveis de energia. A espectroscopia NIR \u00e9 tipicamente usada na medi\u00e7\u00e3o quantitativa de grupos funcionais org\u00e2nicos, especialmente O-H, N-H e C=O. Os limites de detec\u00e7\u00e3o s\u00e3o normalmente 0,1% e as aplica\u00e7\u00f5es mais comuns incluem an\u00e1lises farmac\u00eauticas, agr\u00edcolas, combust\u00edveis polim\u00e9ricos e cl\u00ednicos.<\/p>\n\n\n\n<p class=\"has-white-color has-text-color\">.<\/p>\n\n\n\n<p>HPLC-RID\/FLD\/PDA<\/p>\n\n\n\n<p>Marca\/modelo:\u00a0Shimadzu<\/p>\n\n\n\n<p>Descri\u00e7\u00e3o: a cromatografia l\u00edquida de alta efici\u00eancia (do ingl\u00eas High\u00a0Perfomance\u00a0Liquid\u00a0Chromatography) \u00e9 utilizada em an\u00e1lises de compostos n\u00e3o vol\u00e1teis ou inst\u00e1veis termicamente onde a cromatografia a g\u00e1s n\u00e3o pode ser utilizada. Como cerca de 80% dos compostos apresentam essas caracter\u00edsticas, o campo de aplica\u00e7\u00e3o de HPLC \u00e9 extremamente vasto. Aplica\u00e7\u00f5es em qu\u00edmica, alimentos, tintas, farmac\u00eautica, metab\u00f3litos, prote\u00ednas, etc.\u00a0<\/p>\n\n\n\n<p class=\"has-white-color has-text-color\">.<\/p>\n\n\n\n<p>ICP-MS\u00a0<\/p>\n\n\n\n<p>Marca\/modelo: Varian 820-MSDescri\u00e7\u00e3o: A espectrometria de massas com fonte de plasma indutivamente acoplado \u00e9 uma t\u00e9cnica de an\u00e1lise inorg\u00e2nica capaz de identificar e quantificar a maioria dos elementos da tabela peri\u00f3dica em uma faixa din\u00e2mica linear de oito ordens de magnitude (ng\/L &#8211; mg\/L). Sua principal caracter\u00edstica \u00e9 que ele tem limites de detec\u00e7\u00e3o para a maioria dos elementos de poucos\u00a0ppb\u00a0(ppt), ideal para a an\u00e1lise de elementos tra\u00e7o. Tem uma grande variedade de aplica\u00e7\u00f5es, principalmente nas \u00e1reas de biologia, f\u00edsica de materiais, meio ambiente,\u00a0qu\u00edmica, dentre outras.<\/p>\n\n\n\n<p class=\"has-white-color has-text-color\">.<\/p>\n\n\n\n<p>Analisador de Amino\u00e1cidos<\/p>\n\n\n\n<p>Marca\/modelo:\u00a0Sykam\u00a0&#8211; S7130<\/p>\n\n\n\n<p>Descri\u00e7\u00e3o: este analisador combina as vantagens da separa\u00e7\u00e3o por troca i\u00f4nica cl\u00e1ssica com a moderna t\u00e9cnica de HPLC, com detec\u00e7\u00e3o por fot\u00f4metro integrado duplo canal para detec\u00e7\u00e3o de amino\u00e1cidos em 440 e 570\u00a0nm. As principais aplica\u00e7\u00f5es s\u00e3o nas \u00e1reas de Biologia Molecular, Microbiologia, An\u00e1lises Cl\u00ednicas, Qu\u00edmica Ambiental, Anal\u00edtica, de Alimentos, Farmac\u00eauticas.<\/p>\n\n\n\n<p class=\"has-text-color\" style=\"color:#fefefe\">.<\/p>\n\n\n\n<p>Micro-ondas digestor<\/p>\n\n\n\n<p>Marca\/modelo: Anton\u00a0Paar\u00a0&#8211;\u00a0Multiwave\u00a03000<\/p>\n\n\n\n<p>Descri\u00e7\u00e3o: \u00e9 um equipamento capaz de digerir uma vasta gama de materiais s\u00f3lidos (planta, animal, pl\u00e1stico, solo, &#8230;) e l\u00edquidos org\u00e2nicos, etc., a fim de obter-se uma solu\u00e7\u00e3o aquosa. As amostras s\u00e3o tratadas com os reagentes adequados, dependendo de sua natureza f\u00edsica e qu\u00edmica. Os reagentes frequentemente utilizados s\u00e3o \u00e1cido n\u00edtrico, \u00e1cido clor\u00eddrico, \u00e1cido fluor\u00eddrico e per\u00f3xido de hidrog\u00eanio. As amostras s\u00e3o pesadas e colocadas no reator do micro-ondas, em que os reagentes s\u00e3o adicionados em propor\u00e7\u00f5es adequadas. Em seguida, s\u00e3o introduzidos no forno de micro-ondas e indica-se a temperatura m\u00e1xima (m\u00e1ximo 240\u00baC) e\/ou press\u00e3o (m\u00e1ximo 20 bar) por um determinado per\u00edodo de tempo.<\/p>\n\n\n\n<p class=\"has-white-color has-text-color\">.<\/p>\n\n\n\n<p>Espectr\u00f4metro de Absor\u00e7\u00e3o At\u00f4mica (AAS)<\/p>\n\n\n\n<p>Marca\/modelo: Varian AA-140<\/p>\n\n\n\n<p>Descri\u00e7\u00e3o: A espectroscopia de absor\u00e7\u00e3o at\u00f4mica, \u00e9 o m\u00e9todo de an\u00e1lise usado para determinar qualitativa e quantitativamente a presen\u00e7a de metais. O m\u00e9todo consiste em determinar a presen\u00e7a e quantidade de um determinado metal em uma solu\u00e7\u00e3o qualquer usando como princ\u00edpio a absor\u00e7\u00e3o de radia\u00e7\u00e3o ultravioleta por parte dos el\u00e9trons. Entre os elementos analisados principais encontram-se: Ca, Na,\u00a0K, Mn, Fe, Zn,\u00a0S,\u00a0Cd,\u00a0Pb\u00a0e Cu.<\/p>\n\n\n\n<p class=\"has-text-color\" style=\"color:#fefefe\">.<\/p>\n\n\n\n<p>EDX (ou EDS)<\/p>\n\n\n\n<p>Marca\/modelo:\u00a0Shimadzu\u00a0&#8211; EDX 720<\/p>\n\n\n\n<p>Descri\u00e7\u00e3o: A espectroscopia de\u00a0Raiox\u00a0X\u00a0por dispers\u00e3o de Energia (EDX ou EDS) \u00e9 uma t\u00e9cnica anal\u00edtica usada para a an\u00e1lise elementar ou caracteriza\u00e7\u00e3o qu\u00edmica de uma amostra. \u00c9 uma das variantes da espectroscopia por fluoresc\u00eancia de raios\u00a0X\u00a0que se baseia na investiga\u00e7\u00e3o de uma amostra atrav\u00e9s de intera\u00e7\u00f5es entre part\u00edcula e mat\u00e9ria, analisando os raios\u00a0X\u00a0emitidos pela mat\u00e9ria em resposta \u00e0 incid\u00eancia de part\u00edculas carregadas.<\/p>\n","protected":false},"excerpt":{"rendered":"<p>. O Laborat\u00f3rio de Apoio \u00e0 Pesquisa Agropecu\u00e1ria (LAPA) faz parte da Central Multiusu\u00e1ria de Laborat\u00f3rios de Pesquisa (CMLP) da Universidade Estadual de Londrina. Inaugurado em 23 de mar\u00e7o de 2006, o LAPA foi constru\u00eddo com recursos da FINEP e conta com 140 m\u00b2. Anualmente, recebe cerca de 700 usu\u00e1rios de diversos grupos e linhas [&hellip;]<\/p>\n","protected":false},"author":8,"featured_media":0,"parent":0,"menu_order":0,"comment_status":"closed","ping_status":"closed","template":"","meta":{"footnotes":""},"class_list":["post-3924","page","type-page","status-publish","hentry"],"acf":[],"_links":{"self":[{"href":"https:\/\/sites.uel.br\/pdi\/wp-json\/wp\/v2\/pages\/3924","targetHints":{"allow":["GET"]}}],"collection":[{"href":"https:\/\/sites.uel.br\/pdi\/wp-json\/wp\/v2\/pages"}],"about":[{"href":"https:\/\/sites.uel.br\/pdi\/wp-json\/wp\/v2\/types\/page"}],"author":[{"embeddable":true,"href":"https:\/\/sites.uel.br\/pdi\/wp-json\/wp\/v2\/users\/8"}],"replies":[{"embeddable":true,"href":"https:\/\/sites.uel.br\/pdi\/wp-json\/wp\/v2\/comments?post=3924"}],"version-history":[{"count":1,"href":"https:\/\/sites.uel.br\/pdi\/wp-json\/wp\/v2\/pages\/3924\/revisions"}],"predecessor-version":[{"id":3925,"href":"https:\/\/sites.uel.br\/pdi\/wp-json\/wp\/v2\/pages\/3924\/revisions\/3925"}],"wp:attachment":[{"href":"https:\/\/sites.uel.br\/pdi\/wp-json\/wp\/v2\/media?parent=3924"}],"curies":[{"name":"wp","href":"https:\/\/api.w.org\/{rel}","templated":true}]}}