{"id":3920,"date":"2022-12-19T18:28:57","date_gmt":"2022-12-19T21:28:57","guid":{"rendered":"https:\/\/sites.uel.br\/pdi\/?page_id=3920"},"modified":"2022-12-19T18:28:57","modified_gmt":"2022-12-19T21:28:57","slug":"cmlp-larx-lab-frx","status":"publish","type":"page","link":"https:\/\/sites.uel.br\/pdi\/cmlp-larx-lab-frx\/","title":{"rendered":"CMLP &#8211; LARX &#8211; Lab FRX"},"content":{"rendered":"\n<p class=\"has-white-color has-text-color\">.<\/p>\n\n\n\n<p>O Laborat\u00f3rio de Fluoresc\u00eancia de Raios&nbsp;X&nbsp;(Lab&nbsp;FRX) tem por objetivo oferecer \u00e0s comunidades universit\u00e1ria e externa uma t\u00e9cnica anal\u00edtica n\u00e3o destrutiva, de determina\u00e7\u00e3o qualitativa e quantitativa dos teores totais dos elementos qu\u00edmicos presentes em amostras s\u00f3lidas e l\u00edquidas, com n\u00fameros at\u00f4micos superior ao elemento s\u00f3dio (Na).<\/p>\n\n\n\n<p>A t\u00e9cnica baseia-se na indu\u00e7\u00e3o da emiss\u00e3o de raios&nbsp;X&nbsp;de energias caracter\u00edsticas dos elementos qu\u00edmicos presentes na amostra analisada, permitindo, dessa forma, a identifica\u00e7\u00e3o qualitativa destes elementos e a sua concentra\u00e7\u00e3o na amostra.<\/p>\n\n\n\n<p>O equipamento possui um avan\u00e7ado algoritmo, que permite a an\u00e1lise dos mais variados tipos de matrizes (biol\u00f3gicas, geol\u00f3gicas, ambientais, met\u00e1licas, sint\u00e9ticas, etc.). As an\u00e1lises s\u00e3o realizadas \u00e0 partir de alguns par\u00e2metros f\u00edsicos e qu\u00edmicos das amostras ou atrav\u00e9s de padr\u00f5es de calibra\u00e7\u00e3o.<\/p>\n\n\n\n<p>Na maioria das an\u00e1lises n\u00e3o s\u00e3o necess\u00e1rios tratamento pr\u00e9vios nas amostras, por\u00e9m em algumas delas&nbsp;&nbsp;procedimentos de dilui\u00e7\u00e3o ou concentra\u00e7\u00e3o podem ser requeridos.<\/p>\n\n\n\n<p>Os usu\u00e1rios da t\u00e9cnica podem ser da \u00e1rea acad\u00eamica p\u00fablica ou privada (F\u00edsica, Qu\u00edmica, Geoci\u00eancias, Biologia, Farm\u00e1cia, Bioqu\u00edmica, Engenharias, etc.) mas tamb\u00e9m do setor produtivo (empresas e ind\u00fastrias).<\/p>\n\n\n\n<p class=\"has-white-color has-text-color\">.<\/p>\n\n\n\n<p>Equipamento do\u00a0Lab\u00a0FRX: Espectr\u00f4metro de Fluoresc\u00eancia de Raios\u00a0X.<\/p>\n\n\n\n<p>Modelo: EDX-720<\/p>\n\n\n\n<p>Marca:\u00a0Shimadzu\u00a0Corporation<\/p>\n\n\n\n<p class=\"has-white-color has-text-color\">.<\/p>\n\n\n\n<p>Tipo de an\u00e1lise realizada no\u00a0Lab\u00a0FRX:<\/p>\n\n\n\n<p>Determina\u00e7\u00e3o qualitativa e quantitativa dos teores totais dos elementos qu\u00edmicos de n\u00famero at\u00f4mico maiores que o s\u00f3dio (Na), atrav\u00e9s da identifica\u00e7\u00e3o e medida dos raios\u00a0X\u00a0caracter\u00edsticos emitidos pela amostra. A t\u00e9cnica anal\u00edtica \u00e9 n\u00e3o destrutiva e determina\u00a0simult\u00e2neamente\u00a0todos os elementos presentes na amostra. A an\u00e1lise \u00e9 fornecida na forma de um espectro e\/ou dados tabelados.<\/p>\n\n\n\n<p class=\"has-white-color has-text-color\">.<\/p>\n\n\n\n<p>Tipos de amostras analisadas no\u00a0Lab\u00a0FRX:<\/p>\n\n\n\n<p>Amostras de matrizes biol\u00f3gicas, geol\u00f3gicas, ambientais,\u00a0aeros\u00f3is\u00a0(filme, filtros), ligas met\u00e1licas e \u00f3xidos, (pulverizadas ou na forma de pastilhas). Pode-se ainda serem realizadas an\u00e1lises em amostras l\u00edquidas.<\/p>\n","protected":false},"excerpt":{"rendered":"<p>. O Laborat\u00f3rio de Fluoresc\u00eancia de Raios&nbsp;X&nbsp;(Lab&nbsp;FRX) tem por objetivo oferecer \u00e0s comunidades universit\u00e1ria e externa uma t\u00e9cnica anal\u00edtica n\u00e3o destrutiva, de determina\u00e7\u00e3o qualitativa e quantitativa dos teores totais dos elementos qu\u00edmicos presentes em amostras s\u00f3lidas e l\u00edquidas, com n\u00fameros at\u00f4micos superior ao elemento s\u00f3dio (Na). A t\u00e9cnica baseia-se na indu\u00e7\u00e3o da emiss\u00e3o de raios&nbsp;X&nbsp;de [&hellip;]<\/p>\n","protected":false},"author":8,"featured_media":0,"parent":0,"menu_order":0,"comment_status":"closed","ping_status":"closed","template":"","meta":{"footnotes":""},"class_list":["post-3920","page","type-page","status-publish","hentry"],"acf":[],"_links":{"self":[{"href":"https:\/\/sites.uel.br\/pdi\/wp-json\/wp\/v2\/pages\/3920","targetHints":{"allow":["GET"]}}],"collection":[{"href":"https:\/\/sites.uel.br\/pdi\/wp-json\/wp\/v2\/pages"}],"about":[{"href":"https:\/\/sites.uel.br\/pdi\/wp-json\/wp\/v2\/types\/page"}],"author":[{"embeddable":true,"href":"https:\/\/sites.uel.br\/pdi\/wp-json\/wp\/v2\/users\/8"}],"replies":[{"embeddable":true,"href":"https:\/\/sites.uel.br\/pdi\/wp-json\/wp\/v2\/comments?post=3920"}],"version-history":[{"count":1,"href":"https:\/\/sites.uel.br\/pdi\/wp-json\/wp\/v2\/pages\/3920\/revisions"}],"predecessor-version":[{"id":3921,"href":"https:\/\/sites.uel.br\/pdi\/wp-json\/wp\/v2\/pages\/3920\/revisions\/3921"}],"wp:attachment":[{"href":"https:\/\/sites.uel.br\/pdi\/wp-json\/wp\/v2\/media?parent=3920"}],"curies":[{"name":"wp","href":"https:\/\/api.w.org\/{rel}","templated":true}]}}