{"id":3918,"date":"2022-12-19T18:27:20","date_gmt":"2022-12-19T21:27:20","guid":{"rendered":"https:\/\/sites.uel.br\/pdi\/?page_id=3918"},"modified":"2022-12-19T18:27:20","modified_gmt":"2022-12-19T21:27:20","slug":"cmlp-larx-lab-utm","status":"publish","type":"page","link":"https:\/\/sites.uel.br\/pdi\/cmlp-larx-lab-utm\/","title":{"rendered":"CMLP &#8211; LARX &#8211; Lab uTM"},"content":{"rendered":"\n<p class=\"has-white-color has-text-color\">.<\/p>\n\n\n\n<p>A\u00a0microtomografia\u00a0computadorizada de raios\u00a0X\u00a0\u00e9 baseada no mesmo princ\u00edpio da tomografia, ou seja, a produ\u00e7\u00e3o de imagens bidimensionais (2D) de se\u00e7\u00f5es internas de um material, formadas pelas diferentes quantidades de radia\u00e7\u00e3o absorvida pelas partes do material. Na\u00a0microtomografia\u00a0emprega-se um fino feixe de raios\u00a0X\u00a0(foco &lt;5\u00b5m) e um sistema de detec\u00e7\u00e3o e alta resolu\u00e7\u00e3o, que pode revelar detalhes morfol\u00f3gicos e estruturais internos do material, em escala\u00a0submicrom\u00e9trica. Imagens tridimensionais (3D) podem ser obtidas pelo processamento das imagens 2D (renderiza\u00e7\u00e3o). A t\u00e9cnica \u00e9 n\u00e3o destrutiva e pode ser aplicada na an\u00e1lise de materiais inorg\u00e2nicos e org\u00e2nicos.<\/p>\n\n\n\n<p class=\"has-white-color has-text-color\">.<\/p>\n\n\n\n<p>Equipamentos do\u00a0Lab\u00a0uTM:\u00a0<\/p>\n\n\n\n<p>Microtom\u00f3grafos\u00a0computadorizados de raios\u00a0X\u00a0de alta resolu\u00e7\u00e3o<\/p>\n\n\n\n<p>Marca:\u00a0Bruker<\/p>\n\n\n\n<p>Modelos: SKYSCAN 1172 e SKYSCAN 1173<\/p>\n\n\n\n<p class=\"has-white-color has-text-color\">.<\/p>\n\n\n\n<p>Tipos de an\u00e1lise desenvolvidas no\u00a0Lab\u00a0uTM:<\/p>\n\n\n\n<p>Geologia: medidas de porosidade, percola\u00e7\u00e3o, imagens de\u00a0incrustra\u00e7\u00f5es, f\u00f3sseis, estrutura e porosidade de solos, perfil de tamanho de poros de rochas.<\/p>\n\n\n\n<p>Odontologia: pr\u00f3teses, implantes, estruturas \u00f3sseas.<\/p>\n\n\n\n<p>Agronomia:\u00a0\u00a0estruturas de solos, madeiras, sementes.<\/p>\n\n\n\n<p>Ci\u00eancia dos Materiais: cer\u00e2micas, espumas, comp\u00f3sitos, metais, fibras polim\u00e9ricas.<\/p>\n\n\n\n<p>Engenharia: cavidades, trincas, desgastes.<\/p>\n\n\n\n<p>Arqueologia: an\u00e1lise da estrutura interna de objetos arqueol\u00f3gicos.<\/p>\n\n\n\n<p>Biologia: an\u00e1lise da estrutura de insetos, ovos, pequenos animais, partes de animais, tecidos e outros.<\/p>\n\n\n\n<p class=\"has-white-color has-text-color\">.<\/p>\n\n\n\n<p>Obs.: As medi\u00e7\u00f5es podem ser&nbsp;relizadas&nbsp;em amostras de tamanho m\u00e1ximo de 27mm em di\u00e2metro (single&nbsp;scan) ou 50mm in di\u00e2metro (offset&nbsp;scan).<\/p>\n","protected":false},"excerpt":{"rendered":"<p>. A\u00a0microtomografia\u00a0computadorizada de raios\u00a0X\u00a0\u00e9 baseada no mesmo princ\u00edpio da tomografia, ou seja, a produ\u00e7\u00e3o de imagens bidimensionais (2D) de se\u00e7\u00f5es internas de um material, formadas pelas diferentes quantidades de radia\u00e7\u00e3o absorvida pelas partes do material. Na\u00a0microtomografia\u00a0emprega-se um fino feixe de raios\u00a0X\u00a0(foco &lt;5\u00b5m) e um sistema de detec\u00e7\u00e3o e alta resolu\u00e7\u00e3o, que pode revelar detalhes morfol\u00f3gicos [&hellip;]<\/p>\n","protected":false},"author":8,"featured_media":0,"parent":0,"menu_order":0,"comment_status":"closed","ping_status":"closed","template":"","meta":{"footnotes":""},"class_list":["post-3918","page","type-page","status-publish","hentry"],"acf":[],"_links":{"self":[{"href":"https:\/\/sites.uel.br\/pdi\/wp-json\/wp\/v2\/pages\/3918","targetHints":{"allow":["GET"]}}],"collection":[{"href":"https:\/\/sites.uel.br\/pdi\/wp-json\/wp\/v2\/pages"}],"about":[{"href":"https:\/\/sites.uel.br\/pdi\/wp-json\/wp\/v2\/types\/page"}],"author":[{"embeddable":true,"href":"https:\/\/sites.uel.br\/pdi\/wp-json\/wp\/v2\/users\/8"}],"replies":[{"embeddable":true,"href":"https:\/\/sites.uel.br\/pdi\/wp-json\/wp\/v2\/comments?post=3918"}],"version-history":[{"count":1,"href":"https:\/\/sites.uel.br\/pdi\/wp-json\/wp\/v2\/pages\/3918\/revisions"}],"predecessor-version":[{"id":3919,"href":"https:\/\/sites.uel.br\/pdi\/wp-json\/wp\/v2\/pages\/3918\/revisions\/3919"}],"wp:attachment":[{"href":"https:\/\/sites.uel.br\/pdi\/wp-json\/wp\/v2\/media?parent=3918"}],"curies":[{"name":"wp","href":"https:\/\/api.w.org\/{rel}","templated":true}]}}