{"id":3916,"date":"2022-12-19T18:25:26","date_gmt":"2022-12-19T21:25:26","guid":{"rendered":"https:\/\/sites.uel.br\/pdi\/?page_id=3916"},"modified":"2022-12-19T18:25:26","modified_gmt":"2022-12-19T21:25:26","slug":"cmlp-larx-lab-psi","status":"publish","type":"page","link":"https:\/\/sites.uel.br\/pdi\/cmlp-larx-lab-psi\/","title":{"rendered":"CMLP &#8211; LARX &#8211; Lab PSI"},"content":{"rendered":"\n<p class=\"has-white-color has-text-color\">.<\/p>\n\n\n\n<p>O Laborat\u00f3rio de Pel\u00edculas, Superf\u00edcies e Interfaces (Lab&nbsp;PSI) \u00e9 um laborat\u00f3rio tem\u00e1tico do LARX preparado para:<\/p>\n\n\n\n<p>Produzir pel\u00edculas de metais e \u00f3xidos met\u00e1licos sobre superf\u00edcies s\u00f3lidas.<\/p>\n\n\n\n<p>Alterar a composi\u00e7\u00e3o e morfologia de superf\u00edcies s\u00f3lidas, pela adi\u00e7\u00e3o de pel\u00edculas.<\/p>\n\n\n\n<p>Criar novas interfaces em superf\u00edcies solidas, pela adi\u00e7\u00e3o de pel\u00edculas.As pel\u00edculas (ou filmes finos) s\u00e3o produzidas por evapora\u00e7\u00e3o t\u00e9rmica do material fonte (metal ou \u00f3xido) em uma c\u00e2mara em v\u00e1cuo, cujo vapor se\u00a0condensa sobre a superf\u00edcie s\u00f3lida (substrato). Podem ser produzidas pel\u00edculas uniformes com espessuras entre 300 a 3.000 angstrons, em um conjunto de pequenos substratos com dimens\u00f5es da ordem de 10&#215;10 cm ou menores.<\/p>\n\n\n\n<p class=\"has-text-color\" style=\"color:#fefefe\">.<\/p>\n\n\n\n<p>Equipamento do\u00a0Lab\u00a0PSI:<\/p>\n\n\n\n<p>Evaporadora marca HHV, modelo auto 300<\/p>\n\n\n\n<p class=\"has-white-color has-text-color\">.<\/p>\n\n\n\n<p>Acess\u00f3rios do\u00a0Lab\u00a0PSI:<\/p>\n\n\n\n<p>2 fontes de evapora\u00e7\u00e3o independentes<\/p>\n\n\n\n<p>Aquecimento do substrato at\u00e9 400\u00baC<\/p>\n\n\n\n<p>Porta-substrato rotativo<\/p>\n\n\n\n<p>Sistema de limpeza de substrato e c\u00e2mara por plasma (glow\u00a0discharge)<\/p>\n\n\n\n<p>1 entrada externa de g\u00e1s, para interior da c\u00e2mara<\/p>\n\n\n\n<p>Sistema de v\u00e1cuo por bomba mec\u00e2nica + bomba difusora<\/p>\n\n\n\n<p>Controle autom\u00e1tico do sistema de v\u00e1cuo (opera\u00e7\u00f5es\u00a0semi-autom\u00e1ticas)<\/p>\n\n\n\n<p>Armadilha (trap) com nitrog\u00eanio l\u00edquido (N2L)<\/p>\n\n\n\n<p>C\u00e2mara de alto v\u00e1cuo retangular com acesso frontal<\/p>\n\n\n\n<p>Janela de visualiza\u00e7\u00e3o na porta da c\u00e2mara<\/p>\n\n\n\n<p>Medidor de espessura de pel\u00edculas in situ, por\u00a0micro-balan\u00e7a\u00a0de cristal de quartzo<\/p>\n","protected":false},"excerpt":{"rendered":"<p>. O Laborat\u00f3rio de Pel\u00edculas, Superf\u00edcies e Interfaces (Lab&nbsp;PSI) \u00e9 um laborat\u00f3rio tem\u00e1tico do LARX preparado para: Produzir pel\u00edculas de metais e \u00f3xidos met\u00e1licos sobre superf\u00edcies s\u00f3lidas. Alterar a composi\u00e7\u00e3o e morfologia de superf\u00edcies s\u00f3lidas, pela adi\u00e7\u00e3o de pel\u00edculas. Criar novas interfaces em superf\u00edcies solidas, pela adi\u00e7\u00e3o de pel\u00edculas.As pel\u00edculas (ou filmes finos) s\u00e3o produzidas [&hellip;]<\/p>\n","protected":false},"author":8,"featured_media":0,"parent":0,"menu_order":0,"comment_status":"closed","ping_status":"closed","template":"","meta":{"footnotes":""},"class_list":["post-3916","page","type-page","status-publish","hentry"],"acf":[],"_links":{"self":[{"href":"https:\/\/sites.uel.br\/pdi\/wp-json\/wp\/v2\/pages\/3916","targetHints":{"allow":["GET"]}}],"collection":[{"href":"https:\/\/sites.uel.br\/pdi\/wp-json\/wp\/v2\/pages"}],"about":[{"href":"https:\/\/sites.uel.br\/pdi\/wp-json\/wp\/v2\/types\/page"}],"author":[{"embeddable":true,"href":"https:\/\/sites.uel.br\/pdi\/wp-json\/wp\/v2\/users\/8"}],"replies":[{"embeddable":true,"href":"https:\/\/sites.uel.br\/pdi\/wp-json\/wp\/v2\/comments?post=3916"}],"version-history":[{"count":1,"href":"https:\/\/sites.uel.br\/pdi\/wp-json\/wp\/v2\/pages\/3916\/revisions"}],"predecessor-version":[{"id":3917,"href":"https:\/\/sites.uel.br\/pdi\/wp-json\/wp\/v2\/pages\/3916\/revisions\/3917"}],"wp:attachment":[{"href":"https:\/\/sites.uel.br\/pdi\/wp-json\/wp\/v2\/media?parent=3916"}],"curies":[{"name":"wp","href":"https:\/\/api.w.org\/{rel}","templated":true}]}}