{"id":3914,"date":"2022-12-19T18:23:24","date_gmt":"2022-12-19T21:23:24","guid":{"rendered":"https:\/\/sites.uel.br\/pdi\/?page_id=3914"},"modified":"2022-12-19T18:23:24","modified_gmt":"2022-12-19T21:23:24","slug":"cmlp-larx-lab-drx","status":"publish","type":"page","link":"https:\/\/sites.uel.br\/pdi\/cmlp-larx-lab-drx\/","title":{"rendered":"CMLP &#8211; LARX &#8211; Lab DRX"},"content":{"rendered":"\n<p class=\"has-text-color\" style=\"color:#fefefe\">.<\/p>\n\n\n\n<p>Medidas e an\u00e1lises poss\u00edveis de serem realizadas no&nbsp;Lab&nbsp;DRX:<\/p>\n\n\n\n<p>Composi\u00e7\u00e3o Qu\u00edmica: identifica\u00e7\u00e3o qualitativa dos elementos compostos qu\u00edmicos presentes na amostra; e, determina\u00e7\u00e3o quantitativa dos elementos e compostos qu\u00edmicos presentes nas amostras (percentuais relativos).<\/p>\n\n\n\n<p>Estrutura Cristalina: identifica\u00e7\u00e3o do grau de\u00a0cristalidade\/amorficidade\u00a0da amostra analisada; determina\u00e7\u00e3o das estruturas cristalinas das fases presentes no material (redes de\u00a0Bravais); e, determina\u00e7\u00e3o dos par\u00e2metros de rede das fases cristalinas da amostra.<\/p>\n\n\n\n<p class=\"has-white-color has-text-color\">.<\/p>\n\n\n\n<p>Equipamento do\u00a0Lab\u00a0DRX:\u00a0<\/p>\n\n\n\n<p>Difra\u00f4metro\u00a0de Raios\u00a0X<\/p>\n\n\n\n<p>Marca:\u00a0PANanalytical<\/p>\n\n\n\n<p>Modelo:\u00a0X\u2019Pert\u00a0PRO MPD<\/p>\n\n\n\n<p>Tubo\/Alvo: Cobre<\/p>\n\n\n\n<p>Detector: c\u00e2mara de ioniza\u00e7\u00e3o; e, detetor de alta resolu\u00e7\u00e3o.<\/p>\n\n\n\n<p class=\"has-white-color has-text-color\">.<\/p>\n\n\n\n<p>Acess\u00f3rios do\u00a0Lab\u00a0DRX:<\/p>\n\n\n\n<p>Trocador autom\u00e1tico de amostras (para p\u00f3)<\/p>\n\n\n\n<p>Forno de alta temperatura (800 graus) para medidas in situ.<\/p>\n","protected":false},"excerpt":{"rendered":"<p>. Medidas e an\u00e1lises poss\u00edveis de serem realizadas no&nbsp;Lab&nbsp;DRX: Composi\u00e7\u00e3o Qu\u00edmica: identifica\u00e7\u00e3o qualitativa dos elementos compostos qu\u00edmicos presentes na amostra; e, determina\u00e7\u00e3o quantitativa dos elementos e compostos qu\u00edmicos presentes nas amostras (percentuais relativos). Estrutura Cristalina: identifica\u00e7\u00e3o do grau de\u00a0cristalidade\/amorficidade\u00a0da amostra analisada; determina\u00e7\u00e3o das estruturas cristalinas das fases presentes no material (redes de\u00a0Bravais); e, determina\u00e7\u00e3o dos [&hellip;]<\/p>\n","protected":false},"author":8,"featured_media":0,"parent":0,"menu_order":0,"comment_status":"closed","ping_status":"closed","template":"","meta":{"footnotes":""},"class_list":["post-3914","page","type-page","status-publish","hentry"],"acf":[],"_links":{"self":[{"href":"https:\/\/sites.uel.br\/pdi\/wp-json\/wp\/v2\/pages\/3914","targetHints":{"allow":["GET"]}}],"collection":[{"href":"https:\/\/sites.uel.br\/pdi\/wp-json\/wp\/v2\/pages"}],"about":[{"href":"https:\/\/sites.uel.br\/pdi\/wp-json\/wp\/v2\/types\/page"}],"author":[{"embeddable":true,"href":"https:\/\/sites.uel.br\/pdi\/wp-json\/wp\/v2\/users\/8"}],"replies":[{"embeddable":true,"href":"https:\/\/sites.uel.br\/pdi\/wp-json\/wp\/v2\/comments?post=3914"}],"version-history":[{"count":1,"href":"https:\/\/sites.uel.br\/pdi\/wp-json\/wp\/v2\/pages\/3914\/revisions"}],"predecessor-version":[{"id":3915,"href":"https:\/\/sites.uel.br\/pdi\/wp-json\/wp\/v2\/pages\/3914\/revisions\/3915"}],"wp:attachment":[{"href":"https:\/\/sites.uel.br\/pdi\/wp-json\/wp\/v2\/media?parent=3914"}],"curies":[{"name":"wp","href":"https:\/\/api.w.org\/{rel}","templated":true}]}}