{"id":3913,"date":"2022-12-19T18:29:12","date_gmt":"2022-12-19T21:29:12","guid":{"rendered":"https:\/\/sites.uel.br\/pdi\/?page_id=3913"},"modified":"2022-12-19T18:29:12","modified_gmt":"2022-12-19T21:29:12","slug":"cmlp-larx","status":"publish","type":"page","link":"https:\/\/sites.uel.br\/pdi\/cmlp-larx\/","title":{"rendered":"CMLP &#8211; LARX"},"content":{"rendered":"\n<p class=\"has-white-color has-text-color\">.<\/p>\n\n\n\n<p>O LARX \u00e9 constitu\u00eddo por 4 laborat\u00f3rios de t\u00e9cnicas (Lab&nbsp;DRX,&nbsp;Lab&nbsp;uTM,&nbsp;Lab&nbsp;PSI,&nbsp;Lab&nbsp;FRX), os quais prestam servi\u00e7os de an\u00e1lises qu\u00edmicas e f\u00edsicas de materiais e consultorias para institui\u00e7\u00f5es e empresas p\u00fablicas e privadas. O LARX possui como miss\u00e3o:<\/p>\n\n\n\n<p>Disponibilizar \u00e0 comunidade acad\u00eamica da UEL e de outras institui\u00e7\u00f5es de ensino e pesquisa, laborat\u00f3rios de an\u00e1lises de materiais por t\u00e9cnicas n\u00e3o destrutivas de Raios\u00a0X.<\/p>\n\n\n\n<p>Disponibilizar ao setor produtivo (ind\u00fastrias e empresas) servi\u00e7os de an\u00e1lises de materiais por t\u00e9cnicas de Raios\u00a0X.<\/p>\n\n\n\n<p>Disponibilizar \u00e0 Comunidade Acad\u00eamica e ao setor produtivo um laborat\u00f3rio para produ\u00e7\u00e3o de pel\u00edculas ultrafinas (filmes finos) em alto v\u00e1cuo.<\/p>\n\n\n\n<p class=\"has-white-color has-text-color\">.<\/p>\n\n\n\n<div class=\"wp-block-columns is-not-stacked-on-mobile is-layout-flex wp-container-core-columns-is-layout-9d6595d7 wp-block-columns-is-layout-flex\">\n<div class=\"wp-block-column is-layout-flow wp-block-column-is-layout-flow\">\n<figure class=\"wp-block-gallery has-nested-images columns-default is-cropped wp-block-gallery-1 is-layout-flex wp-block-gallery-is-layout-flex\">\n<figure class=\"wp-block-image size-large\"><a href=\"https:\/\/sites.uel.br\/pdi\/cmlp-larx-lab-drx\/\"><img loading=\"lazy\" decoding=\"async\" width=\"1024\" height=\"572\" data-id=\"3892\" src=\"https:\/\/sites.uel.br\/pdi\/wp-content\/uploads\/2022\/12\/CENTRAL03-A-LABDRX-1024x572.png\" alt=\"\" class=\"wp-image-3892\" srcset=\"https:\/\/sites.uel.br\/pdi\/wp-content\/uploads\/2022\/12\/CENTRAL03-A-LABDRX-1024x572.png 1024w, https:\/\/sites.uel.br\/pdi\/wp-content\/uploads\/2022\/12\/CENTRAL03-A-LABDRX-300x168.png 300w, https:\/\/sites.uel.br\/pdi\/wp-content\/uploads\/2022\/12\/CENTRAL03-A-LABDRX-768x429.png 768w, https:\/\/sites.uel.br\/pdi\/wp-content\/uploads\/2022\/12\/CENTRAL03-A-LABDRX-1536x858.png 1536w, https:\/\/sites.uel.br\/pdi\/wp-content\/uploads\/2022\/12\/CENTRAL03-A-LABDRX.png 1987w\" sizes=\"auto, (max-width: 1024px) 100vw, 1024px\" \/><\/a><\/figure>\n<\/figure>\n<\/div>\n\n\n\n<div class=\"wp-block-column is-layout-flow wp-block-column-is-layout-flow\">\n<figure class=\"wp-block-gallery has-nested-images columns-default is-cropped wp-block-gallery-2 is-layout-flex wp-block-gallery-is-layout-flex\">\n<figure class=\"wp-block-image size-large\"><a href=\"https:\/\/sites.uel.br\/pdi\/cmlp-larx-lab-psi\/\"><img loading=\"lazy\" decoding=\"async\" width=\"1024\" height=\"572\" data-id=\"3893\" src=\"https:\/\/sites.uel.br\/pdi\/wp-content\/uploads\/2022\/12\/CENTRAL03-B-LABPSI-1024x572.png\" alt=\"\" class=\"wp-image-3893\" srcset=\"https:\/\/sites.uel.br\/pdi\/wp-content\/uploads\/2022\/12\/CENTRAL03-B-LABPSI-1024x572.png 1024w, https:\/\/sites.uel.br\/pdi\/wp-content\/uploads\/2022\/12\/CENTRAL03-B-LABPSI-300x168.png 300w, https:\/\/sites.uel.br\/pdi\/wp-content\/uploads\/2022\/12\/CENTRAL03-B-LABPSI-768x429.png 768w, https:\/\/sites.uel.br\/pdi\/wp-content\/uploads\/2022\/12\/CENTRAL03-B-LABPSI-1536x858.png 1536w, https:\/\/sites.uel.br\/pdi\/wp-content\/uploads\/2022\/12\/CENTRAL03-B-LABPSI.png 1987w\" sizes=\"auto, (max-width: 1024px) 100vw, 1024px\" \/><\/a><\/figure>\n<\/figure>\n<\/div>\n\n\n\n<div class=\"wp-block-column is-layout-flow wp-block-column-is-layout-flow\">\n<figure class=\"wp-block-gallery has-nested-images columns-default is-cropped wp-block-gallery-3 is-layout-flex wp-block-gallery-is-layout-flex\">\n<figure class=\"wp-block-image size-large\"><a href=\"https:\/\/sites.uel.br\/pdi\/cmlp-larx-lab-utm\/\"><img loading=\"lazy\" decoding=\"async\" width=\"1024\" height=\"572\" data-id=\"3889\" src=\"https:\/\/sites.uel.br\/pdi\/wp-content\/uploads\/2022\/12\/CENTRAL-03-LABUTM-1024x572.png\" alt=\"\" class=\"wp-image-3889\" srcset=\"https:\/\/sites.uel.br\/pdi\/wp-content\/uploads\/2022\/12\/CENTRAL-03-LABUTM-1024x572.png 1024w, https:\/\/sites.uel.br\/pdi\/wp-content\/uploads\/2022\/12\/CENTRAL-03-LABUTM-300x168.png 300w, https:\/\/sites.uel.br\/pdi\/wp-content\/uploads\/2022\/12\/CENTRAL-03-LABUTM-768x429.png 768w, https:\/\/sites.uel.br\/pdi\/wp-content\/uploads\/2022\/12\/CENTRAL-03-LABUTM-1536x858.png 1536w, https:\/\/sites.uel.br\/pdi\/wp-content\/uploads\/2022\/12\/CENTRAL-03-LABUTM.png 1987w\" sizes=\"auto, (max-width: 1024px) 100vw, 1024px\" \/><\/a><\/figure>\n<\/figure>\n<\/div>\n<\/div>\n\n\n\n<div class=\"wp-block-columns is-not-stacked-on-mobile is-layout-flex wp-container-core-columns-is-layout-9d6595d7 wp-block-columns-is-layout-flex\">\n<div class=\"wp-block-column is-layout-flow wp-block-column-is-layout-flow\">\n<figure class=\"wp-block-gallery has-nested-images columns-default is-cropped wp-block-gallery-4 is-layout-flex wp-block-gallery-is-layout-flex\">\n<figure class=\"wp-block-image size-large\"><a href=\"https:\/\/sites.uel.br\/pdi\/cmlp-larx-lab-frx\/\"><img loading=\"lazy\" decoding=\"async\" width=\"1024\" height=\"572\" data-id=\"3894\" src=\"https:\/\/sites.uel.br\/pdi\/wp-content\/uploads\/2022\/12\/CENTRAL03-C-LABFRX-1024x572.png\" alt=\"\" class=\"wp-image-3894\" srcset=\"https:\/\/sites.uel.br\/pdi\/wp-content\/uploads\/2022\/12\/CENTRAL03-C-LABFRX-1024x572.png 1024w, https:\/\/sites.uel.br\/pdi\/wp-content\/uploads\/2022\/12\/CENTRAL03-C-LABFRX-300x168.png 300w, https:\/\/sites.uel.br\/pdi\/wp-content\/uploads\/2022\/12\/CENTRAL03-C-LABFRX-768x429.png 768w, https:\/\/sites.uel.br\/pdi\/wp-content\/uploads\/2022\/12\/CENTRAL03-C-LABFRX-1536x858.png 1536w, https:\/\/sites.uel.br\/pdi\/wp-content\/uploads\/2022\/12\/CENTRAL03-C-LABFRX.png 1987w\" sizes=\"auto, (max-width: 1024px) 100vw, 1024px\" \/><\/a><\/figure>\n<\/figure>\n<\/div>\n\n\n\n<div class=\"wp-block-column is-layout-flow wp-block-column-is-layout-flow\"><\/div>\n\n\n\n<div class=\"wp-block-column is-layout-flow wp-block-column-is-layout-flow\"><\/div>\n<\/div>\n","protected":false},"excerpt":{"rendered":"<p>. O LARX \u00e9 constitu\u00eddo por 4 laborat\u00f3rios de t\u00e9cnicas (Lab&nbsp;DRX,&nbsp;Lab&nbsp;uTM,&nbsp;Lab&nbsp;PSI,&nbsp;Lab&nbsp;FRX), os quais prestam servi\u00e7os de an\u00e1lises qu\u00edmicas e f\u00edsicas de materiais e consultorias para institui\u00e7\u00f5es e empresas p\u00fablicas e privadas. O LARX possui como miss\u00e3o: Disponibilizar \u00e0 comunidade acad\u00eamica da UEL e de outras institui\u00e7\u00f5es de ensino e pesquisa, laborat\u00f3rios de an\u00e1lises de materiais [&hellip;]<\/p>\n","protected":false},"author":8,"featured_media":0,"parent":0,"menu_order":0,"comment_status":"closed","ping_status":"closed","template":"","meta":{"footnotes":""},"class_list":["post-3913","page","type-page","status-publish","hentry"],"acf":[],"_links":{"self":[{"href":"https:\/\/sites.uel.br\/pdi\/wp-json\/wp\/v2\/pages\/3913","targetHints":{"allow":["GET"]}}],"collection":[{"href":"https:\/\/sites.uel.br\/pdi\/wp-json\/wp\/v2\/pages"}],"about":[{"href":"https:\/\/sites.uel.br\/pdi\/wp-json\/wp\/v2\/types\/page"}],"author":[{"embeddable":true,"href":"https:\/\/sites.uel.br\/pdi\/wp-json\/wp\/v2\/users\/8"}],"replies":[{"embeddable":true,"href":"https:\/\/sites.uel.br\/pdi\/wp-json\/wp\/v2\/comments?post=3913"}],"version-history":[{"count":1,"href":"https:\/\/sites.uel.br\/pdi\/wp-json\/wp\/v2\/pages\/3913\/revisions"}],"predecessor-version":[{"id":3922,"href":"https:\/\/sites.uel.br\/pdi\/wp-json\/wp\/v2\/pages\/3913\/revisions\/3922"}],"wp:attachment":[{"href":"https:\/\/sites.uel.br\/pdi\/wp-json\/wp\/v2\/media?parent=3913"}],"curies":[{"name":"wp","href":"https:\/\/api.w.org\/{rel}","templated":true}]}}